{"id":9654,"date":"2021-02-17T16:54:44","date_gmt":"2021-02-17T15:54:44","guid":{"rendered":"http:\/\/sviluppo.grandaffi.it\/privacy-policy\/"},"modified":"2021-02-17T16:54:44","modified_gmt":"2021-02-17T15:54:44","slug":"privacy-policy","status":"publish","type":"page","link":"https:\/\/grandaffi.it\/de\/privacy-policy\/","title":{"rendered":"Privacy policy"},"content":{"rendered":"\n<h2 class=\"wp-block-heading\">Chi siamo<\/h2>\n\n\n\n<p>L&#8217;indirizzo del nostro sito web \u00e8: https:\/\/grandaffi.it.<\/p>\n\n\n\n<h3 class=\"wp-block-heading\">Quali dati personali raccogliamo e perch\u00e9 li raccogliamo<\/h3>\n\n\n\n<p>Informativa resa ai senti dell&#8217;art. 13 del Regolamento UE 2016\/679 (per brevit\u00e0 Regolamento), agli utenti che accedono al sito&nbsp;<a href=\"https:\/\/grandaffi.it\/\">grandaffi.it<\/a><a href=\"https:\/\/grandaffi.it\/\"><\/a><\/p>\n\n\n\n<p>L&#8217;informativa contiene:<\/p>\n\n\n\n<ul class=\"wp-block-list\">\n<li>La natura delle informazioni personali trattate;<\/li>\n\n\n\n<li>le finalit\u00e0 e le basi giuridiche del trattamento delle informazioni personali (art. 13.1.c e 13.1.d del Regolamento);<\/li>\n\n\n\n<li>l&#8217;identit\u00e0 e i dati di contatto del titolare del trattamento dei dati (art. 13.1a e 13.1.b del Regolamento);<\/li>\n\n\n\n<li>il periodo di conservazione delle informazioni personali (art. 13.2.a del Regolamento);<\/li>\n\n\n\n<li>la natura del conferimento dei dati e le conseguenze di un eventuale rifiuto (art. 13.2.e del Regolamento);<\/li>\n\n\n\n<li>i diritti degli utenti (art. 13.2.b, 13.2.c e 13.2.d del Regolamento).<\/li>\n<\/ul>\n\n\n\n<p class=\"has-medium-font-size\"><strong>TITOLARE DEL TRATTAMENTO DEI DATI<\/strong><\/p>\n\n\n\n<p class=\"has-medium-font-size\">Il titolare del trattamento \u00e8 Consorzio Operatori Grand&#8217;Affi Shopping Center, Localit\u00e0 Canove, 37010 Affi (VR), Cod.fisc.\/P.IVa 02642470237.<\/p>\n\n\n\n<p>I suoi dati di contatto sono&nbsp;<a href=\"mailto:eventi@grandaffi.it\">eventi@grandaffi.it<\/a><\/p>\n\n\n\n<p><strong>TIPI DI DATI TRATTATI, BASE GIURIDICA E FINALITA&#8216; DEL TRATTAMENTO<\/strong><\/p>\n\n\n\n<p><strong>Dati di navigazione<\/strong><\/p>\n\n\n\n<p>Il sito raccoglie alcuni dati personali, la cui trasmissione \u00e8 implicita nell&#8217;uso dei protocolli di comunicazione di Internet. Si tratta di informazioni che non sono raccolte per essere associate a interessati identificati, ma che per loro stessa natura potrebbero, attraverso elaborazioni ed associazioni con dati detenuti da terzi, permettere di identificare l&#8217;utente. In questa categoria di dati rientrano gli indirizzi IP o i nomi a dominio dei computer utilizzati dall&#8217;utente che si connette al sito, gli indirizzi IP o i nomi a dominio dei computer utilizzati dall&#8217;utente che si connette al sito, gli indirizzi in notazione URI (Uniform Resource Identifier) delle risorse richieste, l&#8217;orario della richiesta, il metodo utilizzato nel sottoporre la richiesta al server, la dimensione del file ottenuto in risposta, il codice numerico indicante lo stato della risposta data dal server (buon fine, errore, ecc.) ed altri parametri relativi al sistema operativo e all&#8217;ambiente informatico dell&#8217;utente. Questi dati vengono utilizzati al solo fine di ricavare informazioni statistiche sull&#8217;uso del sito e per controllarne il corretto funzionamento. I dati potrebbero essere utilizzati per l&#8217;accertamento di responsabilit\u00e0 in caso di ipotetici reati informatici ai danni del sito.<\/p>\n\n\n\n<p><strong>Dati forniti volontariamente dall&#8217;utente<\/strong><\/p>\n\n\n\n<p>L&#8217;invio facoltativo, esplicito e volontario di messaggi utilizzando il servizio &#8222;Contattaci&#8220; presente sul sito o inviando messaggi di posta elettronica all&#8217;indirizzo della societ\u00e0, comporta la successiva acquisizione dell&#8217;indirizzo del mittente, necessario per rispondere alle richieste, nonch\u00e9 degli eventuali altri dati personali inseriti nella richiesta. La base giuridica di questo trattamento \u00e8 l&#8217;art. 6.1.b del Regolamento, ossia l&#8217;esecuzione di misure richieste dall&#8217;utente.<\/p>\n\n\n\n<p><strong>Registrazione al sito<\/strong><\/p>\n\n\n\n<p>La registrazione di un account comporta l&#8217;inserimento di alcuni dati personali che devono essere veri e accurati. I dati da inserire obbligatoriamente sono indicati chiaramente, gli altri dati sono inseriti volontariamente ed il mancato inserimento non comporta alcuna conseguenza. L&#8217;utente \u00e8 invitato a mantenere aggiornati questi dati accedendo all&#8217;account personale. La base giuridica di questo trattamento \u00e8 l&#8217;art. 6.1.b del Regolamento, ossia l&#8217;esecuzione di misure richieste dall&#8217;utente. L&#8217;utente che sceglie di attivare l&#8217;account tramite social media, deve essere consapevole che il sito (o la APP), possono raccogliere alcuni dati che l&#8217;utente ha gi\u00e0 fornito a tale social media (ad es. indirizzo e-mail e profilo pubblico). Il titolare del trattamento non ha alcun controllo sul social media e non stabilisce i privacy settings del social media. L&#8217;utente deve quindi fare riferimento alla privacy policy del social media che utilizza.<\/p>\n\n\n\n<p><strong>Newsletter e comunicazioni commerciali<\/strong><\/p>\n\n\n\n<p>L&#8217;utente pu\u00f2 scegliere volontariamente di ricevere newsletter e comunicazioni commerciali. Il sito chiede un consenso esplicito e libero prima di intraprendere iniziative promozionali di questo tipo e pu\u00f2 chiedere all&#8217;utente informazioni aggiuntive in modo da creare il suo consenso che \u00e8 la base giuridica di questo trattamento (art. 6.1.a del Regolamento).<\/p>\n\n\n\n<p><strong>Acquisti online<\/strong><\/p>\n\n\n\n<p>In caso di ordine, il sito chiede all&#8217;utente di fornire dati personali allo scopo essenziale di erogare il servizio o il bene acquistato, compresa anche la fase di post-vendita (es. tracciamento della consegna, servizi di assistenza, customer satisfaction) e le attivit\u00e0 di prevenzione di frodi ed utilizzi indebiti del sito. La base giuridica del trattamento \u00e8 l&#8217;adempimento delle obbligazioni contrattuali (art. 6.1.b del Regolamento). Per i pagamenti, il sito si avvale di fornitori terzi e non conserva informazioni bancarie appartenenti all&#8217;utente. Il titolare del trattamento non ha alcun controllo sul fornitore di tale tipo di servizio e l&#8217;utente deve quindi fare riferimento alla privacy policy e ai termini di servizio di tale provider.<\/p>\n\n\n\n<p><strong>Profilazione<\/strong><\/p>\n\n\n\n<p>La finalit\u00e0 di profilazione \u00e8 quella di proporre prodotti, servizi e iniziative pi\u00f9 adeguate alle preferenze, alle abitudini e agli interessi degli utenti. I dati personali possono essere utilizzati per finalit\u00e0 di remarketing, retargeting o profilazione anche tramite terze parti (ad es. social network). Per quanto riguarda gli utenti del sito \u00e8 nell&#8217;interesse legittimo del sito trattare dati personali per offrire servizi pi\u00f9 interessanti e personalizzati migliorando le prestazioni del sito stesso.<\/p>\n\n\n\n<p><strong>Minori<\/strong><\/p>\n\n\n\n<p>Il sito invita i genitori e tutti coloro che vigilano sui minori a istruirli su come trattare i dati personali su internet in modo sicuro e responsabile. I minori non devono trasmettere dati personali al sito senza il consenso dei loro genitori. Il sito si impegna a non raccogliere intenzionalmente i dati personali di minori, a non utilizzarli in alcun modo e a non comunicarli a terzi.<\/p>\n\n\n\n<p><strong>Cookies<\/strong><\/p>\n\n\n\n<p>La cookie policy si trova a questo link:&nbsp;<a href=\"https:\/\/grandaffi.it\/affi2018\/it\/cookies.html\">grandaffi.it<\/a><\/p>\n\n\n\n<p><strong>CONDIVISIONE E TRASFERIMENTO DATI<\/strong><\/p>\n\n\n\n<p>Il titolare pu\u00f2 trasferire dati personali dell&#8217;utente a soggetti terzi qualificati come data processor o responsabili del trattamento dei dati per svolgere operazioni tecniche necessarie ad eseguire le prestazioni collegate alla miglior gestione del sito (ad esempio fornitori di servizi informatici, fornitori di servizi di assistenza clienti, fornitori di servizi di pagamento). In tali casi la comunicazione dei dati \u00e8 indispensabile per soddisfare gli impegni contrattuali e per migliorare le prestazioni del sito. Il titolare si impegna tramite accordi per il trattamento dei dati, affinch\u00e9 i responsabili gestiscano i dati in modo adeguato e sicuro. L&#8217;utente pu\u00f2 richiedere l&#8217;elenco dei responsabili usando l&#8217;e-mail del titolare del trattamento. Inoltre, il titolare pu\u00f2 essere tenuto a condividere i dati personali dell&#8217;utente quando richiesto dalla legge o da un ordine della pubblica autorit\u00e0 o per tutelare un proprio diritto o un diritto di terze parti. Il titolare non trasferisce i dati fuori dall&#8217;Unione Europea.<\/p>\n\n\n\n<p><strong>Siti di terze parti<\/strong><\/p>\n\n\n\n<p>Questa informativa non riguarda altri siti o piattaforme a cui il sito possa collegarsi (es. banner, messaggi pubblicitari e altri collegamenti a siti o piattaforme di terze parti) a cui si invita a fare riferimento leggendo le relative privacy policy.<\/p>\n\n\n\n<p><strong>MISURE DI SICUREZZA<\/strong><\/p>\n\n\n\n<p>Specifiche misure di sicurezza sono osservate per prevenire la perdita dei dati, usi illeciti o non corretti ed accessi non autorizzati.<\/p>\n\n\n\n<p><strong>PERIODO DI CONSERVAZIONI DEI DATI<\/strong><\/p>\n\n\n\n<p>Il titolare memorizza dati personali per il tempo necessario a fornire all&#8217;utente i servizi richiesti o ad adempiere ad obblighi legali o fiscali o per il periodo minimo previsto dalla legge. Al fine di determinare il periodo appropriato di conservazione dei dati personali memorizzati dal sito su consenso dell&#8217;utente, il titolare prende in considerazione anche i seguenti criteri: le specifiche finalit\u00e0 esplicitate nell&#8217;informativa per le quali il sito archivia le informazioni personali; il tipo di rapporto in corso con l&#8217;utente (con quale frequenza l&#8217;utente accede al proprio account, se l&#8217;utente fa richieste tramite form di contatto, se l&#8217;utente continua a ricevere newsletter o comunicazioni commerciali, quanto regolarmente naviga sul sito, ecc.); qualsiasi richiesta specifica dell&#8217;utente di cancellazione dei propri dati o di revoca del consenso; l&#8217;interesse legittimo commerciale del titolare del trattamento. Il sito canceller\u00e0 o render\u00e0 anonimi prontamente i dati personali la cui memorizzazione non \u00e8 pi\u00f9 necessaria in base alla legge.<\/p>\n\n\n\n<p><strong>CONFERIMENTO DEI DATI<\/strong><\/p>\n\n\n\n<p>A parte quanto specificato per i dati di navigazione, l&#8217;utente pu\u00f2 liberamente conferire i propri dati per il tramite di form di contatto o per ricevere comunicazioni promozionali o per acquistare beni o servizi ed il loro mancato conferimento pu\u00f2 comportare l&#8217;impossibilit\u00e0 di ottenere quanto richiesto. All&#8217;interno dei vari form \u00e8 sempre specificato quali dati sono obbligatori per poter dare riscontro a quanto richiesto dall&#8217;utente.<\/p>\n\n\n\n<p><strong>DIRITTI DEGLI INTERESSATI<\/strong><\/p>\n\n\n\n<p>L&#8217;utente ha il diritto di ricevere conferma riguardo all&#8217;eventuale esistenza di suoi dati personali trattati dal titolare del trattamento.<\/p>\n\n\n\n<p>In tal caso, ai sensi del Regolamento, l&#8217;utente il diritto di:<\/p>\n\n\n\n<ul class=\"wp-block-list\">\n<li>essere informato sulla raccolta e l&#8217;uso delle proprie informazioni personali;<\/li>\n\n\n\n<li>accedere alle sue informazioni personali senza alcun costo;<\/li>\n\n\n\n<li>ottenere la rettifica o il completamento di informazioni personali imprecise o incomplete;<\/li>\n\n\n\n<li>ottenere la cancellazione delle informazioni personali;<\/li>\n\n\n\n<li>in condizioni specifiche, ottenere la limitazione o la cancellazione delle proprie informazioni personali;<\/li>\n\n\n\n<li>ottenere e riutilizzare le proprie informazioni personali per proprie finalit\u00e0 tra diversi servizi quando il trattamento \u00e8 basato su un contratto o sul consenso e viene eseguito automaticamente (&#8222;il diritto alla portabilit\u00e0 dei dati&#8220;);<\/li>\n\n\n\n<li>in condizioni specifiche, opporsi al trattamento delle loro informazioni personali;<\/li>\n\n\n\n<li>il diritto di presentare reclami relativi alla raccolta e al trattamento di informazioni personali all&#8217;autorit\u00e0 Garante competente;<\/li>\n\n\n\n<li>il diritto di revocare il consenso al trattamento dei dati personali in qualsiasi momento, salva la liceit\u00e0 del trattamento svolto fino a quel momento sulla base del consenso revocato.<\/li>\n<\/ul>\n\n\n\n<p>Per ogni informazione, si invita l&#8217;utente a consultare il sito Internet dell&#8217;Autorit\u00e0 Garante per la protezione dei dati personali &#8211;&nbsp;<a href=\"https:\/\/www.garanteprivacy.it\/\">www.garanteprivacy.it<\/a>&nbsp;&#8211; dove trover\u00e0 una sezione dedicata a tali diritti.<\/p>\n\n\n\n<p><strong>MODIFICHE DELL&#8217;INFORMATIVA<\/strong><\/p>\n\n\n\n<p>\u00a9 2021 Consorzio Operatori Grand\u2019Affi Shopping Center Loc. Canove 37010 \u2013 AFFI (Verona) IT 02642470237<\/p>\n","protected":false},"excerpt":{"rendered":"<p>Chi siamo L&#8217;indirizzo del nostro sito web \u00e8: https:\/\/grandaffi.it. Quali dati personali raccogliamo e perch\u00e9 li raccogliamo Informativa resa ai senti dell&#8217;art. 13 del Regolamento UE 2016\/679 (per brevit\u00e0 Regolamento), agli utenti che accedono al sito&nbsp;grandaffi.it L&#8217;informativa contiene: TITOLARE DEL TRATTAMENTO DEI DATI Il titolare del trattamento \u00e8 Consorzio Operatori Grand&#8217;Affi Shopping Center, Localit\u00e0 Canove, 37010 Affi (VR), Cod.fisc.\/P.IVa 02642470237.&hellip;<\/p>\n","protected":false},"author":1,"featured_media":0,"parent":0,"menu_order":0,"comment_status":"closed","ping_status":"open","template":"","meta":{"_acf_changed":false,"footnotes":""},"class_list":["post-9654","page","type-page","status-publish","hentry"],"acf":[],"yoast_head":"<!-- This site is optimized with the Yoast SEO plugin v26.7 - https:\/\/yoast.com\/wordpress\/plugins\/seo\/ -->\n<title>Privacy policy - Grand&#039;Affi Shopping Center<\/title>\n<meta name=\"robots\" content=\"index, follow, max-snippet:-1, max-image-preview:large, max-video-preview:-1\" \/>\n<link rel=\"canonical\" href=\"https:\/\/grandaffi.it\/de\/privacy-policy\/\" \/>\n<meta property=\"og:locale\" content=\"de_DE\" \/>\n<meta property=\"og:type\" content=\"article\" \/>\n<meta property=\"og:title\" content=\"Privacy policy - Grand&#039;Affi Shopping Center\" \/>\n<meta property=\"og:description\" content=\"Chi siamo L&#8217;indirizzo del nostro sito web \u00e8: https:\/\/grandaffi.it. Quali dati personali raccogliamo e perch\u00e9 li raccogliamo Informativa resa ai senti dell&#8217;art. 13 del Regolamento UE 2016\/679 (per brevit\u00e0 Regolamento), agli utenti che accedono al sito&nbsp;grandaffi.it L&#8217;informativa contiene: TITOLARE DEL TRATTAMENTO DEI DATI Il titolare del trattamento \u00e8 Consorzio Operatori Grand&#8217;Affi Shopping Center, Localit\u00e0 Canove, 37010 Affi (VR), Cod.fisc.\/P.IVa 02642470237.&hellip;\" \/>\n<meta property=\"og:url\" content=\"https:\/\/grandaffi.it\/de\/privacy-policy\/\" \/>\n<meta property=\"og:site_name\" content=\"Grand&#039;Affi Shopping Center\" \/>\n<meta property=\"article:publisher\" content=\"https:\/\/www.facebook.com\/GrandAffiShoppingCenter\" \/>\n<meta property=\"og:image\" content=\"https:\/\/grandaffi.it\/wp-content\/uploads\/2025\/07\/logo-grandaffi-30.png\" \/>\n\t<meta property=\"og:image:width\" content=\"1546\" \/>\n\t<meta property=\"og:image:height\" content=\"718\" \/>\n\t<meta property=\"og:image:type\" content=\"image\/png\" \/>\n<meta name=\"twitter:card\" content=\"summary_large_image\" \/>\n<meta name=\"twitter:site\" content=\"@grandaffi\" \/>\n<meta name=\"twitter:label1\" content=\"Gesch\u00e4tzte Lesezeit\" \/>\n\t<meta name=\"twitter:data1\" content=\"8\u00a0Minuten\" \/>\n<script type=\"application\/ld+json\" class=\"yoast-schema-graph\">{\"@context\":\"https:\/\/schema.org\",\"@graph\":[{\"@type\":\"WebPage\",\"@id\":\"https:\/\/grandaffi.it\/de\/privacy-policy\/\",\"url\":\"https:\/\/grandaffi.it\/de\/privacy-policy\/\",\"name\":\"Privacy policy - Grand&#039;Affi Shopping Center\",\"isPartOf\":{\"@id\":\"https:\/\/grandaffi.it\/de\/#website\"},\"datePublished\":\"2021-02-17T15:54:44+00:00\",\"breadcrumb\":{\"@id\":\"https:\/\/grandaffi.it\/de\/privacy-policy\/#breadcrumb\"},\"inLanguage\":\"de\",\"potentialAction\":[{\"@type\":\"ReadAction\",\"target\":[\"https:\/\/grandaffi.it\/de\/privacy-policy\/\"]}]},{\"@type\":\"BreadcrumbList\",\"@id\":\"https:\/\/grandaffi.it\/de\/privacy-policy\/#breadcrumb\",\"itemListElement\":[{\"@type\":\"ListItem\",\"position\":1,\"name\":\"Home\",\"item\":\"https:\/\/grandaffi.it\/de\/\"},{\"@type\":\"ListItem\",\"position\":2,\"name\":\"Privacy policy\"}]},{\"@type\":\"WebSite\",\"@id\":\"https:\/\/grandaffi.it\/de\/#website\",\"url\":\"https:\/\/grandaffi.it\/de\/\",\"name\":\"Grand'Affi Shopping Center\",\"description\":\"Il centro commerciale su misura per te\",\"publisher\":{\"@id\":\"https:\/\/grandaffi.it\/de\/#organization\"},\"alternateName\":\"Il centro commerciale di Verona\",\"potentialAction\":[{\"@type\":\"SearchAction\",\"target\":{\"@type\":\"EntryPoint\",\"urlTemplate\":\"https:\/\/grandaffi.it\/de\/?s={search_term_string}\"},\"query-input\":{\"@type\":\"PropertyValueSpecification\",\"valueRequired\":true,\"valueName\":\"search_term_string\"}}],\"inLanguage\":\"de\"},{\"@type\":\"Organization\",\"@id\":\"https:\/\/grandaffi.it\/de\/#organization\",\"name\":\"Grand'Affi Shopping Center\",\"url\":\"https:\/\/grandaffi.it\/de\/\",\"logo\":{\"@type\":\"ImageObject\",\"inLanguage\":\"de\",\"@id\":\"https:\/\/grandaffi.it\/de\/#\/schema\/logo\/image\/\",\"url\":\"https:\/\/grandaffi.it\/wp-content\/uploads\/2025\/07\/logo-grandaffi-30.png\",\"contentUrl\":\"https:\/\/grandaffi.it\/wp-content\/uploads\/2025\/07\/logo-grandaffi-30.png\",\"width\":1546,\"height\":718,\"caption\":\"Grand'Affi Shopping Center\"},\"image\":{\"@id\":\"https:\/\/grandaffi.it\/de\/#\/schema\/logo\/image\/\"},\"sameAs\":[\"https:\/\/www.facebook.com\/GrandAffiShoppingCenter\",\"https:\/\/x.com\/grandaffi\",\"https:\/\/www.instagram.com\/grand_affi_shopping_center\/?hl=it\"]}]}<\/script>\n<!-- \/ Yoast SEO plugin. -->","yoast_head_json":{"title":"Privacy policy - Grand&#039;Affi Shopping Center","robots":{"index":"index","follow":"follow","max-snippet":"max-snippet:-1","max-image-preview":"max-image-preview:large","max-video-preview":"max-video-preview:-1"},"canonical":"https:\/\/grandaffi.it\/de\/privacy-policy\/","og_locale":"de_DE","og_type":"article","og_title":"Privacy policy - Grand&#039;Affi Shopping Center","og_description":"Chi siamo L&#8217;indirizzo del nostro sito web \u00e8: https:\/\/grandaffi.it. Quali dati personali raccogliamo e perch\u00e9 li raccogliamo Informativa resa ai senti dell&#8217;art. 13 del Regolamento UE 2016\/679 (per brevit\u00e0 Regolamento), agli utenti che accedono al sito&nbsp;grandaffi.it L&#8217;informativa contiene: TITOLARE DEL TRATTAMENTO DEI DATI Il titolare del trattamento \u00e8 Consorzio Operatori Grand&#8217;Affi Shopping Center, Localit\u00e0 Canove, 37010 Affi (VR), Cod.fisc.\/P.IVa 02642470237.&hellip;","og_url":"https:\/\/grandaffi.it\/de\/privacy-policy\/","og_site_name":"Grand&#039;Affi Shopping Center","article_publisher":"https:\/\/www.facebook.com\/GrandAffiShoppingCenter","og_image":[{"width":1546,"height":718,"url":"https:\/\/grandaffi.it\/wp-content\/uploads\/2025\/07\/logo-grandaffi-30.png","type":"image\/png"}],"twitter_card":"summary_large_image","twitter_site":"@grandaffi","twitter_misc":{"Gesch\u00e4tzte Lesezeit":"8\u00a0Minuten"},"schema":{"@context":"https:\/\/schema.org","@graph":[{"@type":"WebPage","@id":"https:\/\/grandaffi.it\/de\/privacy-policy\/","url":"https:\/\/grandaffi.it\/de\/privacy-policy\/","name":"Privacy policy - Grand&#039;Affi Shopping Center","isPartOf":{"@id":"https:\/\/grandaffi.it\/de\/#website"},"datePublished":"2021-02-17T15:54:44+00:00","breadcrumb":{"@id":"https:\/\/grandaffi.it\/de\/privacy-policy\/#breadcrumb"},"inLanguage":"de","potentialAction":[{"@type":"ReadAction","target":["https:\/\/grandaffi.it\/de\/privacy-policy\/"]}]},{"@type":"BreadcrumbList","@id":"https:\/\/grandaffi.it\/de\/privacy-policy\/#breadcrumb","itemListElement":[{"@type":"ListItem","position":1,"name":"Home","item":"https:\/\/grandaffi.it\/de\/"},{"@type":"ListItem","position":2,"name":"Privacy policy"}]},{"@type":"WebSite","@id":"https:\/\/grandaffi.it\/de\/#website","url":"https:\/\/grandaffi.it\/de\/","name":"Grand'Affi Shopping Center","description":"Il centro commerciale su misura per te","publisher":{"@id":"https:\/\/grandaffi.it\/de\/#organization"},"alternateName":"Il centro commerciale di Verona","potentialAction":[{"@type":"SearchAction","target":{"@type":"EntryPoint","urlTemplate":"https:\/\/grandaffi.it\/de\/?s={search_term_string}"},"query-input":{"@type":"PropertyValueSpecification","valueRequired":true,"valueName":"search_term_string"}}],"inLanguage":"de"},{"@type":"Organization","@id":"https:\/\/grandaffi.it\/de\/#organization","name":"Grand'Affi Shopping Center","url":"https:\/\/grandaffi.it\/de\/","logo":{"@type":"ImageObject","inLanguage":"de","@id":"https:\/\/grandaffi.it\/de\/#\/schema\/logo\/image\/","url":"https:\/\/grandaffi.it\/wp-content\/uploads\/2025\/07\/logo-grandaffi-30.png","contentUrl":"https:\/\/grandaffi.it\/wp-content\/uploads\/2025\/07\/logo-grandaffi-30.png","width":1546,"height":718,"caption":"Grand'Affi Shopping Center"},"image":{"@id":"https:\/\/grandaffi.it\/de\/#\/schema\/logo\/image\/"},"sameAs":["https:\/\/www.facebook.com\/GrandAffiShoppingCenter","https:\/\/x.com\/grandaffi","https:\/\/www.instagram.com\/grand_affi_shopping_center\/?hl=it"]}]}},"_links":{"self":[{"href":"https:\/\/grandaffi.it\/de\/wp-json\/wp\/v2\/pages\/9654","targetHints":{"allow":["GET"]}}],"collection":[{"href":"https:\/\/grandaffi.it\/de\/wp-json\/wp\/v2\/pages"}],"about":[{"href":"https:\/\/grandaffi.it\/de\/wp-json\/wp\/v2\/types\/page"}],"author":[{"embeddable":true,"href":"https:\/\/grandaffi.it\/de\/wp-json\/wp\/v2\/users\/1"}],"replies":[{"embeddable":true,"href":"https:\/\/grandaffi.it\/de\/wp-json\/wp\/v2\/comments?post=9654"}],"version-history":[{"count":0,"href":"https:\/\/grandaffi.it\/de\/wp-json\/wp\/v2\/pages\/9654\/revisions"}],"wp:attachment":[{"href":"https:\/\/grandaffi.it\/de\/wp-json\/wp\/v2\/media?parent=9654"}],"curies":[{"name":"wp","href":"https:\/\/api.w.org\/{rel}","templated":true}]}}