{"id":9552,"date":"2021-09-20T18:27:42","date_gmt":"2021-09-20T16:27:42","guid":{"rendered":"http:\/\/sviluppo.grandaffi.it\/il-nostro-centro\/servizi\/esposizioni-temporanee\/"},"modified":"2025-07-04T10:31:29","modified_gmt":"2025-07-04T08:31:29","slug":"esposizioni-temporanee","status":"publish","type":"page","link":"https:\/\/grandaffi.it\/de\/startseite\/servizi\/esposizioni-temporanee\/","title":{"rendered":"Wechselausstellungen"},"content":{"rendered":"\t\t<div data-elementor-type=\"wp-page\" data-elementor-id=\"9552\" class=\"elementor elementor-9552 elementor-2042\" data-elementor-post-type=\"page\">\n\t\t\t\t\t\t<section class=\"elementor-section elementor-top-section elementor-element elementor-element-f42274b elementor-section-full_width elementor-section-stretched grandaffi_titolo elementor-section-height-default elementor-section-height-default\" data-id=\"f42274b\" data-element_type=\"section\" data-settings=\"{&quot;stretch_section&quot;:&quot;section-stretched&quot;,&quot;background_background&quot;:&quot;classic&quot;}\">\n\t\t\t\t\t\t<div class=\"elementor-container elementor-column-gap-default\">\n\t\t\t\t\t<div class=\"elementor-column elementor-col-100 elementor-top-column elementor-element elementor-element-e0c83c4\" data-id=\"e0c83c4\" data-element_type=\"column\">\n\t\t\t<div class=\"elementor-widget-wrap elementor-element-populated\">\n\t\t\t\t\t\t<div class=\"elementor-element elementor-element-03c85e2 elementor-widget__width-initial elementor-hidden-mobile elementor-widget-divider--view-line elementor-widget elementor-widget-divider\" data-id=\"03c85e2\" data-element_type=\"widget\" data-widget_type=\"divider.default\">\n\t\t\t\t<div class=\"elementor-widget-container\">\n\t\t\t\t\t\t\t<div class=\"elementor-divider\">\n\t\t\t<span class=\"elementor-divider-separator\">\n\t\t\t\t\t\t<\/span>\n\t\t<\/div>\n\t\t\t\t\t\t<\/div>\n\t\t\t\t<\/div>\n\t\t\t\t<div class=\"elementor-element elementor-element-5b179d7 elementor-widget__width-initial elementor-widget elementor-widget-text-editor\" data-id=\"5b179d7\" data-element_type=\"widget\" data-widget_type=\"text-editor.default\">\n\t\t\t\t<div class=\"elementor-widget-container\">\n\t\t\t\t\t\t\t\t\t<h1 style=\"text-align: center;\">Wechselausstellungen<\/h1>\t\t\t\t\t\t\t\t<\/div>\n\t\t\t\t<\/div>\n\t\t\t\t<div class=\"elementor-element elementor-element-f45fc75 elementor-widget__width-initial elementor-hidden-mobile elementor-widget-divider--view-line elementor-widget elementor-widget-divider\" data-id=\"f45fc75\" data-element_type=\"widget\" data-widget_type=\"divider.default\">\n\t\t\t\t<div class=\"elementor-widget-container\">\n\t\t\t\t\t\t\t<div class=\"elementor-divider\">\n\t\t\t<span class=\"elementor-divider-separator\">\n\t\t\t\t\t\t<\/span>\n\t\t<\/div>\n\t\t\t\t\t\t<\/div>\n\t\t\t\t<\/div>\n\t\t\t\t\t<\/div>\n\t\t<\/div>\n\t\t\t\t\t<\/div>\n\t\t<\/section>\n\t\t\t\t<section class=\"elementor-section elementor-top-section elementor-element elementor-element-de90c79 elementor-section-full_width elementor-section-stretched elementor-section-height-default elementor-section-height-default\" data-id=\"de90c79\" data-element_type=\"section\" data-settings=\"{&quot;stretch_section&quot;:&quot;section-stretched&quot;,&quot;background_background&quot;:&quot;classic&quot;}\">\n\t\t\t\t\t\t<div class=\"elementor-container elementor-column-gap-default\">\n\t\t\t\t\t<div class=\"elementor-column elementor-col-100 elementor-top-column elementor-element elementor-element-5f6d520\" data-id=\"5f6d520\" data-element_type=\"column\">\n\t\t\t<div class=\"elementor-widget-wrap elementor-element-populated\">\n\t\t\t\t\t\t<div class=\"elementor-element elementor-element-3d67630 elementor-widget elementor-widget-image\" data-id=\"3d67630\" data-element_type=\"widget\" data-widget_type=\"image.default\">\n\t\t\t\t<div class=\"elementor-widget-container\">\n\t\t\t\t\t\t\t\t\t\t\t\t\t\t\t<img fetchpriority=\"high\" decoding=\"async\" width=\"2560\" height=\"914\" src=\"https:\/\/grandaffi.it\/wp-content\/uploads\/2025\/07\/COPERTINA-ESPOSIZIONI-SITO-2025-OK-DE-scaled.png\" class=\"attachment-full size-full wp-image-22026\" alt=\"\" \/>\t\t\t\t\t\t\t\t\t\t\t\t\t\t\t<\/div>\n\t\t\t\t<\/div>\n\t\t\t\t\t<\/div>\n\t\t<\/div>\n\t\t\t\t\t<\/div>\n\t\t<\/section>\n\t\t\t\t<section class=\"elementor-section elementor-top-section elementor-element elementor-element-c2e40bc elementor-section-full_width elementor-section-content-middle elementor-section-stretched elementor-section-height-default elementor-section-height-default\" data-id=\"c2e40bc\" data-element_type=\"section\" data-settings=\"{&quot;stretch_section&quot;:&quot;section-stretched&quot;}\">\n\t\t\t\t\t\t<div class=\"elementor-container elementor-column-gap-default\">\n\t\t\t\t\t<div class=\"elementor-column elementor-col-50 elementor-top-column elementor-element elementor-element-b36973d\" data-id=\"b36973d\" data-element_type=\"column\">\n\t\t\t<div class=\"elementor-widget-wrap elementor-element-populated\">\n\t\t\t\t\t\t<div class=\"elementor-element elementor-element-be5fb8c elementor-widget elementor-widget-text-editor\" data-id=\"be5fb8c\" data-element_type=\"widget\" data-widget_type=\"text-editor.default\">\n\t\t\t\t<div class=\"elementor-widget-container\">\n\t\t\t\t\t\t\t\t\t<div class=\"everest-forms\"><script type='text\/javascript'>\n\/* <![CDATA[ *\/\nvar evf_settings = {\"currency_code\":\"EUR\",\"currency_thousands\":\".\",\"currency_decimal\":\",\",\"currency_symbol\":\"\\u20ac\",\"currency_symbol_pos\":\"right\"}\n\/* ]]> *\/\n<\/script>\n<div class=\"evf-container default\" id=\"evf-12484\"><form id=\"evf-form-12484\" class=\"everest-form\" data-formid=\"12484\" data-ajax_submission=\"0\" data-keyboard_friendly_form=\"0\" data-form_state_type=\"\" method=\"post\" enctype=\"multipart\/form-data\" action=\"\/de\/wp-json\/wp\/v2\/pages\/9552\"><div class=\"evf-field-container\"><input type=\"hidden\" id=\"_wpnonce12484\" name=\"_wpnonce12484\" value=\"a8ad8f0401\" \/><input type=\"hidden\" name=\"_wp_http_referer\" value=\"\/de\/wp-json\/wp\/v2\/pages\/9552\" \/><div class=\"evf-frontend-row\" data-row=\"row_1\" conditional_rules=\"[]\"><div class=\"evf-frontend-grid evf-grid-1\" data-grid=\"grid_1\"><div id=\"evf-12484-field_ys0GeZISRs-1-container\" class=\"evf-field evf-field-first-name form-row validate-required\" data-required-field-message=\"Questo campo \u00e8 richiesto\" data-field-id=\"ys0GeZISRs-1\"><label class=\"evf-field-label\" for=\"evf-12484-field_ys0GeZISRs-1\"><span class=\"evf-label\">Vorname Nachname<\/span> <abbr class=\"required\" title=\"Required\">*<\/abbr><\/label><input type=\"text\" id=\"evf-12484-field_ys0GeZISRs-1\" class=\"input-text\" name=\"everest_forms[form_fields][ys0GeZISRs-1]\" conditional_id=\"ys0GeZISRs-1\" required><\/div><div id=\"evf-12484-field_LbH5NxasXM-2-container\" class=\"evf-field evf-field-email form-row validate-required validate-email\" data-required-field-message=\"amministrazione@grandaffi.it\" data-field-id=\"LbH5NxasXM-2\"><label class=\"evf-field-label\" for=\"evf-12484-field_LbH5NxasXM-2\"><span class=\"evf-label\">Email<\/span> <abbr class=\"required\" title=\"Required\">*<\/abbr><\/label><input type=\"email\" id=\"evf-12484-field_LbH5NxasXM-2\" class=\"input-text\" name=\"everest_forms[form_fields][LbH5NxasXM-2]\" conditional_id=\"LbH5NxasXM-2\" required ><\/div><div id=\"evf-12484-field_66FR384cge-3-container\" class=\"evf-field evf-field-text form-row validate-required\" data-required-field-message=\"Questo campo \u00e8 richiesto\" data-field-id=\"66FR384cge-3\"><label class=\"evf-field-label\" for=\"evf-12484-field_66FR384cge-3\"><span class=\"evf-label\">Oggetto<\/span> <abbr class=\"required\" title=\"Required\">*<\/abbr><\/label><input type=\"text\" id=\"evf-12484-field_66FR384cge-3\" class=\"input-text\" name=\"everest_forms[form_fields][66FR384cge-3]\" conditional_id=\"66FR384cge-3\" required><\/div><div id=\"evf-12484-field_yhGx3FOwr2-4-container\" class=\"evf-field evf-field-textarea form-row\" data-field-id=\"yhGx3FOwr2-4\"><label class=\"evf-field-label\" for=\"evf-12484-field_yhGx3FOwr2-4\"><span class=\"evf-label\">Scrivi il tuo messaggio<\/span> <\/label><textarea id=\"evf-12484-field_yhGx3FOwr2-4\" class=\"input-text\" name=\"everest_forms[form_fields][yhGx3FOwr2-4]\" conditional_id=\"yhGx3FOwr2-4\"  ><\/textarea><\/div><div id=\"evf-12484-field_T6UMmol6EO-7-container\" class=\"evf-field evf-field-checkbox form-row validate-required\" data-required-field-message=\"Questo campo \u00e8 richiesto\" data-field-id=\"T6UMmol6EO-7\"><ul id=\"evf-12484-field_T6UMmol6EO-7\" class=\" evf-field-required\"><li class=\"choice-3 depth-1\"><input type=\"checkbox\" id=\"evf-12484-field_T6UMmol6EO-7_3\" class=\"input-text\" name=\"everest_forms[form_fields][T6UMmol6EO-7][]\" value=\"Consenso Privacy: dopo aver letto l\u2019informativa privacy acconsento al trattamento dei miei dati personali per le finalit\u00e0 e con le modalit\u00e0 descritte nell\u2019informativa stessa\" conditional_id=\"T6UMmol6EO-7\" required ><label class=\"everest-forms-field-label-inline\" for=\"evf-12484-field_T6UMmol6EO-7_3\">Consenso Privacy: dopo aver letto l\u2019informativa privacy acconsento al trattamento dei miei dati personali per le finalit\u00e0 e con le modalit\u00e0 descritte nell\u2019informativa stessa<\/label><\/li><\/ul><\/div><\/div><\/div><div class=\"evf-frontend-row\" data-row=\"row_2\" conditional_rules=\"[]\"><div class=\"evf-frontend-grid evf-grid-1\" data-grid=\"grid_1\"><\/div><\/div><\/div><div class=\"evf-honeypot-container evf-field-hp\"><label for=\"evf-12484-field-hp\" class=\"evf-field-label\">Name<\/label><input type=\"text\" name=\"everest_forms[hp]\" id=\"evf-12484-field-hp\" class=\"input-text\"><\/div><div class=\"evf-submit-container \" ><input type=\"hidden\" name=\"everest_forms[id]\" value=\"12484\"><input type=\"hidden\" name=\"everest_forms[author]\" value=\"1\"><button type='submit' name='everest_forms[submit]' class='everest-forms-submit-button button evf-submit ' id='evf-submit-12484' value='evf-submit' data-process-text=\"Processing\u2026\" conditional_rules='&quot;&quot;' conditional_id='evf-submit-12484'  id=\"evf-submit-12484\" aria-live=\"assertive\">Invia<\/button><\/div><\/form><\/div><!-- .evf-container --><\/div>\t\t\t\t\t\t\t\t<\/div>\n\t\t\t\t<\/div>\n\t\t\t\t\t<\/div>\n\t\t<\/div>\n\t\t\t\t<div class=\"elementor-column elementor-col-50 elementor-top-column elementor-element elementor-element-46b6cd2\" data-id=\"46b6cd2\" data-element_type=\"column\">\n\t\t\t<div class=\"elementor-widget-wrap elementor-element-populated\">\n\t\t\t\t\t\t<div class=\"elementor-element elementor-element-34c9552 elementor-widget elementor-widget-text-editor\" data-id=\"34c9552\" data-element_type=\"widget\" data-widget_type=\"text-editor.default\">\n\t\t\t\t<div class=\"elementor-widget-container\">\n\t\t\t\t\t\t\t\t\t<h3 data-start=\"1137\" data-end=\"1221\"><strong data-start=\"1145\" data-end=\"1221\">Deutsch \u2013 Pr\u00e4sentieren Sie Ihr Unternehmen im Grand\u2019Affi Shopping Center<\/strong><\/h3><p data-start=\"1223\" data-end=\"1425\"><strong data-start=\"1223\" data-end=\"1316\">Nutzen Sie die Gelegenheit, Ihr Unternehmen im Grand\u2019Affi Shopping Center zu pr\u00e4sentieren<\/strong> \u2013 mit <strong data-start=\"1323\" data-end=\"1366\">zeitlich begrenzten Ausstellungsfl\u00e4chen<\/strong> an strategisch g\u00fcnstigen Standorten innerhalb der Galerie.<\/p><p data-start=\"1427\" data-end=\"1819\">Unsere sorgf\u00e4ltig ausgew\u00e4hlten Promotionsfl\u00e4chen befinden sich in stark frequentierten Bereichen des Einkaufszentrums und garantieren <strong data-start=\"1561\" data-end=\"1585\">h\u00f6chste Sichtbarkeit<\/strong> sowie den Kontakt zu einem <strong data-start=\"1613\" data-end=\"1647\">breiten, vielf\u00e4ltigen Publikum<\/strong> \u2013 von Stammkunden bis hin zu Gelegenheitsbesuchern. Die moderne und lebendige Struktur des Centers bietet den idealen Rahmen f\u00fcr <strong data-start=\"1777\" data-end=\"1796\">direkte Werbung<\/strong> und <strong data-start=\"1801\" data-end=\"1818\">Markenpr\u00e4senz<\/strong>.<\/p><p data-start=\"1821\" data-end=\"1980\">Ob Produkteinf\u00fchrung, Service-Test oder Markenbekanntheit \u2013 unsere <strong data-start=\"1888\" data-end=\"1946\">flexiblen, individuell anpassbaren Ausstellungsfl\u00e4chen<\/strong> bieten Ihnen die passende L\u00f6sung.<\/p><p data-start=\"1982\" data-end=\"2232\">F\u00fcr detaillierte Informationen zu den <strong data-start=\"2020\" data-end=\"2043\">verf\u00fcgbaren Fl\u00e4chen<\/strong>, <strong data-start=\"2045\" data-end=\"2071\">Ausstellungszeitr\u00e4umen<\/strong> und <strong data-start=\"2076\" data-end=\"2102\">Teilnahmem\u00f6glichkeiten<\/strong>, f\u00fcllen Sie bitte das <strong data-start=\"2125\" data-end=\"2144\">Anfrageformular<\/strong> aus. Unser Team wird sich zeitnah mit einem ma\u00dfgeschneiderten Angebot bei Ihnen melden.<\/p>\t\t\t\t\t\t\t\t<\/div>\n\t\t\t\t<\/div>\n\t\t\t\t\t<\/div>\n\t\t<\/div>\n\t\t\t\t\t<\/div>\n\t\t<\/section>\n\t\t\t\t<\/div>\n\t\t","protected":false},"excerpt":{"rendered":"<p>Wechselausstellungen Deutsch \u2013 Pr\u00e4sentieren Sie Ihr Unternehmen im Grand\u2019Affi Shopping Center Nutzen Sie die Gelegenheit, Ihr Unternehmen im Grand\u2019Affi Shopping Center zu pr\u00e4sentieren \u2013 mit zeitlich begrenzten Ausstellungsfl\u00e4chen an strategisch g\u00fcnstigen Standorten innerhalb der Galerie. Unsere sorgf\u00e4ltig ausgew\u00e4hlten Promotionsfl\u00e4chen befinden sich in stark frequentierten Bereichen des Einkaufszentrums und garantieren h\u00f6chste Sichtbarkeit sowie den Kontakt zu einem breiten, vielf\u00e4ltigen Publikum \u2013&hellip;<\/p>\n","protected":false},"author":1,"featured_media":0,"parent":9449,"menu_order":0,"comment_status":"closed","ping_status":"closed","template":"","meta":{"_acf_changed":false,"footnotes":""},"class_list":["post-9552","page","type-page","status-publish","hentry"],"acf":[],"yoast_head":"<!-- This site is optimized with the Yoast SEO plugin v26.7 - https:\/\/yoast.com\/wordpress\/plugins\/seo\/ -->\n<title>Wechselausstellungen - Grand&#039;Affi Shopping Center<\/title>\n<meta name=\"robots\" content=\"index, follow, max-snippet:-1, max-image-preview:large, max-video-preview:-1\" \/>\n<link rel=\"canonical\" href=\"https:\/\/grandaffi.it\/de\/startseite\/servizi\/esposizioni-temporanee\/\" \/>\n<meta property=\"og:locale\" content=\"de_DE\" \/>\n<meta property=\"og:type\" content=\"article\" \/>\n<meta property=\"og:title\" content=\"Wechselausstellungen - Grand&#039;Affi Shopping Center\" \/>\n<meta property=\"og:description\" content=\"Wechselausstellungen Deutsch \u2013 Pr\u00e4sentieren Sie Ihr Unternehmen im Grand\u2019Affi Shopping Center Nutzen Sie die Gelegenheit, Ihr Unternehmen im Grand\u2019Affi Shopping Center zu pr\u00e4sentieren \u2013 mit zeitlich begrenzten Ausstellungsfl\u00e4chen an strategisch g\u00fcnstigen Standorten innerhalb der Galerie. Unsere sorgf\u00e4ltig ausgew\u00e4hlten Promotionsfl\u00e4chen befinden sich in stark frequentierten Bereichen des Einkaufszentrums und garantieren h\u00f6chste Sichtbarkeit sowie den Kontakt zu einem breiten, vielf\u00e4ltigen Publikum \u2013&hellip;\" \/>\n<meta property=\"og:url\" content=\"https:\/\/grandaffi.it\/de\/startseite\/servizi\/esposizioni-temporanee\/\" \/>\n<meta property=\"og:site_name\" content=\"Grand&#039;Affi Shopping Center\" \/>\n<meta property=\"article:publisher\" content=\"https:\/\/www.facebook.com\/GrandAffiShoppingCenter\" \/>\n<meta property=\"article:modified_time\" content=\"2025-07-04T08:31:29+00:00\" \/>\n<meta property=\"og:image\" content=\"https:\/\/grandaffi.it\/wp-content\/uploads\/2025\/07\/COPERTINA-ESPOSIZIONI-SITO-2025-OK-DE-scaled.png\" \/>\n<meta name=\"twitter:card\" content=\"summary_large_image\" \/>\n<meta name=\"twitter:site\" content=\"@grandaffi\" \/>\n<meta name=\"twitter:label1\" content=\"Gesch\u00e4tzte Lesezeit\" \/>\n\t<meta name=\"twitter:data1\" content=\"1\u00a0Minute\" \/>\n<script type=\"application\/ld+json\" class=\"yoast-schema-graph\">{\"@context\":\"https:\/\/schema.org\",\"@graph\":[{\"@type\":\"WebPage\",\"@id\":\"https:\/\/grandaffi.it\/de\/startseite\/servizi\/esposizioni-temporanee\/\",\"url\":\"https:\/\/grandaffi.it\/de\/startseite\/servizi\/esposizioni-temporanee\/\",\"name\":\"Wechselausstellungen - Grand&#039;Affi Shopping Center\",\"isPartOf\":{\"@id\":\"https:\/\/grandaffi.it\/de\/#website\"},\"primaryImageOfPage\":{\"@id\":\"https:\/\/grandaffi.it\/de\/startseite\/servizi\/esposizioni-temporanee\/#primaryimage\"},\"image\":{\"@id\":\"https:\/\/grandaffi.it\/de\/startseite\/servizi\/esposizioni-temporanee\/#primaryimage\"},\"thumbnailUrl\":\"https:\/\/grandaffi.it\/wp-content\/uploads\/2025\/07\/COPERTINA-ESPOSIZIONI-SITO-2025-OK-DE-scaled.png\",\"datePublished\":\"2021-09-20T16:27:42+00:00\",\"dateModified\":\"2025-07-04T08:31:29+00:00\",\"breadcrumb\":{\"@id\":\"https:\/\/grandaffi.it\/de\/startseite\/servizi\/esposizioni-temporanee\/#breadcrumb\"},\"inLanguage\":\"de\",\"potentialAction\":[{\"@type\":\"ReadAction\",\"target\":[\"https:\/\/grandaffi.it\/de\/startseite\/servizi\/esposizioni-temporanee\/\"]}]},{\"@type\":\"ImageObject\",\"inLanguage\":\"de\",\"@id\":\"https:\/\/grandaffi.it\/de\/startseite\/servizi\/esposizioni-temporanee\/#primaryimage\",\"url\":\"https:\/\/grandaffi.it\/wp-content\/uploads\/2025\/07\/COPERTINA-ESPOSIZIONI-SITO-2025-OK-DE-scaled.png\",\"contentUrl\":\"https:\/\/grandaffi.it\/wp-content\/uploads\/2025\/07\/COPERTINA-ESPOSIZIONI-SITO-2025-OK-DE-scaled.png\"},{\"@type\":\"BreadcrumbList\",\"@id\":\"https:\/\/grandaffi.it\/de\/startseite\/servizi\/esposizioni-temporanee\/#breadcrumb\",\"itemListElement\":[{\"@type\":\"ListItem\",\"position\":1,\"name\":\"Home\",\"item\":\"https:\/\/grandaffi.it\/de\/\"},{\"@type\":\"ListItem\",\"position\":2,\"name\":\"Startseite\",\"item\":\"https:\/\/grandaffi.it\/de\/startseite\/\"},{\"@type\":\"ListItem\",\"position\":3,\"name\":\"I nostri servizi\",\"item\":\"https:\/\/grandaffi.it\/de\/startseite\/servizi\/\"},{\"@type\":\"ListItem\",\"position\":4,\"name\":\"Wechselausstellungen\"}]},{\"@type\":\"WebSite\",\"@id\":\"https:\/\/grandaffi.it\/de\/#website\",\"url\":\"https:\/\/grandaffi.it\/de\/\",\"name\":\"Grand'Affi Shopping Center\",\"description\":\"Il centro commerciale su misura per te\",\"publisher\":{\"@id\":\"https:\/\/grandaffi.it\/de\/#organization\"},\"alternateName\":\"Il centro commerciale di Verona\",\"potentialAction\":[{\"@type\":\"SearchAction\",\"target\":{\"@type\":\"EntryPoint\",\"urlTemplate\":\"https:\/\/grandaffi.it\/de\/?s={search_term_string}\"},\"query-input\":{\"@type\":\"PropertyValueSpecification\",\"valueRequired\":true,\"valueName\":\"search_term_string\"}}],\"inLanguage\":\"de\"},{\"@type\":\"Organization\",\"@id\":\"https:\/\/grandaffi.it\/de\/#organization\",\"name\":\"Grand'Affi Shopping Center\",\"url\":\"https:\/\/grandaffi.it\/de\/\",\"logo\":{\"@type\":\"ImageObject\",\"inLanguage\":\"de\",\"@id\":\"https:\/\/grandaffi.it\/de\/#\/schema\/logo\/image\/\",\"url\":\"https:\/\/grandaffi.it\/wp-content\/uploads\/2025\/07\/logo-grandaffi-30.png\",\"contentUrl\":\"https:\/\/grandaffi.it\/wp-content\/uploads\/2025\/07\/logo-grandaffi-30.png\",\"width\":1546,\"height\":718,\"caption\":\"Grand'Affi Shopping Center\"},\"image\":{\"@id\":\"https:\/\/grandaffi.it\/de\/#\/schema\/logo\/image\/\"},\"sameAs\":[\"https:\/\/www.facebook.com\/GrandAffiShoppingCenter\",\"https:\/\/x.com\/grandaffi\",\"https:\/\/www.instagram.com\/grand_affi_shopping_center\/?hl=it\"]}]}<\/script>\n<!-- \/ Yoast SEO plugin. -->","yoast_head_json":{"title":"Wechselausstellungen - Grand&#039;Affi Shopping Center","robots":{"index":"index","follow":"follow","max-snippet":"max-snippet:-1","max-image-preview":"max-image-preview:large","max-video-preview":"max-video-preview:-1"},"canonical":"https:\/\/grandaffi.it\/de\/startseite\/servizi\/esposizioni-temporanee\/","og_locale":"de_DE","og_type":"article","og_title":"Wechselausstellungen - Grand&#039;Affi Shopping Center","og_description":"Wechselausstellungen Deutsch \u2013 Pr\u00e4sentieren Sie Ihr Unternehmen im Grand\u2019Affi Shopping Center Nutzen Sie die Gelegenheit, Ihr Unternehmen im Grand\u2019Affi Shopping Center zu pr\u00e4sentieren \u2013 mit zeitlich begrenzten Ausstellungsfl\u00e4chen an strategisch g\u00fcnstigen Standorten innerhalb der Galerie. Unsere sorgf\u00e4ltig ausgew\u00e4hlten Promotionsfl\u00e4chen befinden sich in stark frequentierten Bereichen des Einkaufszentrums und garantieren h\u00f6chste Sichtbarkeit sowie den Kontakt zu einem breiten, vielf\u00e4ltigen Publikum \u2013&hellip;","og_url":"https:\/\/grandaffi.it\/de\/startseite\/servizi\/esposizioni-temporanee\/","og_site_name":"Grand&#039;Affi Shopping Center","article_publisher":"https:\/\/www.facebook.com\/GrandAffiShoppingCenter","article_modified_time":"2025-07-04T08:31:29+00:00","og_image":[{"url":"https:\/\/grandaffi.it\/wp-content\/uploads\/2025\/07\/COPERTINA-ESPOSIZIONI-SITO-2025-OK-DE-scaled.png","type":"","width":"","height":""}],"twitter_card":"summary_large_image","twitter_site":"@grandaffi","twitter_misc":{"Gesch\u00e4tzte Lesezeit":"1\u00a0Minute"},"schema":{"@context":"https:\/\/schema.org","@graph":[{"@type":"WebPage","@id":"https:\/\/grandaffi.it\/de\/startseite\/servizi\/esposizioni-temporanee\/","url":"https:\/\/grandaffi.it\/de\/startseite\/servizi\/esposizioni-temporanee\/","name":"Wechselausstellungen - Grand&#039;Affi Shopping Center","isPartOf":{"@id":"https:\/\/grandaffi.it\/de\/#website"},"primaryImageOfPage":{"@id":"https:\/\/grandaffi.it\/de\/startseite\/servizi\/esposizioni-temporanee\/#primaryimage"},"image":{"@id":"https:\/\/grandaffi.it\/de\/startseite\/servizi\/esposizioni-temporanee\/#primaryimage"},"thumbnailUrl":"https:\/\/grandaffi.it\/wp-content\/uploads\/2025\/07\/COPERTINA-ESPOSIZIONI-SITO-2025-OK-DE-scaled.png","datePublished":"2021-09-20T16:27:42+00:00","dateModified":"2025-07-04T08:31:29+00:00","breadcrumb":{"@id":"https:\/\/grandaffi.it\/de\/startseite\/servizi\/esposizioni-temporanee\/#breadcrumb"},"inLanguage":"de","potentialAction":[{"@type":"ReadAction","target":["https:\/\/grandaffi.it\/de\/startseite\/servizi\/esposizioni-temporanee\/"]}]},{"@type":"ImageObject","inLanguage":"de","@id":"https:\/\/grandaffi.it\/de\/startseite\/servizi\/esposizioni-temporanee\/#primaryimage","url":"https:\/\/grandaffi.it\/wp-content\/uploads\/2025\/07\/COPERTINA-ESPOSIZIONI-SITO-2025-OK-DE-scaled.png","contentUrl":"https:\/\/grandaffi.it\/wp-content\/uploads\/2025\/07\/COPERTINA-ESPOSIZIONI-SITO-2025-OK-DE-scaled.png"},{"@type":"BreadcrumbList","@id":"https:\/\/grandaffi.it\/de\/startseite\/servizi\/esposizioni-temporanee\/#breadcrumb","itemListElement":[{"@type":"ListItem","position":1,"name":"Home","item":"https:\/\/grandaffi.it\/de\/"},{"@type":"ListItem","position":2,"name":"Startseite","item":"https:\/\/grandaffi.it\/de\/startseite\/"},{"@type":"ListItem","position":3,"name":"I nostri servizi","item":"https:\/\/grandaffi.it\/de\/startseite\/servizi\/"},{"@type":"ListItem","position":4,"name":"Wechselausstellungen"}]},{"@type":"WebSite","@id":"https:\/\/grandaffi.it\/de\/#website","url":"https:\/\/grandaffi.it\/de\/","name":"Grand'Affi Shopping Center","description":"Il centro commerciale su misura per te","publisher":{"@id":"https:\/\/grandaffi.it\/de\/#organization"},"alternateName":"Il centro commerciale di Verona","potentialAction":[{"@type":"SearchAction","target":{"@type":"EntryPoint","urlTemplate":"https:\/\/grandaffi.it\/de\/?s={search_term_string}"},"query-input":{"@type":"PropertyValueSpecification","valueRequired":true,"valueName":"search_term_string"}}],"inLanguage":"de"},{"@type":"Organization","@id":"https:\/\/grandaffi.it\/de\/#organization","name":"Grand'Affi Shopping Center","url":"https:\/\/grandaffi.it\/de\/","logo":{"@type":"ImageObject","inLanguage":"de","@id":"https:\/\/grandaffi.it\/de\/#\/schema\/logo\/image\/","url":"https:\/\/grandaffi.it\/wp-content\/uploads\/2025\/07\/logo-grandaffi-30.png","contentUrl":"https:\/\/grandaffi.it\/wp-content\/uploads\/2025\/07\/logo-grandaffi-30.png","width":1546,"height":718,"caption":"Grand'Affi Shopping Center"},"image":{"@id":"https:\/\/grandaffi.it\/de\/#\/schema\/logo\/image\/"},"sameAs":["https:\/\/www.facebook.com\/GrandAffiShoppingCenter","https:\/\/x.com\/grandaffi","https:\/\/www.instagram.com\/grand_affi_shopping_center\/?hl=it"]}]}},"_links":{"self":[{"href":"https:\/\/grandaffi.it\/de\/wp-json\/wp\/v2\/pages\/9552","targetHints":{"allow":["GET"]}}],"collection":[{"href":"https:\/\/grandaffi.it\/de\/wp-json\/wp\/v2\/pages"}],"about":[{"href":"https:\/\/grandaffi.it\/de\/wp-json\/wp\/v2\/types\/page"}],"author":[{"embeddable":true,"href":"https:\/\/grandaffi.it\/de\/wp-json\/wp\/v2\/users\/1"}],"replies":[{"embeddable":true,"href":"https:\/\/grandaffi.it\/de\/wp-json\/wp\/v2\/comments?post=9552"}],"version-history":[{"count":5,"href":"https:\/\/grandaffi.it\/de\/wp-json\/wp\/v2\/pages\/9552\/revisions"}],"predecessor-version":[{"id":22036,"href":"https:\/\/grandaffi.it\/de\/wp-json\/wp\/v2\/pages\/9552\/revisions\/22036"}],"up":[{"embeddable":true,"href":"https:\/\/grandaffi.it\/de\/wp-json\/wp\/v2\/pages\/9449"}],"wp:attachment":[{"href":"https:\/\/grandaffi.it\/de\/wp-json\/wp\/v2\/media?parent=9552"}],"curies":[{"name":"wp","href":"https:\/\/api.w.org\/{rel}","templated":true}]}}