{"id":9546,"date":"2021-09-10T09:29:33","date_gmt":"2021-09-10T07:29:33","guid":{"rendered":"http:\/\/sviluppo.grandaffi.it\/il-nostro-centro\/"},"modified":"2025-06-27T12:22:16","modified_gmt":"2025-06-27T10:22:16","slug":"startseite","status":"publish","type":"page","link":"https:\/\/grandaffi.it\/de\/startseite\/","title":{"rendered":"Startseite"},"content":{"rendered":"\t\t<div data-elementor-type=\"wp-page\" data-elementor-id=\"9546\" class=\"elementor elementor-9546 elementor-1340\" data-elementor-post-type=\"page\">\n\t\t\t\t\t\t<section class=\"elementor-section elementor-top-section elementor-element elementor-element-a33e255 elementor-section-full_width elementor-section-stretched grandaffi_titolo elementor-section-height-default elementor-section-height-default\" data-id=\"a33e255\" data-element_type=\"section\" data-settings=\"{&quot;stretch_section&quot;:&quot;section-stretched&quot;,&quot;background_background&quot;:&quot;classic&quot;}\">\n\t\t\t\t\t\t<div class=\"elementor-container elementor-column-gap-default\">\n\t\t\t\t\t<div class=\"elementor-column elementor-col-100 elementor-top-column elementor-element elementor-element-b2e1f4e\" data-id=\"b2e1f4e\" data-element_type=\"column\">\n\t\t\t<div class=\"elementor-widget-wrap elementor-element-populated\">\n\t\t\t\t\t\t<div class=\"elementor-element elementor-element-0a77603 elementor-widget__width-initial elementor-hidden-mobile elementor-widget-divider--view-line elementor-widget elementor-widget-divider\" data-id=\"0a77603\" data-element_type=\"widget\" data-widget_type=\"divider.default\">\n\t\t\t\t<div class=\"elementor-widget-container\">\n\t\t\t\t\t\t\t<div class=\"elementor-divider\">\n\t\t\t<span class=\"elementor-divider-separator\">\n\t\t\t\t\t\t<\/span>\n\t\t<\/div>\n\t\t\t\t\t\t<\/div>\n\t\t\t\t<\/div>\n\t\t\t\t<div class=\"elementor-element elementor-element-f225749 elementor-widget__width-initial elementor-widget elementor-widget-text-editor\" data-id=\"f225749\" data-element_type=\"widget\" data-widget_type=\"text-editor.default\">\n\t\t\t\t<div class=\"elementor-widget-container\">\n\t\t\t\t\t\t\t\t\t<h1 class=\"js-el heading-tag la-unit-responsive\">Startseite<\/h1>\t\t\t\t\t\t\t\t<\/div>\n\t\t\t\t<\/div>\n\t\t\t\t<div class=\"elementor-element elementor-element-bd83ae8 elementor-widget__width-initial elementor-hidden-mobile elementor-widget-divider--view-line elementor-widget elementor-widget-divider\" data-id=\"bd83ae8\" data-element_type=\"widget\" data-widget_type=\"divider.default\">\n\t\t\t\t<div class=\"elementor-widget-container\">\n\t\t\t\t\t\t\t<div class=\"elementor-divider\">\n\t\t\t<span class=\"elementor-divider-separator\">\n\t\t\t\t\t\t<\/span>\n\t\t<\/div>\n\t\t\t\t\t\t<\/div>\n\t\t\t\t<\/div>\n\t\t\t\t\t<\/div>\n\t\t<\/div>\n\t\t\t\t\t<\/div>\n\t\t<\/section>\n\t\t\t\t<section class=\"elementor-section elementor-top-section elementor-element elementor-element-73c0f80 elementor-section-full_width elementor-section-stretched elementor-section-height-default elementor-section-height-default\" data-id=\"73c0f80\" data-element_type=\"section\" data-settings=\"{&quot;stretch_section&quot;:&quot;section-stretched&quot;,&quot;shape_divider_top&quot;:&quot;waves&quot;,&quot;shape_divider_bottom&quot;:&quot;waves&quot;}\">\n\t\t\t\t\t<div class=\"elementor-shape elementor-shape-top\" aria-hidden=\"true\" data-negative=\"false\">\n\t\t\t<svg xmlns=\"http:\/\/www.w3.org\/2000\/svg\" viewBox=\"0 0 1000 100\" preserveAspectRatio=\"none\">\n\t<path class=\"elementor-shape-fill\" d=\"M421.9,6.5c22.6-2.5,51.5,0.4,75.5,5.3c23.6,4.9,70.9,23.5,100.5,35.7c75.8,32.2,133.7,44.5,192.6,49.7\n\tc23.6,2.1,48.7,3.5,103.4-2.5c54.7-6,106.2-25.6,106.2-25.6V0H0v30.3c0,0,72,32.6,158.4,30.5c39.2-0.7,92.8-6.7,134-22.4\n\tc21.2-8.1,52.2-18.2,79.7-24.2C399.3,7.9,411.6,7.5,421.9,6.5z\"\/>\n<\/svg>\t\t<\/div>\n\t\t\t\t<div class=\"elementor-shape elementor-shape-bottom\" aria-hidden=\"true\" data-negative=\"false\">\n\t\t\t<svg xmlns=\"http:\/\/www.w3.org\/2000\/svg\" viewBox=\"0 0 1000 100\" preserveAspectRatio=\"none\">\n\t<path class=\"elementor-shape-fill\" d=\"M421.9,6.5c22.6-2.5,51.5,0.4,75.5,5.3c23.6,4.9,70.9,23.5,100.5,35.7c75.8,32.2,133.7,44.5,192.6,49.7\n\tc23.6,2.1,48.7,3.5,103.4-2.5c54.7-6,106.2-25.6,106.2-25.6V0H0v30.3c0,0,72,32.6,158.4,30.5c39.2-0.7,92.8-6.7,134-22.4\n\tc21.2-8.1,52.2-18.2,79.7-24.2C399.3,7.9,411.6,7.5,421.9,6.5z\"\/>\n<\/svg>\t\t<\/div>\n\t\t\t\t\t<div class=\"elementor-container elementor-column-gap-default\">\n\t\t\t\t\t<div class=\"elementor-column elementor-col-100 elementor-top-column elementor-element elementor-element-08d15b1\" data-id=\"08d15b1\" data-element_type=\"column\">\n\t\t\t<div class=\"elementor-widget-wrap elementor-element-populated\">\n\t\t\t\t\t\t<div class=\"elementor-element elementor-element-4d26e51 elementor-widget elementor-widget-text-editor\" data-id=\"4d26e51\" data-element_type=\"widget\" data-widget_type=\"text-editor.default\">\n\t\t\t\t<div class=\"elementor-widget-container\">\n\t\t\t\t\t\t\t\t\t<h4><strong>Das Zentrum f\u00fcr Shopping und Freizeit am Gardasee<\/strong><\/h4>\n<p>Das am 11. November 1995 eingeweihte Einkaufszentrum Grand\u2019Affi hat sich zu einem wichtigen kommerziellen Zentrum in der Region Affi (Verona) entwickelt und bietet eine breite Palette von Gesch\u00e4ften und Dienstleistungen, die alle Kundenw\u00fcnsche erf\u00fcllen. Im November 2013 wurde das Zentrum mit einem neuen Fl\u00fcgel auf zwei Ebenen und einer Tiefgarage erweitert, wo-durch die Kapazit\u00e4t und die Zug\u00e4nglichkeit f\u00fcr alle Besucher weiter erh\u00f6ht wurden.<\/p>\n<h4><strong>Bequemlichkeit und Zug\u00e4nglichkeit<\/strong><\/h4>\n<p>Das Grand\u2019Affi Shopping Center zeichnet sich durch seine einfache Zug\u00e4nglichkeit aus, dank seiner strategischen Lage und den \u00fcber 1200 Parkpl\u00e4tzen, die einen einfachen und stressfreien Besuch garantieren. Das Einkaufszent-rum ist t\u00e4glich von 9 bis 21 Uhr ge\u00f6ffnet, w\u00e4hrend der Gastronomiebereich im ersten Stock bis 23 Uhr ge\u00f6ffnet ist, sodass jeder bequem eine Mahlzeit oder ein Getr\u00e4nk zu sich nehmen kann.<\/p>\n<h4><strong>Hochwertige Dienstleistungen<\/strong><\/h4>\n<p>Das Grand\u2019Affi Shopping Center ist nicht nur ein Einkaufs-zentrum, sondern auch ein Ort, an dem man verschiedene integrierte Dienstleistungen in Anspruch nehmen kann, darunter das Centro Medico Diagnostico San Pietro, DentalPro und Parafarmacia Equ\u00ec. F\u00fcr diejenigen, die ihre Fahrzeuge aufladen m\u00fcssen, gibt es eine Ladestation f\u00fcr Autos, Motorr\u00e4der und Fahrr\u00e4der. Au\u00dferdem gibt es in der Tiefgarage einen Autowaschservice, der das Komfortangebot f\u00fcr die Besucher abrundet.<\/p>\n<h4><strong>Unterhaltung und Kultur<\/strong><\/h4>\n<p>Das Einkaufszentrum Grand\u2019Affi bietet nicht nur Einkaufs-m\u00f6glichkeiten, sondern auch Unterhaltung.<\/p>\n<p>Im Zentrum ist n\u00e4mlich das GRAND\u2019AFFI TICKETING aktiv, wo man Eintrittskarten f\u00fcr die gro\u00dfen Parks des Gardasees, Touren sowie Auto- und Motorradvermietungen kaufen kann. Die Eintrittskarten k\u00f6nnen bei der Direktion oder direkt online auf der offiziellen Website erworben werden. Au\u00dferdem ist das Zentrum offizieller Einzelh\u00e4ndler von TICKETONE und VIVATICKET, mit \u00d6ffnungszeiten der Direktion von Montag bis Freitag, von 9 bis 13 Uhr und von 14 bis 17.30 Uhr.<\/p>\n<h4><strong>Eine breite Palette von Gesch\u00e4ften<\/strong><\/h4>\n<p>Mit mehr als 80 Gesch\u00e4ften bietet das Grand\u2019Affi Shopping Center eine Vielzahl von L\u00f6sungen f\u00fcr jeden Geschmack. Zu den bekanntesten Gesch\u00e4ften geh\u00f6ren OBI, der Markt-f\u00fchrer f\u00fcr Garten, Haus und Heimwerker, GAME7ATH-LETICS, f\u00fcr Liebhaber von Sport und aktivem Lebensstil, und BATA, mit einer gro\u00dfen Auswahl an Schuhen und Accessoires. Auch f\u00fcr Vierbeiner gibt es mit ARCAPLANET, dem Spezialisten f\u00fcr Tiernahrung undwellness, ein reichhaltiges Angebot. Neu hinzugekommen sind UNIEU-RO, eine Referenz f\u00fcr Unterhaltungselektronik, und MON-DO CONVENIENZA, das Einrichtungsgegenst\u00e4nde zu unschlagbaren Preisen anbietet.<\/p>\n<h4><strong>IperOrvea und GastronomieIper<\/strong><\/h4>\n<p>Orvea ist eine der St\u00e4rken des Zentrums und bietet auf einer Fl\u00e4che von \u00fcber 7000 Quadratmetern eine gro\u00dfe Aus-wahl an frischen regionalen, biologischen und speziellen Lebensmitteln sowie zahlreiche Haushalts- und K\u00f6rperpflegeartikel. Dar\u00fcber hinaus k\u00f6nnen sich die Besucher in 12 gastronomischen Betrieben mit Fr\u00fchst\u00fcck, Poke, Pizza und traditionellen italienischen und bayerischen Gerichten verw\u00f6hnen lassen und eine schmackhafte Pause ein-legen.<\/p>\n<h4><strong>Grand\u2019Affi Giftcard<\/strong><\/h4>\n<p>F\u00fcr ein perfektes Geschenk, vergessen Sie nicht, die GRAND\u2018AFFI GIFTCARD zu kaufen, die in allen Gesch\u00e4ften des Zentrums eingel\u00f6st werden kann, f\u00fcr eine Auswahl, die wirklich alle Geschm\u00e4cker befriedigt.<\/p>\n<h4><strong>Kommen Sie und besuchen Sie uns!<\/strong><\/h4>\n<p>Das Grand\u2019Affi Shopping Center erwartet Sie in Affi (Verona), g\u00fcnstig gelegen und leicht erreichbar dank der Autobahn-AusfahrtA22\/Affi\/Lago di Garda Sud. Ein Einkaufs-, Unterhaltungs- und Entspannungserlebnis, das Sie nicht verpassen d\u00fcrfen!<\/p>\t\t\t\t\t\t\t\t<\/div>\n\t\t\t\t<\/div>\n\t\t\t\t\t<\/div>\n\t\t<\/div>\n\t\t\t\t\t<\/div>\n\t\t<\/section>\n\t\t\t\t<section class=\"elementor-section elementor-top-section elementor-element elementor-element-9960e3e elementor-section-boxed elementor-section-height-default elementor-section-height-default\" data-id=\"9960e3e\" data-element_type=\"section\">\n\t\t\t\t\t\t<div class=\"elementor-container elementor-column-gap-default\">\n\t\t\t\t\t<div class=\"elementor-column elementor-col-100 elementor-top-column elementor-element elementor-element-32fdf06\" data-id=\"32fdf06\" data-element_type=\"column\">\n\t\t\t<div class=\"elementor-widget-wrap elementor-element-populated\">\n\t\t\t\t\t\t<div class=\"elementor-element elementor-element-00ef530 elementor-widget elementor-widget-spacer\" data-id=\"00ef530\" data-element_type=\"widget\" data-widget_type=\"spacer.default\">\n\t\t\t\t<div class=\"elementor-widget-container\">\n\t\t\t\t\t\t\t<div class=\"elementor-spacer\">\n\t\t\t<div class=\"elementor-spacer-inner\"><\/div>\n\t\t<\/div>\n\t\t\t\t\t\t<\/div>\n\t\t\t\t<\/div>\n\t\t\t\t\t<\/div>\n\t\t<\/div>\n\t\t\t\t\t<\/div>\n\t\t<\/section>\n\t\t\t\t<section class=\"elementor-section elementor-top-section elementor-element elementor-element-49c4c9c elementor-section-full_width elementor-section-content-middle elementor-section-stretched elementor-section-height-default elementor-section-height-default\" data-id=\"49c4c9c\" data-element_type=\"section\" data-settings=\"{&quot;stretch_section&quot;:&quot;section-stretched&quot;}\">\n\t\t\t\t\t\t<div class=\"elementor-container elementor-column-gap-default\">\n\t\t\t\t\t<div class=\"elementor-column elementor-col-50 elementor-top-column elementor-element elementor-element-5833840\" data-id=\"5833840\" data-element_type=\"column\" data-settings=\"{&quot;background_background&quot;:&quot;classic&quot;}\">\n\t\t\t<div class=\"elementor-widget-wrap elementor-element-populated\">\n\t\t\t\t\t\t<div class=\"elementor-element elementor-element-4354aca elementor-cta--valign-middle elementor-cta--skin-classic elementor-animated-content elementor-bg-transform elementor-bg-transform-zoom-in elementor-widget elementor-widget-call-to-action\" data-id=\"4354aca\" data-element_type=\"widget\" data-widget_type=\"call-to-action.default\">\n\t\t\t\t<div class=\"elementor-widget-container\">\n\t\t\t\t\t\t\t<div class=\"elementor-cta\">\n\t\t\t\t\t<div class=\"elementor-cta__bg-wrapper\">\n\t\t\t\t<div class=\"elementor-cta__bg elementor-bg\" style=\"background-image: url(https:\/\/grandaffi.it\/wp-content\/uploads\/2021\/09\/Mappa-centro-bianca-1536x487.png);\" role=\"img\" aria-label=\"Mappa centro bianca\"><\/div>\n\t\t\t\t<div class=\"elementor-cta__bg-overlay\"><\/div>\n\t\t\t<\/div>\n\t\t\t\t\t\t\t<div class=\"elementor-cta__content\">\n\t\t\t\t\n\t\t\t\t\t\t\t\t\t<h2 class=\"elementor-cta__title elementor-cta__content-item elementor-content-item\">\n\t\t\t\t\t\tDIE KARTE DES ZENTRUMS\t\t\t\t\t<\/h2>\n\t\t\t\t\n\t\t\t\t\n\t\t\t\t\t\t\t\t\t<div class=\"elementor-cta__button-wrapper elementor-cta__content-item elementor-content-item \">\n\t\t\t\t\t<a class=\"elementor-cta__button elementor-button elementor-size-\" href=\"\/de\/mappa-del-centro\/\">\n\t\t\t\t\t\tVai alla mappa\t\t\t\t\t<\/a>\n\t\t\t\t\t<\/div>\n\t\t\t\t\t\t\t<\/div>\n\t\t\t\t\t\t<\/div>\n\t\t\t\t\t\t<\/div>\n\t\t\t\t<\/div>\n\t\t\t\t\t<\/div>\n\t\t<\/div>\n\t\t\t\t<div class=\"elementor-column elementor-col-50 elementor-top-column elementor-element elementor-element-edc033e cont-box-shopping\" data-id=\"edc033e\" data-element_type=\"column\">\n\t\t\t<div class=\"elementor-widget-wrap elementor-element-populated\">\n\t\t\t\t\t\t<section class=\"elementor-section elementor-inner-section elementor-element elementor-element-1436ec9 elementor-section-boxed elementor-section-height-default elementor-section-height-default\" data-id=\"1436ec9\" data-element_type=\"section\">\n\t\t\t\t\t\t<div class=\"elementor-container elementor-column-gap-default\">\n\t\t\t\t\t<div class=\"elementor-column elementor-col-100 elementor-inner-column elementor-element elementor-element-16230f9\" data-id=\"16230f9\" data-element_type=\"column\">\n\t\t\t<div class=\"elementor-widget-wrap elementor-element-populated\">\n\t\t\t\t\t\t<div class=\"elementor-element elementor-element-33b4d7a blocco_overflow elementor-widget elementor-widget-html\" data-id=\"33b4d7a\" data-element_type=\"widget\" data-widget_type=\"html.default\">\n\t\t\t\t<div class=\"elementor-widget-container\">\n\t\t\t\t\t<a href=\"\/de\/il-nostro-centro\/servizi-green\/\" class=\"imagebox_shop\" style=\"background-image:url(\/wp-content\/uploads\/2021\/09\/GRANDAFFI-GREEN-IMMAGINE-scaled.jpg);\" >\n     <span style=\"z-index:2;text-align: center\">ALLE GR\u00dcNEN DIENSTLEISTUNGEN<\/span>\n    <span class=\"blackbox-shopping\"><\/span>\n<\/a>\t\t\t\t<\/div>\n\t\t\t\t<\/div>\n\t\t\t\t<div class=\"elementor-element elementor-element-9bc9da2 blocco_overflow elementor-widget elementor-widget-html\" data-id=\"9bc9da2\" data-element_type=\"widget\" data-widget_type=\"html.default\">\n\t\t\t\t<div class=\"elementor-widget-container\">\n\t\t\t\t\t<a href=\"\/de\/il-nostro-centro\/servizi\/\" class=\"imagebox_shop\" style=\"background-image:url(\/wp-content\/uploads\/2021\/09\/SERVICE-1-scaled.jpeg);\" >\n     <span style=\"z-index:2; text-align: center\">\n         \n         UNSERE DIENSTLEISTUNGEN\n         \n         <\/span>\n    <span class=\"blackbox-shopping\"><\/span>\n<\/a>\t\t\t\t<\/div>\n\t\t\t\t<\/div>\n\t\t\t\t\t<\/div>\n\t\t<\/div>\n\t\t\t\t\t<\/div>\n\t\t<\/section>\n\t\t\t\t\t<\/div>\n\t\t<\/div>\n\t\t\t\t\t<\/div>\n\t\t<\/section>\n\t\t\t\t<\/div>\n\t\t","protected":false},"excerpt":{"rendered":"<p>Startseite Das Zentrum f\u00fcr Shopping und Freizeit am Gardasee Das am 11. November 1995 eingeweihte Einkaufszentrum Grand\u2019Affi hat sich zu einem wichtigen kommerziellen Zentrum in der Region Affi (Verona) entwickelt und bietet eine breite Palette von Gesch\u00e4ften und Dienstleistungen, die alle Kundenw\u00fcnsche erf\u00fcllen. Im November 2013 wurde das Zentrum mit einem neuen Fl\u00fcgel auf zwei Ebenen und einer Tiefgarage erweitert,&hellip;<\/p>\n","protected":false},"author":1,"featured_media":0,"parent":0,"menu_order":0,"comment_status":"closed","ping_status":"closed","template":"","meta":{"_acf_changed":false,"footnotes":""},"class_list":["post-9546","page","type-page","status-publish","hentry"],"acf":[],"yoast_head":"<!-- This site is optimized with the Yoast SEO plugin v26.7 - https:\/\/yoast.com\/wordpress\/plugins\/seo\/ -->\n<title>Startseite - Grand&#039;Affi Shopping Center<\/title>\n<meta name=\"robots\" content=\"index, follow, max-snippet:-1, max-image-preview:large, max-video-preview:-1\" \/>\n<link rel=\"canonical\" href=\"https:\/\/grandaffi.it\/de\/startseite\/\" \/>\n<meta property=\"og:locale\" content=\"de_DE\" \/>\n<meta property=\"og:type\" content=\"article\" \/>\n<meta property=\"og:title\" content=\"Startseite - Grand&#039;Affi Shopping Center\" \/>\n<meta property=\"og:description\" content=\"Startseite Das Zentrum f\u00fcr Shopping und Freizeit am Gardasee Das am 11. November 1995 eingeweihte Einkaufszentrum Grand\u2019Affi hat sich zu einem wichtigen kommerziellen Zentrum in der Region Affi (Verona) entwickelt und bietet eine breite Palette von Gesch\u00e4ften und Dienstleistungen, die alle Kundenw\u00fcnsche erf\u00fcllen. Im November 2013 wurde das Zentrum mit einem neuen Fl\u00fcgel auf zwei Ebenen und einer Tiefgarage erweitert,&hellip;\" \/>\n<meta property=\"og:url\" content=\"https:\/\/grandaffi.it\/de\/startseite\/\" \/>\n<meta property=\"og:site_name\" content=\"Grand&#039;Affi Shopping Center\" \/>\n<meta property=\"article:publisher\" content=\"https:\/\/www.facebook.com\/GrandAffiShoppingCenter\" \/>\n<meta property=\"article:modified_time\" content=\"2025-06-27T10:22:16+00:00\" \/>\n<meta property=\"og:image\" content=\"https:\/\/grandaffi.it\/wp-content\/uploads\/2025\/07\/logo-grandaffi-30.png\" \/>\n\t<meta property=\"og:image:width\" content=\"1546\" \/>\n\t<meta property=\"og:image:height\" content=\"718\" \/>\n\t<meta property=\"og:image:type\" content=\"image\/png\" \/>\n<meta name=\"twitter:card\" content=\"summary_large_image\" \/>\n<meta name=\"twitter:site\" content=\"@grandaffi\" \/>\n<meta name=\"twitter:label1\" content=\"Gesch\u00e4tzte Lesezeit\" \/>\n\t<meta name=\"twitter:data1\" content=\"3\u00a0Minuten\" \/>\n<script type=\"application\/ld+json\" class=\"yoast-schema-graph\">{\"@context\":\"https:\/\/schema.org\",\"@graph\":[{\"@type\":\"WebPage\",\"@id\":\"https:\/\/grandaffi.it\/de\/startseite\/\",\"url\":\"https:\/\/grandaffi.it\/de\/startseite\/\",\"name\":\"Startseite - Grand&#039;Affi Shopping Center\",\"isPartOf\":{\"@id\":\"https:\/\/grandaffi.it\/de\/#website\"},\"datePublished\":\"2021-09-10T07:29:33+00:00\",\"dateModified\":\"2025-06-27T10:22:16+00:00\",\"breadcrumb\":{\"@id\":\"https:\/\/grandaffi.it\/de\/startseite\/#breadcrumb\"},\"inLanguage\":\"de\",\"potentialAction\":[{\"@type\":\"ReadAction\",\"target\":[\"https:\/\/grandaffi.it\/de\/startseite\/\"]}]},{\"@type\":\"BreadcrumbList\",\"@id\":\"https:\/\/grandaffi.it\/de\/startseite\/#breadcrumb\",\"itemListElement\":[{\"@type\":\"ListItem\",\"position\":1,\"name\":\"Home\",\"item\":\"https:\/\/grandaffi.it\/de\/\"},{\"@type\":\"ListItem\",\"position\":2,\"name\":\"Startseite\"}]},{\"@type\":\"WebSite\",\"@id\":\"https:\/\/grandaffi.it\/de\/#website\",\"url\":\"https:\/\/grandaffi.it\/de\/\",\"name\":\"Grand'Affi Shopping Center\",\"description\":\"Il centro commerciale su misura per te\",\"publisher\":{\"@id\":\"https:\/\/grandaffi.it\/de\/#organization\"},\"alternateName\":\"Il centro commerciale di Verona\",\"potentialAction\":[{\"@type\":\"SearchAction\",\"target\":{\"@type\":\"EntryPoint\",\"urlTemplate\":\"https:\/\/grandaffi.it\/de\/?s={search_term_string}\"},\"query-input\":{\"@type\":\"PropertyValueSpecification\",\"valueRequired\":true,\"valueName\":\"search_term_string\"}}],\"inLanguage\":\"de\"},{\"@type\":\"Organization\",\"@id\":\"https:\/\/grandaffi.it\/de\/#organization\",\"name\":\"Grand'Affi Shopping Center\",\"url\":\"https:\/\/grandaffi.it\/de\/\",\"logo\":{\"@type\":\"ImageObject\",\"inLanguage\":\"de\",\"@id\":\"https:\/\/grandaffi.it\/de\/#\/schema\/logo\/image\/\",\"url\":\"https:\/\/grandaffi.it\/wp-content\/uploads\/2025\/07\/logo-grandaffi-30.png\",\"contentUrl\":\"https:\/\/grandaffi.it\/wp-content\/uploads\/2025\/07\/logo-grandaffi-30.png\",\"width\":1546,\"height\":718,\"caption\":\"Grand'Affi Shopping Center\"},\"image\":{\"@id\":\"https:\/\/grandaffi.it\/de\/#\/schema\/logo\/image\/\"},\"sameAs\":[\"https:\/\/www.facebook.com\/GrandAffiShoppingCenter\",\"https:\/\/x.com\/grandaffi\",\"https:\/\/www.instagram.com\/grand_affi_shopping_center\/?hl=it\"]}]}<\/script>\n<!-- \/ Yoast SEO plugin. -->","yoast_head_json":{"title":"Startseite - Grand&#039;Affi Shopping Center","robots":{"index":"index","follow":"follow","max-snippet":"max-snippet:-1","max-image-preview":"max-image-preview:large","max-video-preview":"max-video-preview:-1"},"canonical":"https:\/\/grandaffi.it\/de\/startseite\/","og_locale":"de_DE","og_type":"article","og_title":"Startseite - Grand&#039;Affi Shopping Center","og_description":"Startseite Das Zentrum f\u00fcr Shopping und Freizeit am Gardasee Das am 11. November 1995 eingeweihte Einkaufszentrum Grand\u2019Affi hat sich zu einem wichtigen kommerziellen Zentrum in der Region Affi (Verona) entwickelt und bietet eine breite Palette von Gesch\u00e4ften und Dienstleistungen, die alle Kundenw\u00fcnsche erf\u00fcllen. Im November 2013 wurde das Zentrum mit einem neuen Fl\u00fcgel auf zwei Ebenen und einer Tiefgarage erweitert,&hellip;","og_url":"https:\/\/grandaffi.it\/de\/startseite\/","og_site_name":"Grand&#039;Affi Shopping Center","article_publisher":"https:\/\/www.facebook.com\/GrandAffiShoppingCenter","article_modified_time":"2025-06-27T10:22:16+00:00","og_image":[{"width":1546,"height":718,"url":"https:\/\/grandaffi.it\/wp-content\/uploads\/2025\/07\/logo-grandaffi-30.png","type":"image\/png"}],"twitter_card":"summary_large_image","twitter_site":"@grandaffi","twitter_misc":{"Gesch\u00e4tzte Lesezeit":"3\u00a0Minuten"},"schema":{"@context":"https:\/\/schema.org","@graph":[{"@type":"WebPage","@id":"https:\/\/grandaffi.it\/de\/startseite\/","url":"https:\/\/grandaffi.it\/de\/startseite\/","name":"Startseite - Grand&#039;Affi Shopping Center","isPartOf":{"@id":"https:\/\/grandaffi.it\/de\/#website"},"datePublished":"2021-09-10T07:29:33+00:00","dateModified":"2025-06-27T10:22:16+00:00","breadcrumb":{"@id":"https:\/\/grandaffi.it\/de\/startseite\/#breadcrumb"},"inLanguage":"de","potentialAction":[{"@type":"ReadAction","target":["https:\/\/grandaffi.it\/de\/startseite\/"]}]},{"@type":"BreadcrumbList","@id":"https:\/\/grandaffi.it\/de\/startseite\/#breadcrumb","itemListElement":[{"@type":"ListItem","position":1,"name":"Home","item":"https:\/\/grandaffi.it\/de\/"},{"@type":"ListItem","position":2,"name":"Startseite"}]},{"@type":"WebSite","@id":"https:\/\/grandaffi.it\/de\/#website","url":"https:\/\/grandaffi.it\/de\/","name":"Grand'Affi Shopping Center","description":"Il centro commerciale su misura per te","publisher":{"@id":"https:\/\/grandaffi.it\/de\/#organization"},"alternateName":"Il centro commerciale di Verona","potentialAction":[{"@type":"SearchAction","target":{"@type":"EntryPoint","urlTemplate":"https:\/\/grandaffi.it\/de\/?s={search_term_string}"},"query-input":{"@type":"PropertyValueSpecification","valueRequired":true,"valueName":"search_term_string"}}],"inLanguage":"de"},{"@type":"Organization","@id":"https:\/\/grandaffi.it\/de\/#organization","name":"Grand'Affi Shopping Center","url":"https:\/\/grandaffi.it\/de\/","logo":{"@type":"ImageObject","inLanguage":"de","@id":"https:\/\/grandaffi.it\/de\/#\/schema\/logo\/image\/","url":"https:\/\/grandaffi.it\/wp-content\/uploads\/2025\/07\/logo-grandaffi-30.png","contentUrl":"https:\/\/grandaffi.it\/wp-content\/uploads\/2025\/07\/logo-grandaffi-30.png","width":1546,"height":718,"caption":"Grand'Affi Shopping Center"},"image":{"@id":"https:\/\/grandaffi.it\/de\/#\/schema\/logo\/image\/"},"sameAs":["https:\/\/www.facebook.com\/GrandAffiShoppingCenter","https:\/\/x.com\/grandaffi","https:\/\/www.instagram.com\/grand_affi_shopping_center\/?hl=it"]}]}},"_links":{"self":[{"href":"https:\/\/grandaffi.it\/de\/wp-json\/wp\/v2\/pages\/9546","targetHints":{"allow":["GET"]}}],"collection":[{"href":"https:\/\/grandaffi.it\/de\/wp-json\/wp\/v2\/pages"}],"about":[{"href":"https:\/\/grandaffi.it\/de\/wp-json\/wp\/v2\/types\/page"}],"author":[{"embeddable":true,"href":"https:\/\/grandaffi.it\/de\/wp-json\/wp\/v2\/users\/1"}],"replies":[{"embeddable":true,"href":"https:\/\/grandaffi.it\/de\/wp-json\/wp\/v2\/comments?post=9546"}],"version-history":[{"count":5,"href":"https:\/\/grandaffi.it\/de\/wp-json\/wp\/v2\/pages\/9546\/revisions"}],"predecessor-version":[{"id":21391,"href":"https:\/\/grandaffi.it\/de\/wp-json\/wp\/v2\/pages\/9546\/revisions\/21391"}],"wp:attachment":[{"href":"https:\/\/grandaffi.it\/de\/wp-json\/wp\/v2\/media?parent=9546"}],"curies":[{"name":"wp","href":"https:\/\/api.w.org\/{rel}","templated":true}]}}