{"id":9531,"date":"2021-09-09T12:25:35","date_gmt":"2021-09-09T10:25:35","guid":{"rendered":"http:\/\/sviluppo.grandaffi.it\/l-erbolario\/"},"modified":"2025-06-09T16:11:04","modified_gmt":"2025-06-09T14:11:04","slug":"l-erbolario","status":"publish","type":"page","link":"https:\/\/grandaffi.it\/de\/l-erbolario\/","title":{"rendered":"L&#8217;Erbolario"},"content":{"rendered":"\t\t<div data-elementor-type=\"wp-page\" data-elementor-id=\"9531\" class=\"elementor elementor-9531 elementor-1229\" data-elementor-post-type=\"page\">\n\t\t\t\t\t\t<section class=\"elementor-section elementor-top-section elementor-element elementor-element-yebwvh0 elementor-section-full_width elementor-section-content-bottom elementor-section-stretched elementor-section-height-default elementor-section-height-default\" data-id=\"yebwvh0\" data-element_type=\"section\" data-settings=\"{&quot;background_background&quot;:&quot;classic&quot;,&quot;stretch_section&quot;:&quot;section-stretched&quot;}\">\n\t\t\t\t\t\t\t<div class=\"elementor-background-overlay\"><\/div>\n\t\t\t\t\t\t\t<div class=\"elementor-container elementor-column-gap-default\">\n\t\t\t\t\t<div class=\"elementor-column elementor-col-50 elementor-top-column elementor-element elementor-element-omvr2pg\" data-id=\"omvr2pg\" data-element_type=\"column\">\n\t\t\t<div class=\"elementor-widget-wrap elementor-element-populated\">\n\t\t\t\t\t\t<div class=\"elementor-element elementor-element-9iv671i elementor-widget elementor-widget-spacer\" data-id=\"9iv671i\" data-element_type=\"widget\" data-widget_type=\"spacer.default\">\n\t\t\t\t<div class=\"elementor-widget-container\">\n\t\t\t\t\t\t\t<div class=\"elementor-spacer\">\n\t\t\t<div class=\"elementor-spacer-inner\"><\/div>\n\t\t<\/div>\n\t\t\t\t\t\t<\/div>\n\t\t\t\t<\/div>\n\t\t\t\t<div class=\"elementor-element elementor-element-e4uxbir elementor-widget elementor-widget-image\" data-id=\"e4uxbir\" data-element_type=\"widget\" data-widget_type=\"image.default\">\n\t\t\t\t<div class=\"elementor-widget-container\">\n\t\t\t\t\t\t\t\t\t\t\t\t\t\t\t<img decoding=\"async\" src=\"\/wp-content\/uploads\/2021\/09\/LErbolario.png\" title=\"\" alt=\"\" loading=\"lazy\" \/>\t\t\t\t\t\t\t\t\t\t\t\t\t\t\t<\/div>\n\t\t\t\t<\/div>\n\t\t\t\t<div class=\"elementor-element elementor-element-nnqmi28 elementor-widget elementor-widget-text-editor\" data-id=\"nnqmi28\" data-element_type=\"widget\" data-widget_type=\"text-editor.default\">\n\t\t\t\t<div class=\"elementor-widget-container\">\n\t\t\t\t\t\t\t\t\t<div class=\"wpb_wrapper\"><section id=\"section-id-1477309430981\" class=\"sppb-section \"><div class=\"sppb-row-container\"><div class=\"sppb-row\"><div class=\"sppb-col-md-6\"><div id=\"column-id-1477309430983\" class=\"sppb-column \"><div class=\"sppb-column-addons\"><div id=\"sppb-addon-1477309430989\" class=\"clearfix\"><div class=\"sppb-addon sppb-addon-text-block sppb-text-left \"><div class=\"sppb-addon-content\"><p><span data-olk-copy-source=\"MessageBody\">L\u2019Erbolario: Natur, die Formel der Sch\u00f6nheit!<\/span><\/p><p>Nat\u00fcrliche Kosmetik und Kr\u00e4uterprodukte: aus der Natur, das Geheimnis deiner Sch\u00f6nheit.<\/p><p>Verkauf von Kosmetikprodukten f\u00fcr Gesicht und K\u00f6rper, Raumd\u00fcften und Sch\u00f6nheitsaccessoires: die Sicherheit und Wirksamkeit der Produkte von L\u2019Erbolario sind durch klinische Tests an der Universit\u00e4t Pavia zertifiziert.<\/p><p>Aus der Verbindung von L\u2019Erbolarios Erfahrung und dem Wissen von Dr. Mearelli entstehen zudem die Produkte der Marke Erbamea: eine gro\u00dfe Auswahl an Kr\u00e4utern und deren Derivaten, die du in unserem Gesch\u00e4ft finden kannst.<\/p><\/div><\/div><\/div><\/div><\/div><\/div><\/div><\/div><\/section><\/div>\t\t\t\t\t\t\t\t<\/div>\n\t\t\t\t<\/div>\n\t\t\t\t\t<\/div>\n\t\t<\/div>\n\t\t\t\t<div class=\"elementor-column elementor-col-50 elementor-top-column elementor-element elementor-element-u33q5m5\" data-id=\"u33q5m5\" data-element_type=\"column\">\n\t\t\t<div class=\"elementor-widget-wrap elementor-element-populated\">\n\t\t\t\t\t\t<div class=\"elementor-element elementor-element-nc3ck1k elementor-icon-list--layout-traditional elementor-list-item-link-full_width elementor-widget elementor-widget-icon-list\" data-id=\"nc3ck1k\" data-element_type=\"widget\" data-widget_type=\"icon-list.default\">\n\t\t\t\t<div class=\"elementor-widget-container\">\n\t\t\t\t\t\t\t<ul class=\"elementor-icon-list-items\">\n\t\t\t\t\t\t\t<li class=\"elementor-icon-list-item\">\n\t\t\t\t\t\t\t\t\t\t\t<a href=\"tel:045%207236783\">\n\n\t\t\t\t\t\t\t\t\t\t\t\t<span class=\"elementor-icon-list-icon\">\n\t\t\t\t\t\t\t<i aria-hidden=\"true\" class=\"fas fa-phone-alt\"><\/i>\t\t\t\t\t\t<\/span>\n\t\t\t\t\t\t\t\t\t\t<span class=\"elementor-icon-list-text\">Phone. 045 7236783<\/span>\n\t\t\t\t\t\t\t\t\t\t\t<\/a>\n\t\t\t\t\t\t\t\t\t<\/li>\n\t\t\t\t\t\t\t\t<li class=\"elementor-icon-list-item\">\n\t\t\t\t\t\t\t\t\t\t\t<a href=\"http:\/\/instagram.com\/erbolario\" target=\"_blank\">\n\n\t\t\t\t\t\t\t\t\t\t\t\t<span class=\"elementor-icon-list-icon\">\n\t\t\t\t\t\t\t<i aria-hidden=\"true\" class=\"fab fa-instagram\"><\/i>\t\t\t\t\t\t<\/span>\n\t\t\t\t\t\t\t\t\t\t<span class=\"elementor-icon-list-text\">Instagram<\/span>\n\t\t\t\t\t\t\t\t\t\t\t<\/a>\n\t\t\t\t\t\t\t\t\t<\/li>\n\t\t\t\t\t\t\t\t<li class=\"elementor-icon-list-item\">\n\t\t\t\t\t\t\t\t\t\t\t<a href=\"https:\/\/www.facebook.com\/ERBOLARIO\" target=\"_blank\">\n\n\t\t\t\t\t\t\t\t\t\t\t\t<span class=\"elementor-icon-list-icon\">\n\t\t\t\t\t\t\t<i aria-hidden=\"true\" class=\"fab fa-facebook-square\"><\/i>\t\t\t\t\t\t<\/span>\n\t\t\t\t\t\t\t\t\t\t<span class=\"elementor-icon-list-text\">Facebook<\/span>\n\t\t\t\t\t\t\t\t\t\t\t<\/a>\n\t\t\t\t\t\t\t\t\t<\/li>\n\t\t\t\t\t\t\t\t<li class=\"elementor-icon-list-item\">\n\t\t\t\t\t\t\t\t\t\t\t<a href=\"https:\/\/www.tiktok.com\/@erbolario\" target=\"_blank\">\n\n\t\t\t\t\t\t\t\t\t\t\t\t<span class=\"elementor-icon-list-icon\">\n\t\t\t\t\t\t\t<i aria-hidden=\"true\" class=\"fab fa-tiktok\"><\/i>\t\t\t\t\t\t<\/span>\n\t\t\t\t\t\t\t\t\t\t<span class=\"elementor-icon-list-text\">TikTok<\/span>\n\t\t\t\t\t\t\t\t\t\t\t<\/a>\n\t\t\t\t\t\t\t\t\t<\/li>\n\t\t\t\t\t\t\t\t<li class=\"elementor-icon-list-item\">\n\t\t\t\t\t\t\t\t\t\t\t<a href=\"http:\/\/x.com\/erbolarioita\" target=\"_blank\">\n\n\t\t\t\t\t\t\t\t\t\t\t\t<span class=\"elementor-icon-list-icon\">\n\t\t\t\t\t\t\t<i aria-hidden=\"true\" class=\"fab fa-x-twitter\"><\/i>\t\t\t\t\t\t<\/span>\n\t\t\t\t\t\t\t\t\t\t<span class=\"elementor-icon-list-text\">X<\/span>\n\t\t\t\t\t\t\t\t\t\t\t<\/a>\n\t\t\t\t\t\t\t\t\t<\/li>\n\t\t\t\t\t\t\t\t<li class=\"elementor-icon-list-item\">\n\t\t\t\t\t\t\t\t\t\t\t<a href=\"http:\/\/www.linkedin.com\/company\/l&#039;erbolario\" target=\"_blank\">\n\n\t\t\t\t\t\t\t\t\t\t\t\t<span class=\"elementor-icon-list-icon\">\n\t\t\t\t\t\t\t<i aria-hidden=\"true\" class=\"fab fa-linkedin\"><\/i>\t\t\t\t\t\t<\/span>\n\t\t\t\t\t\t\t\t\t\t<span class=\"elementor-icon-list-text\">Linkedin<\/span>\n\t\t\t\t\t\t\t\t\t\t\t<\/a>\n\t\t\t\t\t\t\t\t\t<\/li>\n\t\t\t\t\t\t\t\t<li class=\"elementor-icon-list-item\">\n\t\t\t\t\t\t\t\t\t\t\t<a href=\"https:\/\/it.pinterest.com\/erbolariolodi\/\" target=\"_blank\">\n\n\t\t\t\t\t\t\t\t\t\t\t\t<span class=\"elementor-icon-list-icon\">\n\t\t\t\t\t\t\t<i aria-hidden=\"true\" class=\"fab fa-pinterest-square\"><\/i>\t\t\t\t\t\t<\/span>\n\t\t\t\t\t\t\t\t\t\t<span class=\"elementor-icon-list-text\">Pinterest<\/span>\n\t\t\t\t\t\t\t\t\t\t\t<\/a>\n\t\t\t\t\t\t\t\t\t<\/li>\n\t\t\t\t\t\t\t\t<li class=\"elementor-icon-list-item\">\n\t\t\t\t\t\t\t\t\t\t\t<a href=\"https:\/\/www.youtube.com\/ErbolarioLodi\" target=\"_blank\">\n\n\t\t\t\t\t\t\t\t\t\t\t\t<span class=\"elementor-icon-list-icon\">\n\t\t\t\t\t\t\t<i aria-hidden=\"true\" class=\"fab fa-youtube\"><\/i>\t\t\t\t\t\t<\/span>\n\t\t\t\t\t\t\t\t\t\t<span class=\"elementor-icon-list-text\">Youtube<\/span>\n\t\t\t\t\t\t\t\t\t\t\t<\/a>\n\t\t\t\t\t\t\t\t\t<\/li>\n\t\t\t\t\t\t<\/ul>\n\t\t\t\t\t\t<\/div>\n\t\t\t\t<\/div>\n\t\t\t\t\t<\/div>\n\t\t<\/div>\n\t\t\t\t\t<\/div>\n\t\t<\/section>\n\t\t\t\t<section class=\"elementor-section elementor-top-section elementor-element elementor-element-z2vhoqq elementor-section-stretched elementor-section-boxed elementor-section-height-default elementor-section-height-default\" data-id=\"z2vhoqq\" data-element_type=\"section\" data-settings=\"{&quot;background_background&quot;:&quot;classic&quot;,&quot;stretch_section&quot;:&quot;section-stretched&quot;}\">\n\t\t\t\t\t\t<div class=\"elementor-container elementor-column-gap-default\">\n\t\t\t\t\t<div class=\"elementor-column elementor-col-100 elementor-top-column elementor-element elementor-element-nx156qn\" data-id=\"nx156qn\" data-element_type=\"column\">\n\t\t\t<div class=\"elementor-widget-wrap elementor-element-populated\">\n\t\t\t\t\t\t<div class=\"elementor-element elementor-element-ar1ays4 elementor-widget elementor-widget-heading\" data-id=\"ar1ays4\" data-element_type=\"widget\" data-widget_type=\"heading.default\">\n\t\t\t\t<div class=\"elementor-widget-container\">\n\t\t\t\t\t<h3 class=\"elementor-heading-title elementor-size-default\">Wo Wir Sind<\/h3>\t\t\t\t<\/div>\n\t\t\t\t<\/div>\n\t\t\t\t\t<\/div>\n\t\t<\/div>\n\t\t\t\t\t<\/div>\n\t\t<\/section>\n\t\t\t\t<section class=\"elementor-section elementor-top-section elementor-element elementor-element-410cre5 elementor-section-full_width elementor-section-stretched elementor-section-height-default elementor-section-height-default\" data-id=\"410cre5\" data-element_type=\"section\" data-settings=\"{&quot;stretch_section&quot;:&quot;section-stretched&quot;}\">\n\t\t\t\t\t\t<div class=\"elementor-container elementor-column-gap-default\">\n\t\t\t\t\t<div class=\"elementor-column elementor-col-100 elementor-top-column elementor-element elementor-element-7jl127q gf_mappa_negozi\" data-id=\"7jl127q\" data-element_type=\"column\" data-settings=\"{&quot;background_background&quot;:&quot;classic&quot;}\">\n\t\t\t<div class=\"elementor-widget-wrap elementor-element-populated\">\n\t\t\t\t\t\t<div class=\"elementor-element elementor-element-kpksksf elementor-widget elementor-widget-spacer\" data-id=\"kpksksf\" data-element_type=\"widget\" data-widget_type=\"spacer.default\">\n\t\t\t\t<div class=\"elementor-widget-container\">\n\t\t\t\t\t\t\t<div class=\"elementor-spacer\">\n\t\t\t<div class=\"elementor-spacer-inner\"><\/div>\n\t\t<\/div>\n\t\t\t\t\t\t<\/div>\n\t\t\t\t<\/div>\n\t\t\t\t\t<\/div>\n\t\t<\/div>\n\t\t\t\t\t<\/div>\n\t\t<\/section>\n\t\t\t\t<section class=\"elementor-section elementor-top-section elementor-element elementor-element-t9ue4ke elementor-section-full_width elementor-section-stretched elementor-section-height-default elementor-section-height-default\" data-id=\"t9ue4ke\" data-element_type=\"section\" data-settings=\"{&quot;background_background&quot;:&quot;classic&quot;,&quot;stretch_section&quot;:&quot;section-stretched&quot;}\">\n\t\t\t\t\t\t<div class=\"elementor-container elementor-column-gap-default\">\n\t\t\t\t\t<div class=\"elementor-column elementor-col-100 elementor-top-column elementor-element elementor-element-b4cn0ij\" data-id=\"b4cn0ij\" data-element_type=\"column\" data-settings=\"{&quot;background_background&quot;:&quot;classic&quot;}\">\n\t\t\t<div class=\"elementor-widget-wrap elementor-element-populated\">\n\t\t\t\t\t\t<div class=\"elementor-element elementor-element-picklyv elementor-widget elementor-widget-gallery\" data-id=\"picklyv\" data-element_type=\"widget\" data-settings=\"{&quot;columns&quot;:3,&quot;gap&quot;:{&quot;unit&quot;:&quot;px&quot;,&quot;size&quot;:0,&quot;sizes&quot;:[]},&quot;aspect_ratio&quot;:&quot;1:1&quot;,&quot;image_hover_animation&quot;:&quot;grow&quot;,&quot;columns_tablet&quot;:3,&quot;gap_tablet&quot;:{&quot;unit&quot;:&quot;px&quot;,&quot;size&quot;:0,&quot;sizes&quot;:[]},&quot;gap_mobile&quot;:{&quot;unit&quot;:&quot;px&quot;,&quot;size&quot;:0,&quot;sizes&quot;:[]},&quot;lazyload&quot;:&quot;yes&quot;,&quot;gallery_layout&quot;:&quot;grid&quot;,&quot;columns_mobile&quot;:1,&quot;link_to&quot;:&quot;file&quot;,&quot;overlay_background&quot;:&quot;yes&quot;,&quot;content_hover_animation&quot;:&quot;fade-in&quot;}\" data-widget_type=\"gallery.default\">\n\t\t\t\t<div class=\"elementor-widget-container\">\n\t\t\t\t\t\t\t<div class=\"elementor-gallery__container\">\n\t\t\t\t\t\t\t<a class=\"e-gallery-item elementor-gallery-item elementor-animated-content\" href=\"https:\/\/grandaffi.it\/wp-content\/uploads\/2025\/06\/R2_5692-scaled.jpg\" data-elementor-open-lightbox=\"yes\" data-elementor-lightbox-slideshow=\"picklyv\" data-e-action-hash=\"#elementor-action%3Aaction%3Dlightbox%26settings%3DeyJpZCI6MTg0NTUsInVybCI6Imh0dHBzOlwvXC9ncmFuZGFmZmkuaXRcL3dwLWNvbnRlbnRcL3VwbG9hZHNcLzIwMjVcLzA2XC9SMl81NjkyLXNjYWxlZC5qcGciLCJzbGlkZXNob3ciOiJwaWNrbHl2In0%3D\">\n\t\t\t\t\t<div class=\"e-gallery-image elementor-gallery-item__image\" data-thumbnail=\"https:\/\/grandaffi.it\/wp-content\/uploads\/2025\/06\/R2_5692-scaled.jpg\" data-width=\"2560\" data-height=\"1707\" aria-label=\"\" role=\"img\" ><\/div>\n\t\t\t\t\t\t\t\t\t\t\t<div class=\"elementor-gallery-item__overlay\"><\/div>\n\t\t\t\t\t\t\t\t\t\t\t\t\t\t<\/a>\n\t\t\t\t\t\t\t<a class=\"e-gallery-item elementor-gallery-item elementor-animated-content\" href=\"https:\/\/grandaffi.it\/wp-content\/uploads\/2025\/06\/R2_5697-scaled.jpg\" data-elementor-open-lightbox=\"yes\" data-elementor-lightbox-slideshow=\"picklyv\" data-e-action-hash=\"#elementor-action%3Aaction%3Dlightbox%26settings%3DeyJpZCI6MTg0NTgsInVybCI6Imh0dHBzOlwvXC9ncmFuZGFmZmkuaXRcL3dwLWNvbnRlbnRcL3VwbG9hZHNcLzIwMjVcLzA2XC9SMl81Njk3LXNjYWxlZC5qcGciLCJzbGlkZXNob3ciOiJwaWNrbHl2In0%3D\">\n\t\t\t\t\t<div class=\"e-gallery-image elementor-gallery-item__image\" data-thumbnail=\"https:\/\/grandaffi.it\/wp-content\/uploads\/2025\/06\/R2_5697-scaled.jpg\" data-width=\"2560\" data-height=\"1707\" aria-label=\"\" role=\"img\" ><\/div>\n\t\t\t\t\t\t\t\t\t\t\t<div class=\"elementor-gallery-item__overlay\"><\/div>\n\t\t\t\t\t\t\t\t\t\t\t\t\t\t<\/a>\n\t\t\t\t\t\t\t<a class=\"e-gallery-item elementor-gallery-item elementor-animated-content\" href=\"https:\/\/grandaffi.it\/wp-content\/uploads\/2025\/06\/R2_5698-scaled.jpg\" data-elementor-open-lightbox=\"yes\" data-elementor-lightbox-slideshow=\"picklyv\" data-e-action-hash=\"#elementor-action%3Aaction%3Dlightbox%26settings%3DeyJpZCI6MTg0NjEsInVybCI6Imh0dHBzOlwvXC9ncmFuZGFmZmkuaXRcL3dwLWNvbnRlbnRcL3VwbG9hZHNcLzIwMjVcLzA2XC9SMl81Njk4LXNjYWxlZC5qcGciLCJzbGlkZXNob3ciOiJwaWNrbHl2In0%3D\">\n\t\t\t\t\t<div class=\"e-gallery-image elementor-gallery-item__image\" data-thumbnail=\"https:\/\/grandaffi.it\/wp-content\/uploads\/2025\/06\/R2_5698-scaled.jpg\" data-width=\"2560\" data-height=\"1707\" aria-label=\"\" role=\"img\" ><\/div>\n\t\t\t\t\t\t\t\t\t\t\t<div class=\"elementor-gallery-item__overlay\"><\/div>\n\t\t\t\t\t\t\t\t\t\t\t\t\t\t<\/a>\n\t\t\t\t\t<\/div>\n\t\t\t\t\t<\/div>\n\t\t\t\t<\/div>\n\t\t\t\t\t<\/div>\n\t\t<\/div>\n\t\t\t\t\t<\/div>\n\t\t<\/section>\n\t\t\t\t<\/div>\n\t\t","protected":false},"excerpt":{"rendered":"<p>L\u2019Erbolario: Natur, die Formel der Sch\u00f6nheit! Nat\u00fcrliche Kosmetik und Kr\u00e4uterprodukte: aus der Natur, das Geheimnis deiner Sch\u00f6nheit. Verkauf von Kosmetikprodukten f\u00fcr Gesicht und K\u00f6rper, Raumd\u00fcften und Sch\u00f6nheitsaccessoires: die Sicherheit und Wirksamkeit der Produkte von L\u2019Erbolario sind durch klinische Tests an der Universit\u00e4t Pavia zertifiziert. Aus der Verbindung von L\u2019Erbolarios Erfahrung und dem Wissen von Dr. Mearelli entstehen zudem die Produkte&hellip;<\/p>\n","protected":false},"author":1,"featured_media":0,"parent":0,"menu_order":0,"comment_status":"closed","ping_status":"closed","template":"","meta":{"_acf_changed":false,"footnotes":""},"class_list":["post-9531","page","type-page","status-publish","hentry"],"acf":[],"yoast_head":"<!-- This site is optimized with the Yoast SEO plugin v26.7 - https:\/\/yoast.com\/wordpress\/plugins\/seo\/ -->\n<title>L&#039;Erbolario - Grand&#039;Affi Shopping Center<\/title>\n<meta name=\"robots\" content=\"index, follow, max-snippet:-1, max-image-preview:large, max-video-preview:-1\" \/>\n<link rel=\"canonical\" href=\"https:\/\/grandaffi.it\/de\/l-erbolario\/\" \/>\n<meta property=\"og:locale\" content=\"de_DE\" \/>\n<meta property=\"og:type\" content=\"article\" \/>\n<meta property=\"og:title\" content=\"L&#039;Erbolario - Grand&#039;Affi Shopping Center\" \/>\n<meta property=\"og:description\" content=\"L\u2019Erbolario: Natur, die Formel der Sch\u00f6nheit! Nat\u00fcrliche Kosmetik und Kr\u00e4uterprodukte: aus der Natur, das Geheimnis deiner Sch\u00f6nheit. Verkauf von Kosmetikprodukten f\u00fcr Gesicht und K\u00f6rper, Raumd\u00fcften und Sch\u00f6nheitsaccessoires: die Sicherheit und Wirksamkeit der Produkte von L\u2019Erbolario sind durch klinische Tests an der Universit\u00e4t Pavia zertifiziert. Aus der Verbindung von L\u2019Erbolarios Erfahrung und dem Wissen von Dr. Mearelli entstehen zudem die Produkte&hellip;\" \/>\n<meta property=\"og:url\" content=\"https:\/\/grandaffi.it\/de\/l-erbolario\/\" \/>\n<meta property=\"og:site_name\" content=\"Grand&#039;Affi Shopping Center\" \/>\n<meta property=\"article:publisher\" content=\"https:\/\/www.facebook.com\/GrandAffiShoppingCenter\" \/>\n<meta property=\"article:modified_time\" content=\"2025-06-09T14:11:04+00:00\" \/>\n<meta property=\"og:image\" content=\"https:\/\/grandaffi.it\/wp-content\/uploads\/2025\/07\/logo-grandaffi-30.png\" \/>\n\t<meta property=\"og:image:width\" content=\"1546\" \/>\n\t<meta property=\"og:image:height\" content=\"718\" \/>\n\t<meta property=\"og:image:type\" content=\"image\/png\" \/>\n<meta name=\"twitter:card\" content=\"summary_large_image\" \/>\n<meta name=\"twitter:site\" content=\"@grandaffi\" \/>\n<meta name=\"twitter:label1\" content=\"Gesch\u00e4tzte Lesezeit\" \/>\n\t<meta name=\"twitter:data1\" content=\"1\u00a0Minute\" \/>\n<script type=\"application\/ld+json\" class=\"yoast-schema-graph\">{\"@context\":\"https:\/\/schema.org\",\"@graph\":[{\"@type\":\"WebPage\",\"@id\":\"https:\/\/grandaffi.it\/de\/l-erbolario\/\",\"url\":\"https:\/\/grandaffi.it\/de\/l-erbolario\/\",\"name\":\"L'Erbolario - Grand&#039;Affi Shopping Center\",\"isPartOf\":{\"@id\":\"https:\/\/grandaffi.it\/de\/#website\"},\"datePublished\":\"2021-09-09T10:25:35+00:00\",\"dateModified\":\"2025-06-09T14:11:04+00:00\",\"breadcrumb\":{\"@id\":\"https:\/\/grandaffi.it\/de\/l-erbolario\/#breadcrumb\"},\"inLanguage\":\"de\",\"potentialAction\":[{\"@type\":\"ReadAction\",\"target\":[\"https:\/\/grandaffi.it\/de\/l-erbolario\/\"]}]},{\"@type\":\"BreadcrumbList\",\"@id\":\"https:\/\/grandaffi.it\/de\/l-erbolario\/#breadcrumb\",\"itemListElement\":[{\"@type\":\"ListItem\",\"position\":1,\"name\":\"Home\",\"item\":\"https:\/\/grandaffi.it\/de\/\"},{\"@type\":\"ListItem\",\"position\":2,\"name\":\"L&#8217;Erbolario\"}]},{\"@type\":\"WebSite\",\"@id\":\"https:\/\/grandaffi.it\/de\/#website\",\"url\":\"https:\/\/grandaffi.it\/de\/\",\"name\":\"Grand'Affi Shopping Center\",\"description\":\"Il centro commerciale su misura per te\",\"publisher\":{\"@id\":\"https:\/\/grandaffi.it\/de\/#organization\"},\"alternateName\":\"Il centro commerciale di Verona\",\"potentialAction\":[{\"@type\":\"SearchAction\",\"target\":{\"@type\":\"EntryPoint\",\"urlTemplate\":\"https:\/\/grandaffi.it\/de\/?s={search_term_string}\"},\"query-input\":{\"@type\":\"PropertyValueSpecification\",\"valueRequired\":true,\"valueName\":\"search_term_string\"}}],\"inLanguage\":\"de\"},{\"@type\":\"Organization\",\"@id\":\"https:\/\/grandaffi.it\/de\/#organization\",\"name\":\"Grand'Affi Shopping Center\",\"url\":\"https:\/\/grandaffi.it\/de\/\",\"logo\":{\"@type\":\"ImageObject\",\"inLanguage\":\"de\",\"@id\":\"https:\/\/grandaffi.it\/de\/#\/schema\/logo\/image\/\",\"url\":\"https:\/\/grandaffi.it\/wp-content\/uploads\/2025\/07\/logo-grandaffi-30.png\",\"contentUrl\":\"https:\/\/grandaffi.it\/wp-content\/uploads\/2025\/07\/logo-grandaffi-30.png\",\"width\":1546,\"height\":718,\"caption\":\"Grand'Affi Shopping Center\"},\"image\":{\"@id\":\"https:\/\/grandaffi.it\/de\/#\/schema\/logo\/image\/\"},\"sameAs\":[\"https:\/\/www.facebook.com\/GrandAffiShoppingCenter\",\"https:\/\/x.com\/grandaffi\",\"https:\/\/www.instagram.com\/grand_affi_shopping_center\/?hl=it\"]}]}<\/script>\n<!-- \/ Yoast SEO plugin. -->","yoast_head_json":{"title":"L'Erbolario - Grand&#039;Affi Shopping Center","robots":{"index":"index","follow":"follow","max-snippet":"max-snippet:-1","max-image-preview":"max-image-preview:large","max-video-preview":"max-video-preview:-1"},"canonical":"https:\/\/grandaffi.it\/de\/l-erbolario\/","og_locale":"de_DE","og_type":"article","og_title":"L'Erbolario - Grand&#039;Affi Shopping Center","og_description":"L\u2019Erbolario: Natur, die Formel der Sch\u00f6nheit! Nat\u00fcrliche Kosmetik und Kr\u00e4uterprodukte: aus der Natur, das Geheimnis deiner Sch\u00f6nheit. Verkauf von Kosmetikprodukten f\u00fcr Gesicht und K\u00f6rper, Raumd\u00fcften und Sch\u00f6nheitsaccessoires: die Sicherheit und Wirksamkeit der Produkte von L\u2019Erbolario sind durch klinische Tests an der Universit\u00e4t Pavia zertifiziert. Aus der Verbindung von L\u2019Erbolarios Erfahrung und dem Wissen von Dr. Mearelli entstehen zudem die Produkte&hellip;","og_url":"https:\/\/grandaffi.it\/de\/l-erbolario\/","og_site_name":"Grand&#039;Affi Shopping Center","article_publisher":"https:\/\/www.facebook.com\/GrandAffiShoppingCenter","article_modified_time":"2025-06-09T14:11:04+00:00","og_image":[{"width":1546,"height":718,"url":"https:\/\/grandaffi.it\/wp-content\/uploads\/2025\/07\/logo-grandaffi-30.png","type":"image\/png"}],"twitter_card":"summary_large_image","twitter_site":"@grandaffi","twitter_misc":{"Gesch\u00e4tzte Lesezeit":"1\u00a0Minute"},"schema":{"@context":"https:\/\/schema.org","@graph":[{"@type":"WebPage","@id":"https:\/\/grandaffi.it\/de\/l-erbolario\/","url":"https:\/\/grandaffi.it\/de\/l-erbolario\/","name":"L'Erbolario - Grand&#039;Affi Shopping Center","isPartOf":{"@id":"https:\/\/grandaffi.it\/de\/#website"},"datePublished":"2021-09-09T10:25:35+00:00","dateModified":"2025-06-09T14:11:04+00:00","breadcrumb":{"@id":"https:\/\/grandaffi.it\/de\/l-erbolario\/#breadcrumb"},"inLanguage":"de","potentialAction":[{"@type":"ReadAction","target":["https:\/\/grandaffi.it\/de\/l-erbolario\/"]}]},{"@type":"BreadcrumbList","@id":"https:\/\/grandaffi.it\/de\/l-erbolario\/#breadcrumb","itemListElement":[{"@type":"ListItem","position":1,"name":"Home","item":"https:\/\/grandaffi.it\/de\/"},{"@type":"ListItem","position":2,"name":"L&#8217;Erbolario"}]},{"@type":"WebSite","@id":"https:\/\/grandaffi.it\/de\/#website","url":"https:\/\/grandaffi.it\/de\/","name":"Grand'Affi Shopping Center","description":"Il centro commerciale su misura per te","publisher":{"@id":"https:\/\/grandaffi.it\/de\/#organization"},"alternateName":"Il centro commerciale di Verona","potentialAction":[{"@type":"SearchAction","target":{"@type":"EntryPoint","urlTemplate":"https:\/\/grandaffi.it\/de\/?s={search_term_string}"},"query-input":{"@type":"PropertyValueSpecification","valueRequired":true,"valueName":"search_term_string"}}],"inLanguage":"de"},{"@type":"Organization","@id":"https:\/\/grandaffi.it\/de\/#organization","name":"Grand'Affi Shopping Center","url":"https:\/\/grandaffi.it\/de\/","logo":{"@type":"ImageObject","inLanguage":"de","@id":"https:\/\/grandaffi.it\/de\/#\/schema\/logo\/image\/","url":"https:\/\/grandaffi.it\/wp-content\/uploads\/2025\/07\/logo-grandaffi-30.png","contentUrl":"https:\/\/grandaffi.it\/wp-content\/uploads\/2025\/07\/logo-grandaffi-30.png","width":1546,"height":718,"caption":"Grand'Affi Shopping Center"},"image":{"@id":"https:\/\/grandaffi.it\/de\/#\/schema\/logo\/image\/"},"sameAs":["https:\/\/www.facebook.com\/GrandAffiShoppingCenter","https:\/\/x.com\/grandaffi","https:\/\/www.instagram.com\/grand_affi_shopping_center\/?hl=it"]}]}},"_links":{"self":[{"href":"https:\/\/grandaffi.it\/de\/wp-json\/wp\/v2\/pages\/9531","targetHints":{"allow":["GET"]}}],"collection":[{"href":"https:\/\/grandaffi.it\/de\/wp-json\/wp\/v2\/pages"}],"about":[{"href":"https:\/\/grandaffi.it\/de\/wp-json\/wp\/v2\/types\/page"}],"author":[{"embeddable":true,"href":"https:\/\/grandaffi.it\/de\/wp-json\/wp\/v2\/users\/1"}],"replies":[{"embeddable":true,"href":"https:\/\/grandaffi.it\/de\/wp-json\/wp\/v2\/comments?post=9531"}],"version-history":[{"count":3,"href":"https:\/\/grandaffi.it\/de\/wp-json\/wp\/v2\/pages\/9531\/revisions"}],"predecessor-version":[{"id":18479,"href":"https:\/\/grandaffi.it\/de\/wp-json\/wp\/v2\/pages\/9531\/revisions\/18479"}],"wp:attachment":[{"href":"https:\/\/grandaffi.it\/de\/wp-json\/wp\/v2\/media?parent=9531"}],"curies":[{"name":"wp","href":"https:\/\/api.w.org\/{rel}","templated":true}]}}