{"id":9451,"date":"2021-09-16T17:20:08","date_gmt":"2021-09-16T15:20:08","guid":{"rendered":"http:\/\/sviluppo.grandaffi.it\/servizi-green\/"},"modified":"2025-03-26T11:22:14","modified_gmt":"2025-03-26T10:22:14","slug":"servizi-green","status":"publish","type":"page","link":"https:\/\/grandaffi.it\/de\/startseite\/servizi-green\/","title":{"rendered":"Servizi Green"},"content":{"rendered":"\t\t<div data-elementor-type=\"wp-page\" data-elementor-id=\"9451\" class=\"elementor elementor-9451 elementor-1900\" data-elementor-post-type=\"page\">\n\t\t\t\t\t\t<section class=\"elementor-section elementor-top-section elementor-element elementor-element-d6cfb35 elementor-section-full_width elementor-section-stretched grandaffi_titolo elementor-section-height-default elementor-section-height-default\" data-id=\"d6cfb35\" data-element_type=\"section\" data-settings=\"{&quot;stretch_section&quot;:&quot;section-stretched&quot;,&quot;background_background&quot;:&quot;classic&quot;}\">\n\t\t\t\t\t\t<div class=\"elementor-container elementor-column-gap-default\">\n\t\t\t\t\t<div class=\"elementor-column elementor-col-100 elementor-top-column elementor-element elementor-element-5660594\" data-id=\"5660594\" data-element_type=\"column\">\n\t\t\t<div class=\"elementor-widget-wrap elementor-element-populated\">\n\t\t\t\t\t\t<div class=\"elementor-element elementor-element-cf5fe89 elementor-widget__width-initial elementor-hidden-mobile elementor-hidden-desktop elementor-hidden-tablet elementor-widget-divider--view-line elementor-widget elementor-widget-divider\" data-id=\"cf5fe89\" data-element_type=\"widget\" data-widget_type=\"divider.default\">\n\t\t\t\t<div class=\"elementor-widget-container\">\n\t\t\t\t\t\t\t<div class=\"elementor-divider\">\n\t\t\t<span class=\"elementor-divider-separator\">\n\t\t\t\t\t\t<\/span>\n\t\t<\/div>\n\t\t\t\t\t\t<\/div>\n\t\t\t\t<\/div>\n\t\t\t\t<div class=\"elementor-element elementor-element-5069079 elementor-widget__width-initial elementor-widget elementor-widget-text-editor\" data-id=\"5069079\" data-element_type=\"widget\" data-widget_type=\"text-editor.default\">\n\t\t\t\t<div class=\"elementor-widget-container\">\n\t\t\t\t\t\t\t\t\t<h1 style=\"text-align: center;\">ALLE GR\u00dcNEN DIENSTLEISTUNGEN<\/h1>\t\t\t\t\t\t\t\t<\/div>\n\t\t\t\t<\/div>\n\t\t\t\t<div class=\"elementor-element elementor-element-f5f018d elementor-widget__width-initial elementor-hidden-mobile elementor-hidden-desktop elementor-hidden-tablet elementor-widget-divider--view-line elementor-widget elementor-widget-divider\" data-id=\"f5f018d\" data-element_type=\"widget\" data-widget_type=\"divider.default\">\n\t\t\t\t<div class=\"elementor-widget-container\">\n\t\t\t\t\t\t\t<div class=\"elementor-divider\">\n\t\t\t<span class=\"elementor-divider-separator\">\n\t\t\t\t\t\t<\/span>\n\t\t<\/div>\n\t\t\t\t\t\t<\/div>\n\t\t\t\t<\/div>\n\t\t\t\t\t<\/div>\n\t\t<\/div>\n\t\t\t\t\t<\/div>\n\t\t<\/section>\n\t\t\t\t<section class=\"elementor-section elementor-top-section elementor-element elementor-element-cbcf5b5 elementor-section-full_width elementor-section-content-middle elementor-section-stretched elementor-section-height-default elementor-section-height-default\" data-id=\"cbcf5b5\" data-element_type=\"section\" data-settings=\"{&quot;stretch_section&quot;:&quot;section-stretched&quot;}\">\n\t\t\t\t\t\t<div class=\"elementor-container elementor-column-gap-default\">\n\t\t\t\t\t<div class=\"elementor-column elementor-col-100 elementor-top-column elementor-element elementor-element-c7b7b78\" data-id=\"c7b7b78\" data-element_type=\"column\">\n\t\t\t<div class=\"elementor-widget-wrap elementor-element-populated\">\n\t\t\t\t\t\t<div class=\"elementor-element elementor-element-c44c5f9 elementor-widget elementor-widget-slider_revolution\" data-id=\"c44c5f9\" data-element_type=\"widget\" data-widget_type=\"slider_revolution.default\">\n\t\t\t\t<div class=\"elementor-widget-container\">\n\t\t\t\t\t\n\t\t<div class=\"wp-block-themepunch-revslider\">\n\t\t\t\t<p class=\"rs-p-wp-fix\"><\/p>\n\t\t\t\t<sr7-module data-alias=\"driwe-charge\" data-id=\"89\" id=\"SR7_89_1\" class=\"rs-ov-hidden\" data-version=\"6.7.40\">\n\t\t\t\t\t<sr7-adjuster><\/sr7-adjuster>\n\t\t\t\t\t<sr7-content>\n\t\t\t\t\t\t<sr7-slide id=\"SR7_89_1-315\" data-key=\"315\">\n\t\t\t\t\t\t\t<sr7-bg id=\"SR7_89_1-315-8\" class=\"sr7-layer\"><noscript><img decoding=\"async\" src=\"https:\/\/grandaffi.it\/wp-content\/uploads\/2021\/09\/GrandAffi-Green.png\" alt=\"\" title=\"Grand&#8217;Affi Green\"><\/noscript><\/sr7-bg>\n\t\t\t\t\t\t<\/sr7-slide>\n\t\t\t\t\t\t<sr7-slide id=\"SR7_89_1-316\" data-key=\"316\">\n\t\t\t\t\t\t\t<sr7-bg id=\"SR7_89_1-316-8\" class=\"sr7-layer\"><noscript><img decoding=\"async\" src=\"https:\/\/grandaffi.it\/wp-content\/uploads\/2021\/09\/DJI_0235-pannelli-fotovoltaici-scaled.jpg\" alt=\"\" title=\"DJI_0235 &#8211; pannelli fotovoltaici\"><\/noscript><\/sr7-bg>\n\t\t\t\t\t\t<\/sr7-slide>\n\t\t\t\t\t\t<sr7-slide id=\"SR7_89_1-304\" data-key=\"304\">\n\t\t\t\t\t\t\t<sr7-bg id=\"SR7_89_1-304-10\" class=\"sr7-layer\"><noscript><img decoding=\"async\" src=\"https:\/\/grandaffi.it\/wp-content\/uploads\/2021\/09\/Iper_interni_009_1-scaled.jpg\" alt=\"\" title=\"Iper_interni_009_1\"><\/noscript><\/sr7-bg>\n\t\t\t\t\t\t\t<a id=\"SR7_89_1-304-1\" class=\"sr7-layer\" href=\"https:\/\/grandaffi.it\/il-nostro-centro\/servizi-green\/ricarica-auto-driwe\/\" target=\"_blank\" rel=\"noopener\">Scopri di pi\u00f9  <i class=\"fa-chevron-right\"><\/i><\/a>\n\t\t\t\t\t\t<\/sr7-slide>\n\t\t\t\t\t\t<sr7-slide id=\"SR7_89_1-309\" data-key=\"309\">\n\t\t\t\t\t\t\t<sr7-bg id=\"SR7_89_1-309-12\" class=\"sr7-layer\"><noscript><img decoding=\"async\" src=\"https:\/\/grandaffi.it\/wp-content\/uploads\/2021\/09\/Iper_interni_015-1-scaled.jpg\" alt=\"\" title=\"Iper_interni_015\"><\/noscript><\/sr7-bg>\n\t\t\t\t\t\t\t<a id=\"SR7_89_1-309-1\" class=\"sr7-layer\" href=\"https:\/\/grandaffi.it\/il-nostro-centro\/servizi-green\/lavaggio-green\" target=\"_blank\" rel=\"noopener\">Scopri di pi\u00f9  <i class=\"fa-chevron-right\"><\/i><\/a>\n\t\t\t\t\t\t<\/sr7-slide>\n\t\t\t\t\t\t<sr7-slide id=\"SR7_89_1-934\" data-key=\"934\">\n\t\t\t\t\t\t<\/sr7-slide>\n\t\t\t\t\t<\/sr7-content>\n\t\t\t\t\t<image_lists style=\"display:none\">\n\t\t\t\t\t\t<img data-src=\"\/\/grandaffi.it\/wp-content\/uploads\/2021\/09\/Logo-DRIWE.png\" data-libid=\"1864\" data-lib=\"medialibrary\" title=\"Logo DRIWE\" width=\"0\" height=\"0\" data-dbsrc=\"Ly9ncmFuZGFmZmkuaXQvd3AtY29udGVudC91cGxvYWRzLzIwMjEvMDkvTG9nby1EUklXRS5wbmc=\"\/>\n\t\t\t\t\t\t<img data-src=\"\/\/grandaffi.it\/wp-content\/uploads\/2021\/09\/Iper_interni_009_1-scaled.jpg\" data-libid=\"1871\" data-lib=\"medialibrary\" title=\"Iper_interni_009_1\" width=\"0\" height=\"0\" data-dbsrc=\"Ly9ncmFuZGFmZmkuaXQvd3AtY29udGVudC91cGxvYWRzLzIwMjEvMDkvSXBlcl9pbnRlcm5pXzAwOV8xLXNjYWxlZC5qcGc=\"\/>\n\t\t\t\t\t\t<img data-src=\"\/\/grandaffi.it\/wp-content\/uploads\/2021\/09\/lavaggio-green-trasparente.png\" data-libid=\"1899\" data-lib=\"medialibrary\" title=\"lavaggio green trasparente\" width=\"0\" height=\"0\" data-dbsrc=\"Ly9ncmFuZGFmZmkuaXQvd3AtY29udGVudC91cGxvYWRzLzIwMjEvMDkvbGF2YWdnaW8tZ3JlZW4tdHJhc3BhcmVudGUucG5n\"\/>\n\t\t\t\t\t\t<img loading=\"lazy\" data-src=\"\/\/grandaffi.it\/wp-content\/uploads\/2021\/09\/Iper_interni_015-1-scaled.jpg\" data-libid=\"1873\" data-lib=\"medialibrary\" title=\"Iper_interni_015\" width=\"0\" height=\"0\" data-dbsrc=\"Ly9ncmFuZGFmZmkuaXQvd3AtY29udGVudC91cGxvYWRzLzIwMjEvMDkvSXBlcl9pbnRlcm5pXzAxNS0xLXNjYWxlZC5qcGc=\"\/>\n\t\t\t\t\t\t<img loading=\"lazy\" data-src=\"\/\/grandaffi.it\/wp-content\/uploads\/2021\/09\/GrandAffi-Green.png\" data-libid=\"1954\" data-lib=\"medialibrary\" title=\"Grand&#8217;Affi Green\" width=\"0\" height=\"0\" data-dbsrc=\"Ly9ncmFuZGFmZmkuaXQvd3AtY29udGVudC91cGxvYWRzLzIwMjEvMDkvR3JhbmRBZmZpLUdyZWVuLnBuZw==\"\/>\n\t\t\t\t\t\t<img loading=\"lazy\" data-src=\"\/\/grandaffi.it\/wp-content\/uploads\/2021\/09\/DJI_0235-pannelli-fotovoltaici-scaled.jpg\" data-libid=\"1955\" data-lib=\"medialibrary\" title=\"DJI_0235 &#8211; pannelli fotovoltaici\" width=\"0\" height=\"0\" data-dbsrc=\"Ly9ncmFuZGFmZmkuaXQvd3AtY29udGVudC91cGxvYWRzLzIwMjEvMDkvREpJXzAyMzUtcGFubmVsbGktZm90b3ZvbHRhaWNpLXNjYWxlZC5qcGc=\"\/>\n\t\t\t\t\t<\/image_lists>\n\t\t\t\t<\/sr7-module>\n\t\t\t\t<script>\n\t\t\t\t\tSR7.PMH ??={}; SR7.PMH[\"SR7_89_1\"] = {cn:100,state:false,fn: function() { if (_tpt!==undefined && _tpt.prepareModuleHeight !== undefined) {  _tpt.prepareModuleHeight({id:\"SR7_89_1\",el:[720,720,768,960,720],type:'standard',shdw:'0',gh:[720,720,,,],gw:[1240,1240,1024,778,480],vpt:['-200px'],size:{fullWidth:true, fullHeight:false},mh:'0',onh:0,onw:0,bg:{color:'{\"orig\":\"transparent\",\"type\":\"solid\",\"string\":\"transparent\"}'}});   SR7.PMH[\"SR7_89_1\"].state=true;} else if(SR7.PMH[\"SR7_89_1\"].cn-->0)\tsetTimeout( SR7.PMH[\"SR7_89_1\"].fn,19);}};SR7.PMH[\"SR7_89_1\" ].fn();\n\t\t\t\t<\/script>\n<\/div>\n\n\t\t\t\t\t\t<\/div>\n\t\t\t\t<\/div>\n\t\t\t\t\t<\/div>\n\t\t<\/div>\n\t\t\t\t\t<\/div>\n\t\t<\/section>\n\t\t\t\t<section class=\"elementor-section elementor-top-section elementor-element elementor-element-e7d6b9e elementor-section-full_width elementor-section-content-middle elementor-section-stretched elementor-section-height-default elementor-section-height-default\" data-id=\"e7d6b9e\" data-element_type=\"section\" data-settings=\"{&quot;background_background&quot;:&quot;classic&quot;,&quot;stretch_section&quot;:&quot;section-stretched&quot;}\">\n\t\t\t\t\t\t<div class=\"elementor-container elementor-column-gap-default\">\n\t\t\t\t\t<div class=\"elementor-column elementor-col-100 elementor-top-column elementor-element elementor-element-0b25121\" data-id=\"0b25121\" data-element_type=\"column\" data-settings=\"{&quot;background_background&quot;:&quot;classic&quot;,&quot;animation&quot;:&quot;none&quot;}\">\n\t\t\t<div class=\"elementor-widget-wrap elementor-element-populated\">\n\t\t\t\t\t\t<div class=\"elementor-element elementor-element-97a571a elementor-widget__width-auto elementor-widget elementor-widget-text-editor\" data-id=\"97a571a\" data-element_type=\"widget\" data-widget_type=\"text-editor.default\">\n\t\t\t\t<div class=\"elementor-widget-container\">\n\t\t\t\t\t\t\t\t\t<h3><span style=\"color: #ffffff;\">Als Treffpunkt f\u00fcr Millionen von Menschen sehen wir es als unsere Pflicht an, umweltschonende Entscheidungen zu treffen und zu f\u00f6rdern, um den Schutz und das Gleichgewicht des \u00d6kosystems zu gew\u00e4hrleisten.<\/span><\/h3>\t\t\t\t\t\t\t\t<\/div>\n\t\t\t\t<\/div>\n\t\t\t\t\t<\/div>\n\t\t<\/div>\n\t\t\t\t\t<\/div>\n\t\t<\/section>\n\t\t\t\t<section class=\"elementor-section elementor-top-section elementor-element elementor-element-075cac8 elementor-section-full_width elementor-section-content-middle elementor-section-stretched elementor-section-height-default elementor-section-height-default\" data-id=\"075cac8\" data-element_type=\"section\" data-settings=\"{&quot;stretch_section&quot;:&quot;section-stretched&quot;}\">\n\t\t\t\t\t\t<div class=\"elementor-container elementor-column-gap-default\">\n\t\t\t\t\t<div class=\"elementor-column elementor-col-66 elementor-top-column elementor-element elementor-element-96f8068\" data-id=\"96f8068\" data-element_type=\"column\" data-settings=\"{&quot;background_background&quot;:&quot;classic&quot;}\">\n\t\t\t<div class=\"elementor-widget-wrap elementor-element-populated\">\n\t\t\t\t\t\t<div class=\"elementor-element elementor-element-abdab07 elementor-widget-divider--view-line elementor-widget elementor-widget-divider\" data-id=\"abdab07\" data-element_type=\"widget\" data-widget_type=\"divider.default\">\n\t\t\t\t<div class=\"elementor-widget-container\">\n\t\t\t\t\t\t\t<div class=\"elementor-divider\">\n\t\t\t<span class=\"elementor-divider-separator\">\n\t\t\t\t\t\t<\/span>\n\t\t<\/div>\n\t\t\t\t\t\t<\/div>\n\t\t\t\t<\/div>\n\t\t\t\t\t<\/div>\n\t\t<\/div>\n\t\t\t\t<div class=\"elementor-column elementor-col-33 elementor-top-column elementor-element elementor-element-2d239a2\" data-id=\"2d239a2\" data-element_type=\"column\">\n\t\t\t<div class=\"elementor-widget-wrap elementor-element-populated\">\n\t\t\t\t\t\t<div class=\"elementor-element elementor-element-a7ca324 elementor-widget elementor-widget-text-editor\" data-id=\"a7ca324\" data-element_type=\"widget\" data-widget_type=\"text-editor.default\">\n\t\t\t\t<div class=\"elementor-widget-container\">\n\t\t\t\t\t\t\t\t\t<h2><strong>Was wir getan haben<br \/>und noch tun:<\/strong><\/h2>\t\t\t\t\t\t\t\t<\/div>\n\t\t\t\t<\/div>\n\t\t\t\t<div class=\"elementor-element elementor-element-5ac48da elementor-widget elementor-widget-text-editor\" data-id=\"5ac48da\" data-element_type=\"widget\" data-widget_type=\"text-editor.default\">\n\t\t\t\t<div class=\"elementor-widget-container\">\n\t\t\t\t\t\t\t\t\t<ul><li>Realisierung der Photovoltaikanlage:<br \/>\u2013 Gesamtfl\u00e4che 6.000 Quadratmeter<br \/>\u2013 Produktion: mehr als 600.000 Kilowatt\/Jahr<br \/>\u2013 Leistung der Anlage: 598 Kilowattstunden<br \/>\u2013 CO2-Vermeidung: 283 Tonnen\/Jahr<\/li><\/ul><ul class=\"animated\"><li>Ausschlie\u00dfliche Verwendung von Recyclingpapier in allen B\u00e4dern und\u00a0 Toiletten f\u00fcr Kunden und Angestellte.<\/li><li>Installation von W\u00e4rmepumpen f\u00fcr die Klimatisierung und Luftaufbereitung.<\/li><li>Einsatz von energiesparenden LED-Lampen in allen Leuchten und Schildern in den G\u00e4ngen und den Au\u00dfen- und Tiefgaragen.<\/li><li>Getrennte Sammlung aller von den Betreibern produzierten Materialien und Abf\u00e4lle<\/li><li>Ladestation f\u00fcr Elektroautos und E-Motorr\u00e4der in der Tiefgarage.<\/li><\/ul>\t\t\t\t\t\t\t\t<\/div>\n\t\t\t\t<\/div>\n\t\t\t\t\t<\/div>\n\t\t<\/div>\n\t\t\t\t\t<\/div>\n\t\t<\/section>\n\t\t\t\t<\/div>\n\t\t","protected":false},"excerpt":{"rendered":"<p>ALLE GR\u00dcNEN DIENSTLEISTUNGEN Als Treffpunkt f\u00fcr Millionen von Menschen sehen wir es als unsere Pflicht an, umweltschonende Entscheidungen zu treffen und zu f\u00f6rdern, um den Schutz und das Gleichgewicht des \u00d6kosystems zu gew\u00e4hrleisten. Was wir getan habenund noch tun: Realisierung der Photovoltaikanlage:\u2013 Gesamtfl\u00e4che 6.000 Quadratmeter\u2013 Produktion: mehr als 600.000 Kilowatt\/Jahr\u2013 Leistung der Anlage: 598 Kilowattstunden\u2013 CO2-Vermeidung: 283 Tonnen\/Jahr Ausschlie\u00dfliche Verwendung&hellip;<\/p>\n","protected":false},"author":1,"featured_media":0,"parent":9546,"menu_order":0,"comment_status":"closed","ping_status":"closed","template":"","meta":{"_acf_changed":false,"footnotes":""},"class_list":["post-9451","page","type-page","status-publish","hentry"],"acf":[],"yoast_head":"<!-- This site is optimized with the Yoast SEO plugin v26.7 - https:\/\/yoast.com\/wordpress\/plugins\/seo\/ -->\n<title>Servizi Green - Grand&#039;Affi Shopping Center<\/title>\n<meta name=\"robots\" content=\"index, follow, max-snippet:-1, max-image-preview:large, max-video-preview:-1\" \/>\n<link rel=\"canonical\" href=\"https:\/\/grandaffi.it\/de\/startseite\/servizi-green\/\" \/>\n<meta property=\"og:locale\" content=\"de_DE\" \/>\n<meta property=\"og:type\" content=\"article\" \/>\n<meta property=\"og:title\" content=\"Servizi Green - Grand&#039;Affi Shopping Center\" \/>\n<meta property=\"og:description\" content=\"ALLE GR\u00dcNEN DIENSTLEISTUNGEN Als Treffpunkt f\u00fcr Millionen von Menschen sehen wir es als unsere Pflicht an, umweltschonende Entscheidungen zu treffen und zu f\u00f6rdern, um den Schutz und das Gleichgewicht des \u00d6kosystems zu gew\u00e4hrleisten. Was wir getan habenund noch tun: Realisierung der Photovoltaikanlage:\u2013 Gesamtfl\u00e4che 6.000 Quadratmeter\u2013 Produktion: mehr als 600.000 Kilowatt\/Jahr\u2013 Leistung der Anlage: 598 Kilowattstunden\u2013 CO2-Vermeidung: 283 Tonnen\/Jahr Ausschlie\u00dfliche Verwendung&hellip;\" \/>\n<meta property=\"og:url\" content=\"https:\/\/grandaffi.it\/de\/startseite\/servizi-green\/\" \/>\n<meta property=\"og:site_name\" content=\"Grand&#039;Affi Shopping Center\" \/>\n<meta property=\"article:publisher\" content=\"https:\/\/www.facebook.com\/GrandAffiShoppingCenter\" \/>\n<meta property=\"article:modified_time\" content=\"2025-03-26T10:22:14+00:00\" \/>\n<meta property=\"og:image\" content=\"https:\/\/grandaffi.it\/wp-content\/uploads\/2025\/07\/logo-grandaffi-30.png\" \/>\n\t<meta property=\"og:image:width\" content=\"1546\" \/>\n\t<meta property=\"og:image:height\" content=\"718\" \/>\n\t<meta property=\"og:image:type\" content=\"image\/png\" \/>\n<meta name=\"twitter:card\" content=\"summary_large_image\" \/>\n<meta name=\"twitter:site\" content=\"@grandaffi\" \/>\n<meta name=\"twitter:label1\" content=\"Gesch\u00e4tzte Lesezeit\" \/>\n\t<meta name=\"twitter:data1\" content=\"1\u00a0Minute\" \/>\n<script type=\"application\/ld+json\" class=\"yoast-schema-graph\">{\"@context\":\"https:\/\/schema.org\",\"@graph\":[{\"@type\":\"WebPage\",\"@id\":\"https:\/\/grandaffi.it\/de\/startseite\/servizi-green\/\",\"url\":\"https:\/\/grandaffi.it\/de\/startseite\/servizi-green\/\",\"name\":\"Servizi Green - Grand&#039;Affi Shopping Center\",\"isPartOf\":{\"@id\":\"https:\/\/grandaffi.it\/de\/#website\"},\"datePublished\":\"2021-09-16T15:20:08+00:00\",\"dateModified\":\"2025-03-26T10:22:14+00:00\",\"breadcrumb\":{\"@id\":\"https:\/\/grandaffi.it\/de\/startseite\/servizi-green\/#breadcrumb\"},\"inLanguage\":\"de\",\"potentialAction\":[{\"@type\":\"ReadAction\",\"target\":[\"https:\/\/grandaffi.it\/de\/startseite\/servizi-green\/\"]}]},{\"@type\":\"BreadcrumbList\",\"@id\":\"https:\/\/grandaffi.it\/de\/startseite\/servizi-green\/#breadcrumb\",\"itemListElement\":[{\"@type\":\"ListItem\",\"position\":1,\"name\":\"Home\",\"item\":\"https:\/\/grandaffi.it\/de\/\"},{\"@type\":\"ListItem\",\"position\":2,\"name\":\"Startseite\",\"item\":\"https:\/\/grandaffi.it\/de\/startseite\/\"},{\"@type\":\"ListItem\",\"position\":3,\"name\":\"Servizi Green\"}]},{\"@type\":\"WebSite\",\"@id\":\"https:\/\/grandaffi.it\/de\/#website\",\"url\":\"https:\/\/grandaffi.it\/de\/\",\"name\":\"Grand'Affi Shopping Center\",\"description\":\"Il centro commerciale su misura per te\",\"publisher\":{\"@id\":\"https:\/\/grandaffi.it\/de\/#organization\"},\"alternateName\":\"Il centro commerciale di Verona\",\"potentialAction\":[{\"@type\":\"SearchAction\",\"target\":{\"@type\":\"EntryPoint\",\"urlTemplate\":\"https:\/\/grandaffi.it\/de\/?s={search_term_string}\"},\"query-input\":{\"@type\":\"PropertyValueSpecification\",\"valueRequired\":true,\"valueName\":\"search_term_string\"}}],\"inLanguage\":\"de\"},{\"@type\":\"Organization\",\"@id\":\"https:\/\/grandaffi.it\/de\/#organization\",\"name\":\"Grand'Affi Shopping Center\",\"url\":\"https:\/\/grandaffi.it\/de\/\",\"logo\":{\"@type\":\"ImageObject\",\"inLanguage\":\"de\",\"@id\":\"https:\/\/grandaffi.it\/de\/#\/schema\/logo\/image\/\",\"url\":\"https:\/\/grandaffi.it\/wp-content\/uploads\/2025\/07\/logo-grandaffi-30.png\",\"contentUrl\":\"https:\/\/grandaffi.it\/wp-content\/uploads\/2025\/07\/logo-grandaffi-30.png\",\"width\":1546,\"height\":718,\"caption\":\"Grand'Affi Shopping Center\"},\"image\":{\"@id\":\"https:\/\/grandaffi.it\/de\/#\/schema\/logo\/image\/\"},\"sameAs\":[\"https:\/\/www.facebook.com\/GrandAffiShoppingCenter\",\"https:\/\/x.com\/grandaffi\",\"https:\/\/www.instagram.com\/grand_affi_shopping_center\/?hl=it\"]}]}<\/script>\n<!-- \/ Yoast SEO plugin. -->","yoast_head_json":{"title":"Servizi Green - Grand&#039;Affi Shopping Center","robots":{"index":"index","follow":"follow","max-snippet":"max-snippet:-1","max-image-preview":"max-image-preview:large","max-video-preview":"max-video-preview:-1"},"canonical":"https:\/\/grandaffi.it\/de\/startseite\/servizi-green\/","og_locale":"de_DE","og_type":"article","og_title":"Servizi Green - Grand&#039;Affi Shopping Center","og_description":"ALLE GR\u00dcNEN DIENSTLEISTUNGEN Als Treffpunkt f\u00fcr Millionen von Menschen sehen wir es als unsere Pflicht an, umweltschonende Entscheidungen zu treffen und zu f\u00f6rdern, um den Schutz und das Gleichgewicht des \u00d6kosystems zu gew\u00e4hrleisten. Was wir getan habenund noch tun: Realisierung der Photovoltaikanlage:\u2013 Gesamtfl\u00e4che 6.000 Quadratmeter\u2013 Produktion: mehr als 600.000 Kilowatt\/Jahr\u2013 Leistung der Anlage: 598 Kilowattstunden\u2013 CO2-Vermeidung: 283 Tonnen\/Jahr Ausschlie\u00dfliche Verwendung&hellip;","og_url":"https:\/\/grandaffi.it\/de\/startseite\/servizi-green\/","og_site_name":"Grand&#039;Affi Shopping Center","article_publisher":"https:\/\/www.facebook.com\/GrandAffiShoppingCenter","article_modified_time":"2025-03-26T10:22:14+00:00","og_image":[{"width":1546,"height":718,"url":"https:\/\/grandaffi.it\/wp-content\/uploads\/2025\/07\/logo-grandaffi-30.png","type":"image\/png"}],"twitter_card":"summary_large_image","twitter_site":"@grandaffi","twitter_misc":{"Gesch\u00e4tzte Lesezeit":"1\u00a0Minute"},"schema":{"@context":"https:\/\/schema.org","@graph":[{"@type":"WebPage","@id":"https:\/\/grandaffi.it\/de\/startseite\/servizi-green\/","url":"https:\/\/grandaffi.it\/de\/startseite\/servizi-green\/","name":"Servizi Green - Grand&#039;Affi Shopping Center","isPartOf":{"@id":"https:\/\/grandaffi.it\/de\/#website"},"datePublished":"2021-09-16T15:20:08+00:00","dateModified":"2025-03-26T10:22:14+00:00","breadcrumb":{"@id":"https:\/\/grandaffi.it\/de\/startseite\/servizi-green\/#breadcrumb"},"inLanguage":"de","potentialAction":[{"@type":"ReadAction","target":["https:\/\/grandaffi.it\/de\/startseite\/servizi-green\/"]}]},{"@type":"BreadcrumbList","@id":"https:\/\/grandaffi.it\/de\/startseite\/servizi-green\/#breadcrumb","itemListElement":[{"@type":"ListItem","position":1,"name":"Home","item":"https:\/\/grandaffi.it\/de\/"},{"@type":"ListItem","position":2,"name":"Startseite","item":"https:\/\/grandaffi.it\/de\/startseite\/"},{"@type":"ListItem","position":3,"name":"Servizi Green"}]},{"@type":"WebSite","@id":"https:\/\/grandaffi.it\/de\/#website","url":"https:\/\/grandaffi.it\/de\/","name":"Grand'Affi Shopping Center","description":"Il centro commerciale su misura per te","publisher":{"@id":"https:\/\/grandaffi.it\/de\/#organization"},"alternateName":"Il centro commerciale di Verona","potentialAction":[{"@type":"SearchAction","target":{"@type":"EntryPoint","urlTemplate":"https:\/\/grandaffi.it\/de\/?s={search_term_string}"},"query-input":{"@type":"PropertyValueSpecification","valueRequired":true,"valueName":"search_term_string"}}],"inLanguage":"de"},{"@type":"Organization","@id":"https:\/\/grandaffi.it\/de\/#organization","name":"Grand'Affi Shopping Center","url":"https:\/\/grandaffi.it\/de\/","logo":{"@type":"ImageObject","inLanguage":"de","@id":"https:\/\/grandaffi.it\/de\/#\/schema\/logo\/image\/","url":"https:\/\/grandaffi.it\/wp-content\/uploads\/2025\/07\/logo-grandaffi-30.png","contentUrl":"https:\/\/grandaffi.it\/wp-content\/uploads\/2025\/07\/logo-grandaffi-30.png","width":1546,"height":718,"caption":"Grand'Affi Shopping Center"},"image":{"@id":"https:\/\/grandaffi.it\/de\/#\/schema\/logo\/image\/"},"sameAs":["https:\/\/www.facebook.com\/GrandAffiShoppingCenter","https:\/\/x.com\/grandaffi","https:\/\/www.instagram.com\/grand_affi_shopping_center\/?hl=it"]}]}},"_links":{"self":[{"href":"https:\/\/grandaffi.it\/de\/wp-json\/wp\/v2\/pages\/9451","targetHints":{"allow":["GET"]}}],"collection":[{"href":"https:\/\/grandaffi.it\/de\/wp-json\/wp\/v2\/pages"}],"about":[{"href":"https:\/\/grandaffi.it\/de\/wp-json\/wp\/v2\/types\/page"}],"author":[{"embeddable":true,"href":"https:\/\/grandaffi.it\/de\/wp-json\/wp\/v2\/users\/1"}],"replies":[{"embeddable":true,"href":"https:\/\/grandaffi.it\/de\/wp-json\/wp\/v2\/comments?post=9451"}],"version-history":[{"count":4,"href":"https:\/\/grandaffi.it\/de\/wp-json\/wp\/v2\/pages\/9451\/revisions"}],"predecessor-version":[{"id":15301,"href":"https:\/\/grandaffi.it\/de\/wp-json\/wp\/v2\/pages\/9451\/revisions\/15301"}],"up":[{"embeddable":true,"href":"https:\/\/grandaffi.it\/de\/wp-json\/wp\/v2\/pages\/9546"}],"wp:attachment":[{"href":"https:\/\/grandaffi.it\/de\/wp-json\/wp\/v2\/media?parent=9451"}],"curies":[{"name":"wp","href":"https:\/\/api.w.org\/{rel}","templated":true}]}}