{"id":9443,"date":"2021-09-15T13:14:57","date_gmt":"2021-09-15T11:14:57","guid":{"rendered":"http:\/\/sviluppo.grandaffi.it\/giftcard\/giftcard-come-posso-usarla\/"},"modified":"2023-05-02T10:31:33","modified_gmt":"2023-05-02T08:31:33","slug":"wie-kann-ich-sie-verwenden","status":"publish","type":"page","link":"https:\/\/grandaffi.it\/de\/giftcard\/wie-kann-ich-sie-verwenden\/","title":{"rendered":"GiftCard &#8211; Wie kann ich sie verwenden?"},"content":{"rendered":"<div class=\"wpb-content-wrapper\"><p>[vc_row][vc_column][vc_empty_space height=&#8220;50px&#8220;][vc_column_text css=&#8220;.vc_custom_1682608758855{margin-right: 20px !important;margin-left: 20px !important;border-radius: 2px !important;}&#8220;]Zeigen Sie Ihre GIFTCARD zur Zahlung in den Mastercard\u00ae-akzeptierenden Verkaufsstellen des Grand&#8217;Affi Shopping-Center vor<\/p>\n<p>Der Kaufbetrag wird von Ihrer Karte abgebucht, so dass Sie unbedingt \u00fcber gen\u00fcgend Guthaben verf\u00fcgen m\u00fcssen.<\/p>\n<p>Die GIFTCARD funktioniert hier im Zentrum und ben\u00f6tigt keinen PIN-Code.[\/vc_column_text][\/vc_column][\/vc_row][vc_row][vc_column][\/vc_column][\/vc_row]<\/p>\n<\/div>","protected":false},"excerpt":{"rendered":"<p>[vc_row][vc_column][vc_empty_space height=&#8220;50px&#8220;][vc_column_text css=&#8220;.vc_custom_1682608758855{margin-right: 20px !important;margin-left: 20px !important;border-radius: 2px !important;}&#8220;]Zeigen Sie Ihre GIFTCARD zur Zahlung in den Mastercard\u00ae-akzeptierenden Verkaufsstellen des Grand&#8217;Affi Shopping-Center vor Der Kaufbetrag wird von Ihrer Karte abgebucht, so dass Sie unbedingt \u00fcber gen\u00fcgend Guthaben verf\u00fcgen m\u00fcssen. Die GIFTCARD funktioniert hier im Zentrum und ben\u00f6tigt keinen PIN-Code.[\/vc_column_text][\/vc_column][\/vc_row][vc_row][vc_column][\/vc_column][\/vc_row]<\/p>\n","protected":false},"author":1,"featured_media":0,"parent":9441,"menu_order":0,"comment_status":"closed","ping_status":"closed","template":"","meta":{"_acf_changed":false,"footnotes":""},"class_list":["post-9443","page","type-page","status-publish","hentry"],"acf":[],"yoast_head":"<!-- This site is optimized with the Yoast SEO plugin v27.5 - https:\/\/yoast.com\/product\/yoast-seo-wordpress\/ -->\n<title>GiftCard - Wie kann ich sie verwenden? - Grand&#039;Affi Shopping Center<\/title>\n<meta name=\"robots\" content=\"index, follow, max-snippet:-1, max-image-preview:large, max-video-preview:-1\" \/>\n<link rel=\"canonical\" href=\"https:\/\/grandaffi.it\/de\/giftcard\/wie-kann-ich-sie-verwenden\/\" \/>\n<meta property=\"og:locale\" content=\"de_DE\" \/>\n<meta property=\"og:type\" content=\"article\" \/>\n<meta property=\"og:title\" content=\"GiftCard - Wie kann ich sie verwenden? - Grand&#039;Affi Shopping Center\" \/>\n<meta property=\"og:description\" content=\"[vc_row][vc_column][vc_empty_space height=&#8220;50px&#8220;][vc_column_text css=&#8220;.vc_custom_1682608758855{margin-right: 20px !important;margin-left: 20px !important;border-radius: 2px !important;}&#8220;]Zeigen Sie Ihre GIFTCARD zur Zahlung in den Mastercard\u00ae-akzeptierenden Verkaufsstellen des Grand&#8217;Affi Shopping-Center vor Der Kaufbetrag wird von Ihrer Karte abgebucht, so dass Sie unbedingt \u00fcber gen\u00fcgend Guthaben verf\u00fcgen m\u00fcssen. Die GIFTCARD funktioniert hier im Zentrum und ben\u00f6tigt keinen PIN-Code.[\/vc_column_text][\/vc_column][\/vc_row][vc_row][vc_column][\/vc_column][\/vc_row]\" \/>\n<meta property=\"og:url\" content=\"https:\/\/grandaffi.it\/de\/giftcard\/wie-kann-ich-sie-verwenden\/\" \/>\n<meta property=\"og:site_name\" content=\"Grand&#039;Affi Shopping Center\" \/>\n<meta property=\"article:publisher\" content=\"https:\/\/www.facebook.com\/GrandAffiShoppingCenter\" \/>\n<meta property=\"article:modified_time\" content=\"2023-05-02T08:31:33+00:00\" \/>\n<meta property=\"og:image\" content=\"https:\/\/grandaffi.it\/wp-content\/uploads\/2025\/07\/logo-grandaffi-30.png\" \/>\n\t<meta property=\"og:image:width\" content=\"1546\" \/>\n\t<meta property=\"og:image:height\" content=\"718\" \/>\n\t<meta property=\"og:image:type\" content=\"image\/png\" \/>\n<meta name=\"twitter:card\" content=\"summary_large_image\" \/>\n<meta name=\"twitter:site\" content=\"@grandaffi\" \/>\n<script type=\"application\/ld+json\" class=\"yoast-schema-graph\">{\"@context\":\"https:\\\/\\\/schema.org\",\"@graph\":[{\"@type\":\"WebPage\",\"@id\":\"https:\\\/\\\/grandaffi.it\\\/de\\\/giftcard\\\/wie-kann-ich-sie-verwenden\\\/\",\"url\":\"https:\\\/\\\/grandaffi.it\\\/de\\\/giftcard\\\/wie-kann-ich-sie-verwenden\\\/\",\"name\":\"GiftCard - Wie kann ich sie verwenden? - Grand&#039;Affi Shopping Center\",\"isPartOf\":{\"@id\":\"https:\\\/\\\/grandaffi.it\\\/de\\\/#website\"},\"datePublished\":\"2021-09-15T11:14:57+00:00\",\"dateModified\":\"2023-05-02T08:31:33+00:00\",\"breadcrumb\":{\"@id\":\"https:\\\/\\\/grandaffi.it\\\/de\\\/giftcard\\\/wie-kann-ich-sie-verwenden\\\/#breadcrumb\"},\"inLanguage\":\"de\",\"potentialAction\":[{\"@type\":\"ReadAction\",\"target\":[\"https:\\\/\\\/grandaffi.it\\\/de\\\/giftcard\\\/wie-kann-ich-sie-verwenden\\\/\"]}]},{\"@type\":\"BreadcrumbList\",\"@id\":\"https:\\\/\\\/grandaffi.it\\\/de\\\/giftcard\\\/wie-kann-ich-sie-verwenden\\\/#breadcrumb\",\"itemListElement\":[{\"@type\":\"ListItem\",\"position\":1,\"name\":\"Home\",\"item\":\"https:\\\/\\\/grandaffi.it\\\/de\\\/\"},{\"@type\":\"ListItem\",\"position\":2,\"name\":\"Giftcard\",\"item\":\"https:\\\/\\\/grandaffi.it\\\/de\\\/giftcard\\\/\"},{\"@type\":\"ListItem\",\"position\":3,\"name\":\"GiftCard &#8211; Wie kann ich sie verwenden?\"}]},{\"@type\":\"WebSite\",\"@id\":\"https:\\\/\\\/grandaffi.it\\\/de\\\/#website\",\"url\":\"https:\\\/\\\/grandaffi.it\\\/de\\\/\",\"name\":\"Grand'Affi Shopping Center\",\"description\":\"Il centro commerciale su misura per te\",\"publisher\":{\"@id\":\"https:\\\/\\\/grandaffi.it\\\/de\\\/#organization\"},\"alternateName\":\"Il centro commerciale di Verona\",\"potentialAction\":[{\"@type\":\"SearchAction\",\"target\":{\"@type\":\"EntryPoint\",\"urlTemplate\":\"https:\\\/\\\/grandaffi.it\\\/de\\\/?s={search_term_string}\"},\"query-input\":{\"@type\":\"PropertyValueSpecification\",\"valueRequired\":true,\"valueName\":\"search_term_string\"}}],\"inLanguage\":\"de\"},{\"@type\":\"Organization\",\"@id\":\"https:\\\/\\\/grandaffi.it\\\/de\\\/#organization\",\"name\":\"Grand'Affi Shopping Center\",\"url\":\"https:\\\/\\\/grandaffi.it\\\/de\\\/\",\"logo\":{\"@type\":\"ImageObject\",\"inLanguage\":\"de\",\"@id\":\"https:\\\/\\\/grandaffi.it\\\/de\\\/#\\\/schema\\\/logo\\\/image\\\/\",\"url\":\"https:\\\/\\\/grandaffi.it\\\/wp-content\\\/uploads\\\/2025\\\/07\\\/logo-grandaffi-30.png\",\"contentUrl\":\"https:\\\/\\\/grandaffi.it\\\/wp-content\\\/uploads\\\/2025\\\/07\\\/logo-grandaffi-30.png\",\"width\":1546,\"height\":718,\"caption\":\"Grand'Affi Shopping Center\"},\"image\":{\"@id\":\"https:\\\/\\\/grandaffi.it\\\/de\\\/#\\\/schema\\\/logo\\\/image\\\/\"},\"sameAs\":[\"https:\\\/\\\/www.facebook.com\\\/GrandAffiShoppingCenter\",\"https:\\\/\\\/x.com\\\/grandaffi\",\"https:\\\/\\\/www.instagram.com\\\/grand_affi_shopping_center\\\/?hl=it\"]}]}<\/script>\n<!-- \/ Yoast SEO plugin. -->","yoast_head_json":{"title":"GiftCard - Wie kann ich sie verwenden? - Grand&#039;Affi Shopping Center","robots":{"index":"index","follow":"follow","max-snippet":"max-snippet:-1","max-image-preview":"max-image-preview:large","max-video-preview":"max-video-preview:-1"},"canonical":"https:\/\/grandaffi.it\/de\/giftcard\/wie-kann-ich-sie-verwenden\/","og_locale":"de_DE","og_type":"article","og_title":"GiftCard - Wie kann ich sie verwenden? - Grand&#039;Affi Shopping Center","og_description":"[vc_row][vc_column][vc_empty_space height=&#8220;50px&#8220;][vc_column_text css=&#8220;.vc_custom_1682608758855{margin-right: 20px !important;margin-left: 20px !important;border-radius: 2px !important;}&#8220;]Zeigen Sie Ihre GIFTCARD zur Zahlung in den Mastercard\u00ae-akzeptierenden Verkaufsstellen des Grand&#8217;Affi Shopping-Center vor Der Kaufbetrag wird von Ihrer Karte abgebucht, so dass Sie unbedingt \u00fcber gen\u00fcgend Guthaben verf\u00fcgen m\u00fcssen. Die GIFTCARD funktioniert hier im Zentrum und ben\u00f6tigt keinen PIN-Code.[\/vc_column_text][\/vc_column][\/vc_row][vc_row][vc_column][\/vc_column][\/vc_row]","og_url":"https:\/\/grandaffi.it\/de\/giftcard\/wie-kann-ich-sie-verwenden\/","og_site_name":"Grand&#039;Affi Shopping Center","article_publisher":"https:\/\/www.facebook.com\/GrandAffiShoppingCenter","article_modified_time":"2023-05-02T08:31:33+00:00","og_image":[{"width":1546,"height":718,"url":"https:\/\/grandaffi.it\/wp-content\/uploads\/2025\/07\/logo-grandaffi-30.png","type":"image\/png"}],"twitter_card":"summary_large_image","twitter_site":"@grandaffi","schema":{"@context":"https:\/\/schema.org","@graph":[{"@type":"WebPage","@id":"https:\/\/grandaffi.it\/de\/giftcard\/wie-kann-ich-sie-verwenden\/","url":"https:\/\/grandaffi.it\/de\/giftcard\/wie-kann-ich-sie-verwenden\/","name":"GiftCard - Wie kann ich sie verwenden? - Grand&#039;Affi Shopping Center","isPartOf":{"@id":"https:\/\/grandaffi.it\/de\/#website"},"datePublished":"2021-09-15T11:14:57+00:00","dateModified":"2023-05-02T08:31:33+00:00","breadcrumb":{"@id":"https:\/\/grandaffi.it\/de\/giftcard\/wie-kann-ich-sie-verwenden\/#breadcrumb"},"inLanguage":"de","potentialAction":[{"@type":"ReadAction","target":["https:\/\/grandaffi.it\/de\/giftcard\/wie-kann-ich-sie-verwenden\/"]}]},{"@type":"BreadcrumbList","@id":"https:\/\/grandaffi.it\/de\/giftcard\/wie-kann-ich-sie-verwenden\/#breadcrumb","itemListElement":[{"@type":"ListItem","position":1,"name":"Home","item":"https:\/\/grandaffi.it\/de\/"},{"@type":"ListItem","position":2,"name":"Giftcard","item":"https:\/\/grandaffi.it\/de\/giftcard\/"},{"@type":"ListItem","position":3,"name":"GiftCard &#8211; Wie kann ich sie verwenden?"}]},{"@type":"WebSite","@id":"https:\/\/grandaffi.it\/de\/#website","url":"https:\/\/grandaffi.it\/de\/","name":"Grand'Affi Shopping Center","description":"Il centro commerciale su misura per te","publisher":{"@id":"https:\/\/grandaffi.it\/de\/#organization"},"alternateName":"Il centro commerciale di Verona","potentialAction":[{"@type":"SearchAction","target":{"@type":"EntryPoint","urlTemplate":"https:\/\/grandaffi.it\/de\/?s={search_term_string}"},"query-input":{"@type":"PropertyValueSpecification","valueRequired":true,"valueName":"search_term_string"}}],"inLanguage":"de"},{"@type":"Organization","@id":"https:\/\/grandaffi.it\/de\/#organization","name":"Grand'Affi Shopping Center","url":"https:\/\/grandaffi.it\/de\/","logo":{"@type":"ImageObject","inLanguage":"de","@id":"https:\/\/grandaffi.it\/de\/#\/schema\/logo\/image\/","url":"https:\/\/grandaffi.it\/wp-content\/uploads\/2025\/07\/logo-grandaffi-30.png","contentUrl":"https:\/\/grandaffi.it\/wp-content\/uploads\/2025\/07\/logo-grandaffi-30.png","width":1546,"height":718,"caption":"Grand'Affi Shopping Center"},"image":{"@id":"https:\/\/grandaffi.it\/de\/#\/schema\/logo\/image\/"},"sameAs":["https:\/\/www.facebook.com\/GrandAffiShoppingCenter","https:\/\/x.com\/grandaffi","https:\/\/www.instagram.com\/grand_affi_shopping_center\/?hl=it"]}]}},"_links":{"self":[{"href":"https:\/\/grandaffi.it\/de\/wp-json\/wp\/v2\/pages\/9443","targetHints":{"allow":["GET"]}}],"collection":[{"href":"https:\/\/grandaffi.it\/de\/wp-json\/wp\/v2\/pages"}],"about":[{"href":"https:\/\/grandaffi.it\/de\/wp-json\/wp\/v2\/types\/page"}],"author":[{"embeddable":true,"href":"https:\/\/grandaffi.it\/de\/wp-json\/wp\/v2\/users\/1"}],"replies":[{"embeddable":true,"href":"https:\/\/grandaffi.it\/de\/wp-json\/wp\/v2\/comments?post=9443"}],"version-history":[{"count":0,"href":"https:\/\/grandaffi.it\/de\/wp-json\/wp\/v2\/pages\/9443\/revisions"}],"up":[{"embeddable":true,"href":"https:\/\/grandaffi.it\/de\/wp-json\/wp\/v2\/pages\/9441"}],"wp:attachment":[{"href":"https:\/\/grandaffi.it\/de\/wp-json\/wp\/v2\/media?parent=9443"}],"curies":[{"name":"wp","href":"https:\/\/api.w.org\/{rel}","templated":true}]}}