{"id":9416,"date":"2021-09-09T16:05:21","date_gmt":"2021-09-09T14:05:21","guid":{"rendered":"http:\/\/sviluppo.grandaffi.it\/wind-3-ala-nuova\/"},"modified":"2025-07-02T16:38:15","modified_gmt":"2025-07-02T14:38:15","slug":"wind-3-ala-nuova","status":"publish","type":"page","link":"https:\/\/grandaffi.it\/de\/wind-3-ala-nuova\/","title":{"rendered":"Wind 3 &#8211; ala nuova"},"content":{"rendered":"\t\t<div data-elementor-type=\"wp-page\" data-elementor-id=\"9416\" class=\"elementor elementor-9416 elementor-1298\" data-elementor-post-type=\"page\">\n\t\t\t\t\t\t<section class=\"elementor-section elementor-top-section elementor-element elementor-element-eu7a82m elementor-section-full_width elementor-section-content-bottom elementor-section-stretched elementor-section-height-default elementor-section-height-default\" data-id=\"eu7a82m\" data-element_type=\"section\" data-settings=\"{&quot;background_background&quot;:&quot;classic&quot;,&quot;stretch_section&quot;:&quot;section-stretched&quot;}\">\n\t\t\t\t\t\t\t<div class=\"elementor-background-overlay\"><\/div>\n\t\t\t\t\t\t\t<div class=\"elementor-container elementor-column-gap-default\">\n\t\t\t\t\t<div class=\"elementor-column elementor-col-50 elementor-top-column elementor-element elementor-element-9gm4y9v\" data-id=\"9gm4y9v\" data-element_type=\"column\">\n\t\t\t<div class=\"elementor-widget-wrap elementor-element-populated\">\n\t\t\t\t\t\t<div class=\"elementor-element elementor-element-r0ymsfl elementor-widget elementor-widget-spacer\" data-id=\"r0ymsfl\" data-element_type=\"widget\" data-widget_type=\"spacer.default\">\n\t\t\t\t<div class=\"elementor-widget-container\">\n\t\t\t\t\t\t\t<div class=\"elementor-spacer\">\n\t\t\t<div class=\"elementor-spacer-inner\"><\/div>\n\t\t<\/div>\n\t\t\t\t\t\t<\/div>\n\t\t\t\t<\/div>\n\t\t\t\t<div class=\"elementor-element elementor-element-dffg0hw elementor-widget elementor-widget-image\" data-id=\"dffg0hw\" data-element_type=\"widget\" data-widget_type=\"image.default\">\n\t\t\t\t<div class=\"elementor-widget-container\">\n\t\t\t\t\t\t\t\t\t\t\t\t\t\t\t<img decoding=\"async\" src=\"\/wp-content\/uploads\/2021\/09\/wind-3.png\" title=\"\" alt=\"\" loading=\"lazy\" \/>\t\t\t\t\t\t\t\t\t\t\t\t\t\t\t<\/div>\n\t\t\t\t<\/div>\n\t\t\t\t<div class=\"elementor-element elementor-element-fbpnr4v elementor-widget__width-initial elementor-widget elementor-widget-text-editor\" data-id=\"fbpnr4v\" data-element_type=\"widget\" data-widget_type=\"text-editor.default\">\n\t\t\t\t<div class=\"elementor-widget-container\">\n\t\t\t\t\t\t\t\t\t<div class=\"wpb_text_column wpb_content_element\"><div class=\"wpb_wrapper\"><p>In unseren WINDTRE-Shops finden Sie das Beste aus der Welt der Telefonie, mit L\u00f6sungen und Produkten f\u00fcr jeden Bedarf und zu einem erschwinglichen Preis f\u00fcr jedermann. Mit WINDTRE haben Sie alle Vorteile des Top Quality Network, dank der ausgezeichneten Leistung, die im Mobilfunk- und Festnetz getestet und best\u00e4tigt wurde. Ein menschliches Netzwerk, das darauf ausgelegt ist, jegliche Distanz zwischen Menschen zu beseitigen und ihnen das Gef\u00fchl zu geben, \u201eviel n\u00e4her dran\u201c zu sein.<\/p><p>Haben Sie noch Fragen? Unsere Mitarbeiter helfen Ihnen bei der Auswahl des f\u00fcr Sie besten Angebots.<\/p><\/div><\/div>\t\t\t\t\t\t\t\t<\/div>\n\t\t\t\t<\/div>\n\t\t\t\t\t<\/div>\n\t\t<\/div>\n\t\t\t\t<div class=\"elementor-column elementor-col-50 elementor-top-column elementor-element elementor-element-gxnqtqa\" data-id=\"gxnqtqa\" data-element_type=\"column\">\n\t\t\t<div class=\"elementor-widget-wrap elementor-element-populated\">\n\t\t\t\t\t\t<div class=\"elementor-element elementor-element-a5hkx0k elementor-icon-list--layout-traditional elementor-list-item-link-full_width elementor-widget elementor-widget-icon-list\" data-id=\"a5hkx0k\" data-element_type=\"widget\" data-widget_type=\"icon-list.default\">\n\t\t\t\t<div class=\"elementor-widget-container\">\n\t\t\t\t\t\t\t<ul class=\"elementor-icon-list-items\">\n\t\t\t\t\t\t\t<li class=\"elementor-icon-list-item\">\n\t\t\t\t\t\t\t\t\t\t\t<a href=\"tel:327%201636998\">\n\n\t\t\t\t\t\t\t\t\t\t\t\t<span class=\"elementor-icon-list-icon\">\n\t\t\t\t\t\t\t<i aria-hidden=\"true\" class=\"fas fa-phone-alt\"><\/i>\t\t\t\t\t\t<\/span>\n\t\t\t\t\t\t\t\t\t\t<span class=\"elementor-icon-list-text\">Tel. 327 1636998<\/span>\n\t\t\t\t\t\t\t\t\t\t\t<\/a>\n\t\t\t\t\t\t\t\t\t<\/li>\n\t\t\t\t\t\t<\/ul>\n\t\t\t\t\t\t<\/div>\n\t\t\t\t<\/div>\n\t\t\t\t\t<\/div>\n\t\t<\/div>\n\t\t\t\t\t<\/div>\n\t\t<\/section>\n\t\t\t\t<section class=\"elementor-section elementor-top-section elementor-element elementor-element-lal19o7 elementor-section-stretched elementor-section-boxed elementor-section-height-default elementor-section-height-default\" data-id=\"lal19o7\" data-element_type=\"section\" data-settings=\"{&quot;background_background&quot;:&quot;classic&quot;,&quot;stretch_section&quot;:&quot;section-stretched&quot;}\">\n\t\t\t\t\t\t<div class=\"elementor-container elementor-column-gap-default\">\n\t\t\t\t\t<div class=\"elementor-column elementor-col-100 elementor-top-column elementor-element elementor-element-gmuvwe3\" data-id=\"gmuvwe3\" data-element_type=\"column\">\n\t\t\t<div class=\"elementor-widget-wrap elementor-element-populated\">\n\t\t\t\t\t\t<div class=\"elementor-element elementor-element-1p0t6lz elementor-widget elementor-widget-heading\" data-id=\"1p0t6lz\" data-element_type=\"widget\" data-widget_type=\"heading.default\">\n\t\t\t\t<div class=\"elementor-widget-container\">\n\t\t\t\t\t<h3 class=\"elementor-heading-title elementor-size-default\">Wo Wir Sind<\/h3>\t\t\t\t<\/div>\n\t\t\t\t<\/div>\n\t\t\t\t\t<\/div>\n\t\t<\/div>\n\t\t\t\t\t<\/div>\n\t\t<\/section>\n\t\t\t\t<section class=\"elementor-section elementor-top-section elementor-element elementor-element-zzmmk7l elementor-section-full_width elementor-section-stretched elementor-section-height-default elementor-section-height-default\" data-id=\"zzmmk7l\" data-element_type=\"section\" data-settings=\"{&quot;stretch_section&quot;:&quot;section-stretched&quot;}\">\n\t\t\t\t\t\t<div class=\"elementor-container elementor-column-gap-default\">\n\t\t\t\t\t<div class=\"elementor-column elementor-col-100 elementor-top-column elementor-element elementor-element-6hg87qq gf_mappa_negozi\" data-id=\"6hg87qq\" data-element_type=\"column\" data-settings=\"{&quot;background_background&quot;:&quot;classic&quot;}\">\n\t\t\t<div class=\"elementor-widget-wrap elementor-element-populated\">\n\t\t\t\t\t\t<div class=\"elementor-element elementor-element-acmu0bv elementor-widget elementor-widget-spacer\" data-id=\"acmu0bv\" data-element_type=\"widget\" data-widget_type=\"spacer.default\">\n\t\t\t\t<div class=\"elementor-widget-container\">\n\t\t\t\t\t\t\t<div class=\"elementor-spacer\">\n\t\t\t<div class=\"elementor-spacer-inner\"><\/div>\n\t\t<\/div>\n\t\t\t\t\t\t<\/div>\n\t\t\t\t<\/div>\n\t\t\t\t\t<\/div>\n\t\t<\/div>\n\t\t\t\t\t<\/div>\n\t\t<\/section>\n\t\t\t\t<section class=\"elementor-section elementor-top-section elementor-element elementor-element-8grurnf elementor-section-full_width elementor-section-stretched elementor-section-height-default elementor-section-height-default\" data-id=\"8grurnf\" data-element_type=\"section\" data-settings=\"{&quot;background_background&quot;:&quot;classic&quot;,&quot;stretch_section&quot;:&quot;section-stretched&quot;}\">\n\t\t\t\t\t\t<div class=\"elementor-container elementor-column-gap-default\">\n\t\t\t\t\t<div class=\"elementor-column elementor-col-100 elementor-top-column elementor-element elementor-element-9gpigsi\" data-id=\"9gpigsi\" data-element_type=\"column\" data-settings=\"{&quot;background_background&quot;:&quot;classic&quot;}\">\n\t\t\t<div class=\"elementor-widget-wrap elementor-element-populated\">\n\t\t\t\t\t\t<div class=\"elementor-element elementor-element-tjxn49u elementor-widget elementor-widget-gallery\" data-id=\"tjxn49u\" data-element_type=\"widget\" data-settings=\"{&quot;columns&quot;:3,&quot;gap&quot;:{&quot;unit&quot;:&quot;px&quot;,&quot;size&quot;:0,&quot;sizes&quot;:[]},&quot;aspect_ratio&quot;:&quot;1:1&quot;,&quot;image_hover_animation&quot;:&quot;grow&quot;,&quot;columns_tablet&quot;:3,&quot;gap_tablet&quot;:{&quot;unit&quot;:&quot;px&quot;,&quot;size&quot;:0,&quot;sizes&quot;:[]},&quot;gap_mobile&quot;:{&quot;unit&quot;:&quot;px&quot;,&quot;size&quot;:0,&quot;sizes&quot;:[]},&quot;lazyload&quot;:&quot;yes&quot;,&quot;gallery_layout&quot;:&quot;grid&quot;,&quot;columns_mobile&quot;:1,&quot;link_to&quot;:&quot;file&quot;,&quot;overlay_background&quot;:&quot;yes&quot;,&quot;content_hover_animation&quot;:&quot;fade-in&quot;}\" data-widget_type=\"gallery.default\">\n\t\t\t\t<div class=\"elementor-widget-container\">\n\t\t\t\t\t\t\t<div class=\"elementor-gallery__container\">\n\t\t\t\t\t\t\t<a class=\"e-gallery-item elementor-gallery-item elementor-animated-content\" href=\"https:\/\/grandaffi.it\/wp-content\/uploads\/2025\/06\/R2_5883-scaled.jpg\" data-elementor-open-lightbox=\"yes\" data-elementor-lightbox-slideshow=\"tjxn49u\" data-e-action-hash=\"#elementor-action%3Aaction%3Dlightbox%26settings%3DeyJpZCI6MTgyNjQsInVybCI6Imh0dHBzOlwvXC9ncmFuZGFmZmkuaXRcL3dwLWNvbnRlbnRcL3VwbG9hZHNcLzIwMjVcLzA2XC9SMl81ODgzLXNjYWxlZC5qcGciLCJzbGlkZXNob3ciOiJ0anhuNDl1In0%3D\">\n\t\t\t\t\t<div class=\"e-gallery-image elementor-gallery-item__image\" data-thumbnail=\"https:\/\/grandaffi.it\/wp-content\/uploads\/2025\/06\/R2_5883-scaled.jpg\" data-width=\"2560\" data-height=\"1707\" aria-label=\"\" role=\"img\" ><\/div>\n\t\t\t\t\t\t\t\t\t\t\t<div class=\"elementor-gallery-item__overlay\"><\/div>\n\t\t\t\t\t\t\t\t\t\t\t\t\t\t<\/a>\n\t\t\t\t\t\t\t<a class=\"e-gallery-item elementor-gallery-item elementor-animated-content\" href=\"https:\/\/grandaffi.it\/wp-content\/uploads\/2025\/06\/R2_5888-scaled.jpg\" data-elementor-open-lightbox=\"yes\" data-elementor-lightbox-slideshow=\"tjxn49u\" data-e-action-hash=\"#elementor-action%3Aaction%3Dlightbox%26settings%3DeyJpZCI6MTgyNjcsInVybCI6Imh0dHBzOlwvXC9ncmFuZGFmZmkuaXRcL3dwLWNvbnRlbnRcL3VwbG9hZHNcLzIwMjVcLzA2XC9SMl81ODg4LXNjYWxlZC5qcGciLCJzbGlkZXNob3ciOiJ0anhuNDl1In0%3D\">\n\t\t\t\t\t<div class=\"e-gallery-image elementor-gallery-item__image\" data-thumbnail=\"https:\/\/grandaffi.it\/wp-content\/uploads\/2025\/06\/R2_5888-scaled.jpg\" data-width=\"2560\" data-height=\"1707\" aria-label=\"\" role=\"img\" ><\/div>\n\t\t\t\t\t\t\t\t\t\t\t<div class=\"elementor-gallery-item__overlay\"><\/div>\n\t\t\t\t\t\t\t\t\t\t\t\t\t\t<\/a>\n\t\t\t\t\t\t\t<a class=\"e-gallery-item elementor-gallery-item elementor-animated-content\" href=\"https:\/\/grandaffi.it\/wp-content\/uploads\/2025\/06\/R2_5889-scaled.jpg\" data-elementor-open-lightbox=\"yes\" data-elementor-lightbox-slideshow=\"tjxn49u\" data-e-action-hash=\"#elementor-action%3Aaction%3Dlightbox%26settings%3DeyJpZCI6MTgyNzAsInVybCI6Imh0dHBzOlwvXC9ncmFuZGFmZmkuaXRcL3dwLWNvbnRlbnRcL3VwbG9hZHNcLzIwMjVcLzA2XC9SMl81ODg5LXNjYWxlZC5qcGciLCJzbGlkZXNob3ciOiJ0anhuNDl1In0%3D\">\n\t\t\t\t\t<div class=\"e-gallery-image elementor-gallery-item__image\" data-thumbnail=\"https:\/\/grandaffi.it\/wp-content\/uploads\/2025\/06\/R2_5889-scaled.jpg\" data-width=\"2560\" data-height=\"1707\" aria-label=\"\" role=\"img\" ><\/div>\n\t\t\t\t\t\t\t\t\t\t\t<div class=\"elementor-gallery-item__overlay\"><\/div>\n\t\t\t\t\t\t\t\t\t\t\t\t\t\t<\/a>\n\t\t\t\t\t<\/div>\n\t\t\t\t\t<\/div>\n\t\t\t\t<\/div>\n\t\t\t\t\t<\/div>\n\t\t<\/div>\n\t\t\t\t\t<\/div>\n\t\t<\/section>\n\t\t\t\t<\/div>\n\t\t","protected":false},"excerpt":{"rendered":"<p>In unseren WINDTRE-Shops finden Sie das Beste aus der Welt der Telefonie, mit L\u00f6sungen und Produkten f\u00fcr jeden Bedarf und zu einem erschwinglichen Preis f\u00fcr jedermann. Mit WINDTRE haben Sie alle Vorteile des Top Quality Network, dank der ausgezeichneten Leistung, die im Mobilfunk- und Festnetz getestet und best\u00e4tigt wurde. Ein menschliches Netzwerk, das darauf ausgelegt ist, jegliche Distanz zwischen Menschen&hellip;<\/p>\n","protected":false},"author":1,"featured_media":0,"parent":0,"menu_order":0,"comment_status":"closed","ping_status":"closed","template":"","meta":{"_acf_changed":false,"footnotes":""},"class_list":["post-9416","page","type-page","status-publish","hentry"],"acf":[],"yoast_head":"<!-- This site is optimized with the Yoast SEO plugin v26.7 - https:\/\/yoast.com\/wordpress\/plugins\/seo\/ -->\n<title>Wind 3 - ala nuova - Grand&#039;Affi Shopping Center<\/title>\n<meta name=\"robots\" content=\"index, follow, max-snippet:-1, max-image-preview:large, max-video-preview:-1\" \/>\n<link rel=\"canonical\" href=\"https:\/\/grandaffi.it\/de\/wind-3-ala-nuova\/\" \/>\n<meta property=\"og:locale\" content=\"de_DE\" \/>\n<meta property=\"og:type\" content=\"article\" \/>\n<meta property=\"og:title\" content=\"Wind 3 - ala nuova - Grand&#039;Affi Shopping Center\" \/>\n<meta property=\"og:description\" content=\"In unseren WINDTRE-Shops finden Sie das Beste aus der Welt der Telefonie, mit L\u00f6sungen und Produkten f\u00fcr jeden Bedarf und zu einem erschwinglichen Preis f\u00fcr jedermann. Mit WINDTRE haben Sie alle Vorteile des Top Quality Network, dank der ausgezeichneten Leistung, die im Mobilfunk- und Festnetz getestet und best\u00e4tigt wurde. Ein menschliches Netzwerk, das darauf ausgelegt ist, jegliche Distanz zwischen Menschen&hellip;\" \/>\n<meta property=\"og:url\" content=\"https:\/\/grandaffi.it\/de\/wind-3-ala-nuova\/\" \/>\n<meta property=\"og:site_name\" content=\"Grand&#039;Affi Shopping Center\" \/>\n<meta property=\"article:publisher\" content=\"https:\/\/www.facebook.com\/GrandAffiShoppingCenter\" \/>\n<meta property=\"article:modified_time\" content=\"2025-07-02T14:38:15+00:00\" \/>\n<meta property=\"og:image\" content=\"https:\/\/grandaffi.it\/wp-content\/uploads\/2025\/07\/logo-grandaffi-30.png\" \/>\n\t<meta property=\"og:image:width\" content=\"1546\" \/>\n\t<meta property=\"og:image:height\" content=\"718\" \/>\n\t<meta property=\"og:image:type\" content=\"image\/png\" \/>\n<meta name=\"twitter:card\" content=\"summary_large_image\" \/>\n<meta name=\"twitter:site\" content=\"@grandaffi\" \/>\n<meta name=\"twitter:label1\" content=\"Gesch\u00e4tzte Lesezeit\" \/>\n\t<meta name=\"twitter:data1\" content=\"1\u00a0Minute\" \/>\n<script type=\"application\/ld+json\" class=\"yoast-schema-graph\">{\"@context\":\"https:\/\/schema.org\",\"@graph\":[{\"@type\":\"WebPage\",\"@id\":\"https:\/\/grandaffi.it\/de\/wind-3-ala-nuova\/\",\"url\":\"https:\/\/grandaffi.it\/de\/wind-3-ala-nuova\/\",\"name\":\"Wind 3 - ala nuova - Grand&#039;Affi Shopping Center\",\"isPartOf\":{\"@id\":\"https:\/\/grandaffi.it\/de\/#website\"},\"datePublished\":\"2021-09-09T14:05:21+00:00\",\"dateModified\":\"2025-07-02T14:38:15+00:00\",\"breadcrumb\":{\"@id\":\"https:\/\/grandaffi.it\/de\/wind-3-ala-nuova\/#breadcrumb\"},\"inLanguage\":\"de\",\"potentialAction\":[{\"@type\":\"ReadAction\",\"target\":[\"https:\/\/grandaffi.it\/de\/wind-3-ala-nuova\/\"]}]},{\"@type\":\"BreadcrumbList\",\"@id\":\"https:\/\/grandaffi.it\/de\/wind-3-ala-nuova\/#breadcrumb\",\"itemListElement\":[{\"@type\":\"ListItem\",\"position\":1,\"name\":\"Home\",\"item\":\"https:\/\/grandaffi.it\/de\/\"},{\"@type\":\"ListItem\",\"position\":2,\"name\":\"Wind 3 &#8211; ala nuova\"}]},{\"@type\":\"WebSite\",\"@id\":\"https:\/\/grandaffi.it\/de\/#website\",\"url\":\"https:\/\/grandaffi.it\/de\/\",\"name\":\"Grand'Affi Shopping Center\",\"description\":\"Il centro commerciale su misura per te\",\"publisher\":{\"@id\":\"https:\/\/grandaffi.it\/de\/#organization\"},\"alternateName\":\"Il centro commerciale di Verona\",\"potentialAction\":[{\"@type\":\"SearchAction\",\"target\":{\"@type\":\"EntryPoint\",\"urlTemplate\":\"https:\/\/grandaffi.it\/de\/?s={search_term_string}\"},\"query-input\":{\"@type\":\"PropertyValueSpecification\",\"valueRequired\":true,\"valueName\":\"search_term_string\"}}],\"inLanguage\":\"de\"},{\"@type\":\"Organization\",\"@id\":\"https:\/\/grandaffi.it\/de\/#organization\",\"name\":\"Grand'Affi Shopping Center\",\"url\":\"https:\/\/grandaffi.it\/de\/\",\"logo\":{\"@type\":\"ImageObject\",\"inLanguage\":\"de\",\"@id\":\"https:\/\/grandaffi.it\/de\/#\/schema\/logo\/image\/\",\"url\":\"https:\/\/grandaffi.it\/wp-content\/uploads\/2025\/07\/logo-grandaffi-30.png\",\"contentUrl\":\"https:\/\/grandaffi.it\/wp-content\/uploads\/2025\/07\/logo-grandaffi-30.png\",\"width\":1546,\"height\":718,\"caption\":\"Grand'Affi Shopping Center\"},\"image\":{\"@id\":\"https:\/\/grandaffi.it\/de\/#\/schema\/logo\/image\/\"},\"sameAs\":[\"https:\/\/www.facebook.com\/GrandAffiShoppingCenter\",\"https:\/\/x.com\/grandaffi\",\"https:\/\/www.instagram.com\/grand_affi_shopping_center\/?hl=it\"]}]}<\/script>\n<!-- \/ Yoast SEO plugin. -->","yoast_head_json":{"title":"Wind 3 - ala nuova - Grand&#039;Affi Shopping Center","robots":{"index":"index","follow":"follow","max-snippet":"max-snippet:-1","max-image-preview":"max-image-preview:large","max-video-preview":"max-video-preview:-1"},"canonical":"https:\/\/grandaffi.it\/de\/wind-3-ala-nuova\/","og_locale":"de_DE","og_type":"article","og_title":"Wind 3 - ala nuova - Grand&#039;Affi Shopping Center","og_description":"In unseren WINDTRE-Shops finden Sie das Beste aus der Welt der Telefonie, mit L\u00f6sungen und Produkten f\u00fcr jeden Bedarf und zu einem erschwinglichen Preis f\u00fcr jedermann. Mit WINDTRE haben Sie alle Vorteile des Top Quality Network, dank der ausgezeichneten Leistung, die im Mobilfunk- und Festnetz getestet und best\u00e4tigt wurde. Ein menschliches Netzwerk, das darauf ausgelegt ist, jegliche Distanz zwischen Menschen&hellip;","og_url":"https:\/\/grandaffi.it\/de\/wind-3-ala-nuova\/","og_site_name":"Grand&#039;Affi Shopping Center","article_publisher":"https:\/\/www.facebook.com\/GrandAffiShoppingCenter","article_modified_time":"2025-07-02T14:38:15+00:00","og_image":[{"width":1546,"height":718,"url":"https:\/\/grandaffi.it\/wp-content\/uploads\/2025\/07\/logo-grandaffi-30.png","type":"image\/png"}],"twitter_card":"summary_large_image","twitter_site":"@grandaffi","twitter_misc":{"Gesch\u00e4tzte Lesezeit":"1\u00a0Minute"},"schema":{"@context":"https:\/\/schema.org","@graph":[{"@type":"WebPage","@id":"https:\/\/grandaffi.it\/de\/wind-3-ala-nuova\/","url":"https:\/\/grandaffi.it\/de\/wind-3-ala-nuova\/","name":"Wind 3 - ala nuova - Grand&#039;Affi Shopping Center","isPartOf":{"@id":"https:\/\/grandaffi.it\/de\/#website"},"datePublished":"2021-09-09T14:05:21+00:00","dateModified":"2025-07-02T14:38:15+00:00","breadcrumb":{"@id":"https:\/\/grandaffi.it\/de\/wind-3-ala-nuova\/#breadcrumb"},"inLanguage":"de","potentialAction":[{"@type":"ReadAction","target":["https:\/\/grandaffi.it\/de\/wind-3-ala-nuova\/"]}]},{"@type":"BreadcrumbList","@id":"https:\/\/grandaffi.it\/de\/wind-3-ala-nuova\/#breadcrumb","itemListElement":[{"@type":"ListItem","position":1,"name":"Home","item":"https:\/\/grandaffi.it\/de\/"},{"@type":"ListItem","position":2,"name":"Wind 3 &#8211; ala nuova"}]},{"@type":"WebSite","@id":"https:\/\/grandaffi.it\/de\/#website","url":"https:\/\/grandaffi.it\/de\/","name":"Grand'Affi Shopping Center","description":"Il centro commerciale su misura per te","publisher":{"@id":"https:\/\/grandaffi.it\/de\/#organization"},"alternateName":"Il centro commerciale di Verona","potentialAction":[{"@type":"SearchAction","target":{"@type":"EntryPoint","urlTemplate":"https:\/\/grandaffi.it\/de\/?s={search_term_string}"},"query-input":{"@type":"PropertyValueSpecification","valueRequired":true,"valueName":"search_term_string"}}],"inLanguage":"de"},{"@type":"Organization","@id":"https:\/\/grandaffi.it\/de\/#organization","name":"Grand'Affi Shopping Center","url":"https:\/\/grandaffi.it\/de\/","logo":{"@type":"ImageObject","inLanguage":"de","@id":"https:\/\/grandaffi.it\/de\/#\/schema\/logo\/image\/","url":"https:\/\/grandaffi.it\/wp-content\/uploads\/2025\/07\/logo-grandaffi-30.png","contentUrl":"https:\/\/grandaffi.it\/wp-content\/uploads\/2025\/07\/logo-grandaffi-30.png","width":1546,"height":718,"caption":"Grand'Affi Shopping Center"},"image":{"@id":"https:\/\/grandaffi.it\/de\/#\/schema\/logo\/image\/"},"sameAs":["https:\/\/www.facebook.com\/GrandAffiShoppingCenter","https:\/\/x.com\/grandaffi","https:\/\/www.instagram.com\/grand_affi_shopping_center\/?hl=it"]}]}},"_links":{"self":[{"href":"https:\/\/grandaffi.it\/de\/wp-json\/wp\/v2\/pages\/9416","targetHints":{"allow":["GET"]}}],"collection":[{"href":"https:\/\/grandaffi.it\/de\/wp-json\/wp\/v2\/pages"}],"about":[{"href":"https:\/\/grandaffi.it\/de\/wp-json\/wp\/v2\/types\/page"}],"author":[{"embeddable":true,"href":"https:\/\/grandaffi.it\/de\/wp-json\/wp\/v2\/users\/1"}],"replies":[{"embeddable":true,"href":"https:\/\/grandaffi.it\/de\/wp-json\/wp\/v2\/comments?post=9416"}],"version-history":[{"count":5,"href":"https:\/\/grandaffi.it\/de\/wp-json\/wp\/v2\/pages\/9416\/revisions"}],"predecessor-version":[{"id":21896,"href":"https:\/\/grandaffi.it\/de\/wp-json\/wp\/v2\/pages\/9416\/revisions\/21896"}],"wp:attachment":[{"href":"https:\/\/grandaffi.it\/de\/wp-json\/wp\/v2\/media?parent=9416"}],"curies":[{"name":"wp","href":"https:\/\/api.w.org\/{rel}","templated":true}]}}