{"id":9384,"date":"2021-09-09T12:42:24","date_gmt":"2021-09-09T10:42:24","guid":{"rendered":"http:\/\/sviluppo.grandaffi.it\/salmoiraghi-e-vigano\/"},"modified":"2025-06-19T15:54:32","modified_gmt":"2025-06-19T13:54:32","slug":"salmoiraghi-e-vigano","status":"publish","type":"page","link":"https:\/\/grandaffi.it\/de\/salmoiraghi-e-vigano\/","title":{"rendered":"Salmoiraghi &#038; Vigan\u00f2"},"content":{"rendered":"\t\t<div data-elementor-type=\"wp-page\" data-elementor-id=\"9384\" class=\"elementor elementor-9384 elementor-1233\" data-elementor-post-type=\"page\">\n\t\t\t\t\t\t<section class=\"elementor-section elementor-top-section elementor-element elementor-element-9p4grvn elementor-section-full_width elementor-section-content-bottom elementor-section-stretched elementor-section-height-default elementor-section-height-default\" data-id=\"9p4grvn\" data-element_type=\"section\" data-settings=\"{&quot;background_background&quot;:&quot;classic&quot;,&quot;stretch_section&quot;:&quot;section-stretched&quot;}\">\n\t\t\t\t\t\t\t<div class=\"elementor-background-overlay\"><\/div>\n\t\t\t\t\t\t\t<div class=\"elementor-container elementor-column-gap-default\">\n\t\t\t\t\t<div class=\"elementor-column elementor-col-50 elementor-top-column elementor-element elementor-element-zbqlybl\" data-id=\"zbqlybl\" data-element_type=\"column\">\n\t\t\t<div class=\"elementor-widget-wrap elementor-element-populated\">\n\t\t\t\t\t\t<div class=\"elementor-element elementor-element-4knrt9t elementor-widget elementor-widget-spacer\" data-id=\"4knrt9t\" data-element_type=\"widget\" data-widget_type=\"spacer.default\">\n\t\t\t\t<div class=\"elementor-widget-container\">\n\t\t\t\t\t\t\t<div class=\"elementor-spacer\">\n\t\t\t<div class=\"elementor-spacer-inner\"><\/div>\n\t\t<\/div>\n\t\t\t\t\t\t<\/div>\n\t\t\t\t<\/div>\n\t\t\t\t<div class=\"elementor-element elementor-element-7tv7ear elementor-widget elementor-widget-image\" data-id=\"7tv7ear\" data-element_type=\"widget\" data-widget_type=\"image.default\">\n\t\t\t\t<div class=\"elementor-widget-container\">\n\t\t\t\t\t\t\t\t\t\t\t\t\t\t\t<img decoding=\"async\" src=\"\/wp-content\/uploads\/2021\/09\/salmoiraghi.png\" title=\"\" alt=\"\" loading=\"lazy\" \/>\t\t\t\t\t\t\t\t\t\t\t\t\t\t\t<\/div>\n\t\t\t\t<\/div>\n\t\t\t\t<div class=\"elementor-element elementor-element-mu7kz33 elementor-widget elementor-widget-text-editor\" data-id=\"mu7kz33\" data-element_type=\"widget\" data-widget_type=\"text-editor.default\">\n\t\t\t\t<div class=\"elementor-widget-container\">\n\t\t\t\t\t\t\t\t\t<div class=\"wpb_text_column wpb_content_element\"><div class=\"wpb_wrapper\"><p>Bei Salmoiraghi &amp; Vigan\u00f2, der besten Optikerkette Italiens, finden Sie eine gro\u00dfe Auswahl an optischen Brillen, Sonnenbrillen und Kontaktlinsen der besten Marken.<\/p><p>In jedem Gesch\u00e4ft stehen spezialisierte Optiker f\u00fcr einen kostenlosen professionellen SEHTEST zur Verf\u00fcgung, den Sie auf der Website <a href=\"https:\/\/www.salmoiraghievigano.it\/prenota-esame-vista\/index\/reglogin\/\">www.salmoiraghievigano.it<\/a> oder unter der geb\u00fchrenfreien Nummer 800882233 buchen k\u00f6nnen.<\/p><\/div><\/div>\t\t\t\t\t\t\t\t<\/div>\n\t\t\t\t<\/div>\n\t\t\t\t\t<\/div>\n\t\t<\/div>\n\t\t\t\t<div class=\"elementor-column elementor-col-50 elementor-top-column elementor-element elementor-element-mrejl7m\" data-id=\"mrejl7m\" data-element_type=\"column\">\n\t\t\t<div class=\"elementor-widget-wrap elementor-element-populated\">\n\t\t\t\t\t\t<div class=\"elementor-element elementor-element-t8zcbzg elementor-icon-list--layout-traditional elementor-list-item-link-full_width elementor-widget elementor-widget-icon-list\" data-id=\"t8zcbzg\" data-element_type=\"widget\" data-widget_type=\"icon-list.default\">\n\t\t\t\t<div class=\"elementor-widget-container\">\n\t\t\t\t\t\t\t<ul class=\"elementor-icon-list-items\">\n\t\t\t\t\t\t\t<li class=\"elementor-icon-list-item\">\n\t\t\t\t\t\t\t\t\t\t\t<a href=\"tel:045%206261477\">\n\n\t\t\t\t\t\t\t\t\t\t\t\t<span class=\"elementor-icon-list-icon\">\n\t\t\t\t\t\t\t<i aria-hidden=\"true\" class=\"fas fa-phone-alt\"><\/i>\t\t\t\t\t\t<\/span>\n\t\t\t\t\t\t\t\t\t\t<span class=\"elementor-icon-list-text\">Phone. 045 6261477<\/span>\n\t\t\t\t\t\t\t\t\t\t\t<\/a>\n\t\t\t\t\t\t\t\t\t<\/li>\n\t\t\t\t\t\t<\/ul>\n\t\t\t\t\t\t<\/div>\n\t\t\t\t<\/div>\n\t\t\t\t\t<\/div>\n\t\t<\/div>\n\t\t\t\t\t<\/div>\n\t\t<\/section>\n\t\t\t\t<section class=\"elementor-section elementor-top-section elementor-element elementor-element-fp7szt2 elementor-section-stretched elementor-section-boxed elementor-section-height-default elementor-section-height-default\" data-id=\"fp7szt2\" data-element_type=\"section\" data-settings=\"{&quot;background_background&quot;:&quot;classic&quot;,&quot;stretch_section&quot;:&quot;section-stretched&quot;}\">\n\t\t\t\t\t\t<div class=\"elementor-container elementor-column-gap-default\">\n\t\t\t\t\t<div class=\"elementor-column elementor-col-100 elementor-top-column elementor-element elementor-element-cizm0nz\" data-id=\"cizm0nz\" data-element_type=\"column\">\n\t\t\t<div class=\"elementor-widget-wrap elementor-element-populated\">\n\t\t\t\t\t\t<div class=\"elementor-element elementor-element-xdsz30v elementor-widget elementor-widget-heading\" data-id=\"xdsz30v\" data-element_type=\"widget\" data-widget_type=\"heading.default\">\n\t\t\t\t<div class=\"elementor-widget-container\">\n\t\t\t\t\t<h3 class=\"elementor-heading-title elementor-size-default\">Wo Wir Sind<\/h3>\t\t\t\t<\/div>\n\t\t\t\t<\/div>\n\t\t\t\t\t<\/div>\n\t\t<\/div>\n\t\t\t\t\t<\/div>\n\t\t<\/section>\n\t\t\t\t<section class=\"elementor-section elementor-top-section elementor-element elementor-element-43jasfu elementor-section-full_width elementor-section-stretched elementor-section-height-default elementor-section-height-default\" data-id=\"43jasfu\" data-element_type=\"section\" data-settings=\"{&quot;stretch_section&quot;:&quot;section-stretched&quot;}\">\n\t\t\t\t\t\t<div class=\"elementor-container elementor-column-gap-default\">\n\t\t\t\t\t<div class=\"elementor-column elementor-col-100 elementor-top-column elementor-element elementor-element-nd2qaic gf_mappa_negozi\" data-id=\"nd2qaic\" data-element_type=\"column\" data-settings=\"{&quot;background_background&quot;:&quot;classic&quot;}\">\n\t\t\t<div class=\"elementor-widget-wrap elementor-element-populated\">\n\t\t\t\t\t\t<div class=\"elementor-element elementor-element-mqmxg1m elementor-widget elementor-widget-spacer\" data-id=\"mqmxg1m\" data-element_type=\"widget\" data-widget_type=\"spacer.default\">\n\t\t\t\t<div class=\"elementor-widget-container\">\n\t\t\t\t\t\t\t<div class=\"elementor-spacer\">\n\t\t\t<div class=\"elementor-spacer-inner\"><\/div>\n\t\t<\/div>\n\t\t\t\t\t\t<\/div>\n\t\t\t\t<\/div>\n\t\t\t\t\t<\/div>\n\t\t<\/div>\n\t\t\t\t\t<\/div>\n\t\t<\/section>\n\t\t\t\t<section class=\"elementor-section elementor-top-section elementor-element elementor-element-zj9548y elementor-section-full_width elementor-section-stretched elementor-section-height-default elementor-section-height-default\" data-id=\"zj9548y\" data-element_type=\"section\" data-settings=\"{&quot;background_background&quot;:&quot;classic&quot;,&quot;stretch_section&quot;:&quot;section-stretched&quot;}\">\n\t\t\t\t\t\t<div class=\"elementor-container elementor-column-gap-default\">\n\t\t\t\t\t<div class=\"elementor-column elementor-col-100 elementor-top-column elementor-element elementor-element-pss0lro\" data-id=\"pss0lro\" data-element_type=\"column\" data-settings=\"{&quot;background_background&quot;:&quot;classic&quot;}\">\n\t\t\t<div class=\"elementor-widget-wrap elementor-element-populated\">\n\t\t\t\t\t\t<div class=\"elementor-element elementor-element-wnx0ed2 elementor-widget elementor-widget-gallery\" data-id=\"wnx0ed2\" data-element_type=\"widget\" data-settings=\"{&quot;columns&quot;:3,&quot;gap&quot;:{&quot;unit&quot;:&quot;px&quot;,&quot;size&quot;:0,&quot;sizes&quot;:[]},&quot;aspect_ratio&quot;:&quot;1:1&quot;,&quot;image_hover_animation&quot;:&quot;grow&quot;,&quot;columns_tablet&quot;:3,&quot;gap_tablet&quot;:{&quot;unit&quot;:&quot;px&quot;,&quot;size&quot;:0,&quot;sizes&quot;:[]},&quot;gap_mobile&quot;:{&quot;unit&quot;:&quot;px&quot;,&quot;size&quot;:0,&quot;sizes&quot;:[]},&quot;lazyload&quot;:&quot;yes&quot;,&quot;gallery_layout&quot;:&quot;grid&quot;,&quot;columns_mobile&quot;:1,&quot;link_to&quot;:&quot;file&quot;,&quot;overlay_background&quot;:&quot;yes&quot;,&quot;content_hover_animation&quot;:&quot;fade-in&quot;}\" data-widget_type=\"gallery.default\">\n\t\t\t\t<div class=\"elementor-widget-container\">\n\t\t\t\t\t\t\t<div class=\"elementor-gallery__container\">\n\t\t\t\t\t\t\t<a class=\"e-gallery-item elementor-gallery-item elementor-animated-content\" href=\"https:\/\/grandaffi.it\/wp-content\/uploads\/2025\/06\/DSCF1729-Migliorato-NR-scaled.jpg\" data-elementor-open-lightbox=\"yes\" data-elementor-lightbox-slideshow=\"wnx0ed2\" data-e-action-hash=\"#elementor-action%3Aaction%3Dlightbox%26settings%3DeyJpZCI6MTk5OTIsInVybCI6Imh0dHBzOlwvXC9ncmFuZGFmZmkuaXRcL3dwLWNvbnRlbnRcL3VwbG9hZHNcLzIwMjVcLzA2XC9EU0NGMTcyOS1NaWdsaW9yYXRvLU5SLXNjYWxlZC5qcGciLCJzbGlkZXNob3ciOiJ3bngwZWQyIn0%3D\">\n\t\t\t\t\t<div class=\"e-gallery-image elementor-gallery-item__image\" data-thumbnail=\"https:\/\/grandaffi.it\/wp-content\/uploads\/2025\/06\/DSCF1729-Migliorato-NR-scaled.jpg\" data-width=\"2560\" data-height=\"1707\" aria-label=\"\" role=\"img\" ><\/div>\n\t\t\t\t\t\t\t\t\t\t\t<div class=\"elementor-gallery-item__overlay\"><\/div>\n\t\t\t\t\t\t\t\t\t\t\t\t\t\t<\/a>\n\t\t\t\t\t\t\t<a class=\"e-gallery-item elementor-gallery-item elementor-animated-content\" href=\"https:\/\/grandaffi.it\/wp-content\/uploads\/2025\/06\/R2_5770-scaled.jpg\" data-elementor-open-lightbox=\"yes\" data-elementor-lightbox-slideshow=\"wnx0ed2\" data-e-action-hash=\"#elementor-action%3Aaction%3Dlightbox%26settings%3DeyJpZCI6MTk5ODksInVybCI6Imh0dHBzOlwvXC9ncmFuZGFmZmkuaXRcL3dwLWNvbnRlbnRcL3VwbG9hZHNcLzIwMjVcLzA2XC9SMl81NzcwLXNjYWxlZC5qcGciLCJzbGlkZXNob3ciOiJ3bngwZWQyIn0%3D\">\n\t\t\t\t\t<div class=\"e-gallery-image elementor-gallery-item__image\" data-thumbnail=\"https:\/\/grandaffi.it\/wp-content\/uploads\/2025\/06\/R2_5770-scaled.jpg\" data-width=\"2560\" data-height=\"1707\" aria-label=\"\" role=\"img\" ><\/div>\n\t\t\t\t\t\t\t\t\t\t\t<div class=\"elementor-gallery-item__overlay\"><\/div>\n\t\t\t\t\t\t\t\t\t\t\t\t\t\t<\/a>\n\t\t\t\t\t\t\t<a class=\"e-gallery-item elementor-gallery-item elementor-animated-content\" href=\"https:\/\/grandaffi.it\/wp-content\/uploads\/2025\/06\/R2_5766-scaled.jpg\" data-elementor-open-lightbox=\"yes\" data-elementor-lightbox-slideshow=\"wnx0ed2\" data-e-action-hash=\"#elementor-action%3Aaction%3Dlightbox%26settings%3DeyJpZCI6MTk5ODYsInVybCI6Imh0dHBzOlwvXC9ncmFuZGFmZmkuaXRcL3dwLWNvbnRlbnRcL3VwbG9hZHNcLzIwMjVcLzA2XC9SMl81NzY2LXNjYWxlZC5qcGciLCJzbGlkZXNob3ciOiJ3bngwZWQyIn0%3D\">\n\t\t\t\t\t<div class=\"e-gallery-image elementor-gallery-item__image\" data-thumbnail=\"https:\/\/grandaffi.it\/wp-content\/uploads\/2025\/06\/R2_5766-scaled.jpg\" data-width=\"2560\" data-height=\"1707\" aria-label=\"\" role=\"img\" ><\/div>\n\t\t\t\t\t\t\t\t\t\t\t<div class=\"elementor-gallery-item__overlay\"><\/div>\n\t\t\t\t\t\t\t\t\t\t\t\t\t\t<\/a>\n\t\t\t\t\t<\/div>\n\t\t\t\t\t<\/div>\n\t\t\t\t<\/div>\n\t\t\t\t\t<\/div>\n\t\t<\/div>\n\t\t\t\t\t<\/div>\n\t\t<\/section>\n\t\t\t\t<\/div>\n\t\t","protected":false},"excerpt":{"rendered":"<p>Bei Salmoiraghi &amp; Vigan\u00f2, der besten Optikerkette Italiens, finden Sie eine gro\u00dfe Auswahl an optischen Brillen, Sonnenbrillen und Kontaktlinsen der besten Marken. In jedem Gesch\u00e4ft stehen spezialisierte Optiker f\u00fcr einen kostenlosen professionellen SEHTEST zur Verf\u00fcgung, den Sie auf der Website www.salmoiraghievigano.it oder unter der geb\u00fchrenfreien Nummer 800882233 buchen k\u00f6nnen. Phone. 045 6261477 Wo Wir Sind<\/p>\n","protected":false},"author":1,"featured_media":0,"parent":0,"menu_order":0,"comment_status":"closed","ping_status":"closed","template":"","meta":{"_acf_changed":false,"footnotes":""},"class_list":["post-9384","page","type-page","status-publish","hentry"],"acf":[],"yoast_head":"<!-- This site is optimized with the Yoast SEO plugin v26.7 - https:\/\/yoast.com\/wordpress\/plugins\/seo\/ -->\n<title>Salmoiraghi &amp; Vigan\u00f2 - Grand&#039;Affi Shopping Center<\/title>\n<meta name=\"robots\" content=\"index, follow, max-snippet:-1, max-image-preview:large, max-video-preview:-1\" \/>\n<link rel=\"canonical\" href=\"https:\/\/grandaffi.it\/de\/salmoiraghi-e-vigano\/\" \/>\n<meta property=\"og:locale\" content=\"de_DE\" \/>\n<meta property=\"og:type\" content=\"article\" \/>\n<meta property=\"og:title\" content=\"Salmoiraghi &amp; Vigan\u00f2 - Grand&#039;Affi Shopping Center\" \/>\n<meta property=\"og:description\" content=\"Bei Salmoiraghi &amp; Vigan\u00f2, der besten Optikerkette Italiens, finden Sie eine gro\u00dfe Auswahl an optischen Brillen, Sonnenbrillen und Kontaktlinsen der besten Marken. In jedem Gesch\u00e4ft stehen spezialisierte Optiker f\u00fcr einen kostenlosen professionellen SEHTEST zur Verf\u00fcgung, den Sie auf der Website www.salmoiraghievigano.it oder unter der geb\u00fchrenfreien Nummer 800882233 buchen k\u00f6nnen. Phone. 045 6261477 Wo Wir Sind\" \/>\n<meta property=\"og:url\" content=\"https:\/\/grandaffi.it\/de\/salmoiraghi-e-vigano\/\" \/>\n<meta property=\"og:site_name\" content=\"Grand&#039;Affi Shopping Center\" \/>\n<meta property=\"article:publisher\" content=\"https:\/\/www.facebook.com\/GrandAffiShoppingCenter\" \/>\n<meta property=\"article:modified_time\" content=\"2025-06-19T13:54:32+00:00\" \/>\n<meta property=\"og:image\" content=\"https:\/\/grandaffi.it\/wp-content\/uploads\/2025\/07\/logo-grandaffi-30.png\" \/>\n\t<meta property=\"og:image:width\" content=\"1546\" \/>\n\t<meta property=\"og:image:height\" content=\"718\" \/>\n\t<meta property=\"og:image:type\" content=\"image\/png\" \/>\n<meta name=\"twitter:card\" content=\"summary_large_image\" \/>\n<meta name=\"twitter:site\" content=\"@grandaffi\" \/>\n<script type=\"application\/ld+json\" class=\"yoast-schema-graph\">{\"@context\":\"https:\/\/schema.org\",\"@graph\":[{\"@type\":\"WebPage\",\"@id\":\"https:\/\/grandaffi.it\/de\/salmoiraghi-e-vigano\/\",\"url\":\"https:\/\/grandaffi.it\/de\/salmoiraghi-e-vigano\/\",\"name\":\"Salmoiraghi & Vigan\u00f2 - Grand&#039;Affi Shopping Center\",\"isPartOf\":{\"@id\":\"https:\/\/grandaffi.it\/de\/#website\"},\"datePublished\":\"2021-09-09T10:42:24+00:00\",\"dateModified\":\"2025-06-19T13:54:32+00:00\",\"breadcrumb\":{\"@id\":\"https:\/\/grandaffi.it\/de\/salmoiraghi-e-vigano\/#breadcrumb\"},\"inLanguage\":\"de\",\"potentialAction\":[{\"@type\":\"ReadAction\",\"target\":[\"https:\/\/grandaffi.it\/de\/salmoiraghi-e-vigano\/\"]}]},{\"@type\":\"BreadcrumbList\",\"@id\":\"https:\/\/grandaffi.it\/de\/salmoiraghi-e-vigano\/#breadcrumb\",\"itemListElement\":[{\"@type\":\"ListItem\",\"position\":1,\"name\":\"Home\",\"item\":\"https:\/\/grandaffi.it\/de\/\"},{\"@type\":\"ListItem\",\"position\":2,\"name\":\"Salmoiraghi &#038; Vigan\u00f2\"}]},{\"@type\":\"WebSite\",\"@id\":\"https:\/\/grandaffi.it\/de\/#website\",\"url\":\"https:\/\/grandaffi.it\/de\/\",\"name\":\"Grand'Affi Shopping Center\",\"description\":\"Il centro commerciale su misura per te\",\"publisher\":{\"@id\":\"https:\/\/grandaffi.it\/de\/#organization\"},\"alternateName\":\"Il centro commerciale di Verona\",\"potentialAction\":[{\"@type\":\"SearchAction\",\"target\":{\"@type\":\"EntryPoint\",\"urlTemplate\":\"https:\/\/grandaffi.it\/de\/?s={search_term_string}\"},\"query-input\":{\"@type\":\"PropertyValueSpecification\",\"valueRequired\":true,\"valueName\":\"search_term_string\"}}],\"inLanguage\":\"de\"},{\"@type\":\"Organization\",\"@id\":\"https:\/\/grandaffi.it\/de\/#organization\",\"name\":\"Grand'Affi Shopping Center\",\"url\":\"https:\/\/grandaffi.it\/de\/\",\"logo\":{\"@type\":\"ImageObject\",\"inLanguage\":\"de\",\"@id\":\"https:\/\/grandaffi.it\/de\/#\/schema\/logo\/image\/\",\"url\":\"https:\/\/grandaffi.it\/wp-content\/uploads\/2025\/07\/logo-grandaffi-30.png\",\"contentUrl\":\"https:\/\/grandaffi.it\/wp-content\/uploads\/2025\/07\/logo-grandaffi-30.png\",\"width\":1546,\"height\":718,\"caption\":\"Grand'Affi Shopping Center\"},\"image\":{\"@id\":\"https:\/\/grandaffi.it\/de\/#\/schema\/logo\/image\/\"},\"sameAs\":[\"https:\/\/www.facebook.com\/GrandAffiShoppingCenter\",\"https:\/\/x.com\/grandaffi\",\"https:\/\/www.instagram.com\/grand_affi_shopping_center\/?hl=it\"]}]}<\/script>\n<!-- \/ Yoast SEO plugin. -->","yoast_head_json":{"title":"Salmoiraghi & Vigan\u00f2 - Grand&#039;Affi Shopping Center","robots":{"index":"index","follow":"follow","max-snippet":"max-snippet:-1","max-image-preview":"max-image-preview:large","max-video-preview":"max-video-preview:-1"},"canonical":"https:\/\/grandaffi.it\/de\/salmoiraghi-e-vigano\/","og_locale":"de_DE","og_type":"article","og_title":"Salmoiraghi & Vigan\u00f2 - Grand&#039;Affi Shopping Center","og_description":"Bei Salmoiraghi &amp; Vigan\u00f2, der besten Optikerkette Italiens, finden Sie eine gro\u00dfe Auswahl an optischen Brillen, Sonnenbrillen und Kontaktlinsen der besten Marken. In jedem Gesch\u00e4ft stehen spezialisierte Optiker f\u00fcr einen kostenlosen professionellen SEHTEST zur Verf\u00fcgung, den Sie auf der Website www.salmoiraghievigano.it oder unter der geb\u00fchrenfreien Nummer 800882233 buchen k\u00f6nnen. Phone. 045 6261477 Wo Wir Sind","og_url":"https:\/\/grandaffi.it\/de\/salmoiraghi-e-vigano\/","og_site_name":"Grand&#039;Affi Shopping Center","article_publisher":"https:\/\/www.facebook.com\/GrandAffiShoppingCenter","article_modified_time":"2025-06-19T13:54:32+00:00","og_image":[{"width":1546,"height":718,"url":"https:\/\/grandaffi.it\/wp-content\/uploads\/2025\/07\/logo-grandaffi-30.png","type":"image\/png"}],"twitter_card":"summary_large_image","twitter_site":"@grandaffi","schema":{"@context":"https:\/\/schema.org","@graph":[{"@type":"WebPage","@id":"https:\/\/grandaffi.it\/de\/salmoiraghi-e-vigano\/","url":"https:\/\/grandaffi.it\/de\/salmoiraghi-e-vigano\/","name":"Salmoiraghi & Vigan\u00f2 - Grand&#039;Affi Shopping Center","isPartOf":{"@id":"https:\/\/grandaffi.it\/de\/#website"},"datePublished":"2021-09-09T10:42:24+00:00","dateModified":"2025-06-19T13:54:32+00:00","breadcrumb":{"@id":"https:\/\/grandaffi.it\/de\/salmoiraghi-e-vigano\/#breadcrumb"},"inLanguage":"de","potentialAction":[{"@type":"ReadAction","target":["https:\/\/grandaffi.it\/de\/salmoiraghi-e-vigano\/"]}]},{"@type":"BreadcrumbList","@id":"https:\/\/grandaffi.it\/de\/salmoiraghi-e-vigano\/#breadcrumb","itemListElement":[{"@type":"ListItem","position":1,"name":"Home","item":"https:\/\/grandaffi.it\/de\/"},{"@type":"ListItem","position":2,"name":"Salmoiraghi &#038; Vigan\u00f2"}]},{"@type":"WebSite","@id":"https:\/\/grandaffi.it\/de\/#website","url":"https:\/\/grandaffi.it\/de\/","name":"Grand'Affi Shopping Center","description":"Il centro commerciale su misura per te","publisher":{"@id":"https:\/\/grandaffi.it\/de\/#organization"},"alternateName":"Il centro commerciale di Verona","potentialAction":[{"@type":"SearchAction","target":{"@type":"EntryPoint","urlTemplate":"https:\/\/grandaffi.it\/de\/?s={search_term_string}"},"query-input":{"@type":"PropertyValueSpecification","valueRequired":true,"valueName":"search_term_string"}}],"inLanguage":"de"},{"@type":"Organization","@id":"https:\/\/grandaffi.it\/de\/#organization","name":"Grand'Affi Shopping Center","url":"https:\/\/grandaffi.it\/de\/","logo":{"@type":"ImageObject","inLanguage":"de","@id":"https:\/\/grandaffi.it\/de\/#\/schema\/logo\/image\/","url":"https:\/\/grandaffi.it\/wp-content\/uploads\/2025\/07\/logo-grandaffi-30.png","contentUrl":"https:\/\/grandaffi.it\/wp-content\/uploads\/2025\/07\/logo-grandaffi-30.png","width":1546,"height":718,"caption":"Grand'Affi Shopping Center"},"image":{"@id":"https:\/\/grandaffi.it\/de\/#\/schema\/logo\/image\/"},"sameAs":["https:\/\/www.facebook.com\/GrandAffiShoppingCenter","https:\/\/x.com\/grandaffi","https:\/\/www.instagram.com\/grand_affi_shopping_center\/?hl=it"]}]}},"_links":{"self":[{"href":"https:\/\/grandaffi.it\/de\/wp-json\/wp\/v2\/pages\/9384","targetHints":{"allow":["GET"]}}],"collection":[{"href":"https:\/\/grandaffi.it\/de\/wp-json\/wp\/v2\/pages"}],"about":[{"href":"https:\/\/grandaffi.it\/de\/wp-json\/wp\/v2\/types\/page"}],"author":[{"embeddable":true,"href":"https:\/\/grandaffi.it\/de\/wp-json\/wp\/v2\/users\/1"}],"replies":[{"embeddable":true,"href":"https:\/\/grandaffi.it\/de\/wp-json\/wp\/v2\/comments?post=9384"}],"version-history":[{"count":3,"href":"https:\/\/grandaffi.it\/de\/wp-json\/wp\/v2\/pages\/9384\/revisions"}],"predecessor-version":[{"id":20005,"href":"https:\/\/grandaffi.it\/de\/wp-json\/wp\/v2\/pages\/9384\/revisions\/20005"}],"wp:attachment":[{"href":"https:\/\/grandaffi.it\/de\/wp-json\/wp\/v2\/media?parent=9384"}],"curies":[{"name":"wp","href":"https:\/\/api.w.org\/{rel}","templated":true}]}}