{"id":9306,"date":"2021-09-01T16:42:48","date_gmt":"2021-09-01T14:42:48","guid":{"rendered":"http:\/\/sviluppo.grandaffi.it\/lovable\/"},"modified":"2025-06-12T17:52:22","modified_gmt":"2025-06-12T15:52:22","slug":"lovable","status":"publish","type":"page","link":"https:\/\/grandaffi.it\/de\/lovable\/","title":{"rendered":"Lovable"},"content":{"rendered":"\t\t<div data-elementor-type=\"wp-page\" data-elementor-id=\"9306\" class=\"elementor elementor-9306 elementor-594\" data-elementor-post-type=\"page\">\n\t\t\t\t\t\t<section class=\"elementor-section elementor-top-section elementor-element elementor-element-39a92j7 elementor-section-full_width elementor-section-content-bottom elementor-section-stretched elementor-section-height-default elementor-section-height-default\" data-id=\"39a92j7\" data-element_type=\"section\" data-settings=\"{&quot;background_background&quot;:&quot;classic&quot;,&quot;stretch_section&quot;:&quot;section-stretched&quot;}\">\n\t\t\t\t\t\t\t<div class=\"elementor-background-overlay\"><\/div>\n\t\t\t\t\t\t\t<div class=\"elementor-container elementor-column-gap-default\">\n\t\t\t\t\t<div class=\"elementor-column elementor-col-50 elementor-top-column elementor-element elementor-element-1bpl51d\" data-id=\"1bpl51d\" data-element_type=\"column\">\n\t\t\t<div class=\"elementor-widget-wrap elementor-element-populated\">\n\t\t\t\t\t\t<div class=\"elementor-element elementor-element-ecq0eh0 elementor-widget elementor-widget-spacer\" data-id=\"ecq0eh0\" data-element_type=\"widget\" data-widget_type=\"spacer.default\">\n\t\t\t\t<div class=\"elementor-widget-container\">\n\t\t\t\t\t\t\t<div class=\"elementor-spacer\">\n\t\t\t<div class=\"elementor-spacer-inner\"><\/div>\n\t\t<\/div>\n\t\t\t\t\t\t<\/div>\n\t\t\t\t<\/div>\n\t\t\t\t<div class=\"elementor-element elementor-element-xkbixqr elementor-widget elementor-widget-image\" data-id=\"xkbixqr\" data-element_type=\"widget\" data-widget_type=\"image.default\">\n\t\t\t\t<div class=\"elementor-widget-container\">\n\t\t\t\t\t\t\t\t\t\t\t\t\t\t\t<img decoding=\"async\" src=\"\/wp-content\/uploads\/2021\/09\/Lovable.png\" title=\"\" alt=\"\" loading=\"lazy\" \/>\t\t\t\t\t\t\t\t\t\t\t\t\t\t\t<\/div>\n\t\t\t\t<\/div>\n\t\t\t\t<div class=\"elementor-element elementor-element-77iiaao elementor-widget elementor-widget-heading\" data-id=\"77iiaao\" data-element_type=\"widget\" data-widget_type=\"heading.default\">\n\t\t\t\t<div class=\"elementor-widget-container\">\n\t\t\t\t\t<h2 class=\"elementor-heading-title elementor-size-default\">Die Unterw\u00e4sche, die Ihre Einzigartigkeit unterstreicht<\/h2>\t\t\t\t<\/div>\n\t\t\t\t<\/div>\n\t\t\t\t<div class=\"elementor-element elementor-element-od5c1ge elementor-widget elementor-widget-text-editor\" data-id=\"od5c1ge\" data-element_type=\"widget\" data-widget_type=\"text-editor.default\">\n\t\t\t\t<div class=\"elementor-widget-container\">\n\t\t\t\t\t\t\t\t\t<div class=\"wpb_text_column wpb_content_element\"><div class=\"wpb_wrapper\"><section id=\"section-id-1477309430981\" class=\"sppb-section \"><div class=\"sppb-row-container\"><div class=\"sppb-row\"><div class=\"sppb-col-md-6\"><div id=\"column-id-1477309430983\" class=\"sppb-column \"><div class=\"sppb-column-addons\"><div id=\"sppb-addon-1477309430989\" class=\"clearfix\"><div class=\"sppb-addon sppb-addon-text-block sppb-text-left \"><div class=\"sppb-addon-content\"><p>Zahlreiche Modelle von BHs, Bodys, Slips und Pantys, Boxershorts, Shorts, Tops und Shirts f\u00fcr Herren: Lassen Sie sich von der Qualit\u00e4t der Materialien \u00fcberzeugen, von Spitze bis Seide, von Baumwolle bis Mikrofaser, Textilien, die sich Ihrem K\u00f6rper anpassen und seine nat\u00fcrliche Sch\u00f6nheit unterstreichen. Wir bieten ein Sortiment von Produkten mit Herz, dank unserer Forschung in den Bereichen Technologie und Design, um Ihre Bed\u00fcrfnisse zu erf\u00fcllen, damit Sie sich immer wohl f\u00fchlen, egal, was Sie tragen. Unterw\u00e4sche, die so vielseitig ist, dass sie dank unserer Geheimnisse der Unsichtbarkeit diskret unter der Kleidung verschwindet, sie aber bei den richtigen Gelegenheiten gerne zeigen k\u00f6nnen, um Ihre Sinnlichkeit und Sch\u00f6nheit zu unterstreichen.<\/p><\/div><\/div><\/div><\/div><\/div><\/div><\/div><\/div><\/section><\/div><\/div>\t\t\t\t\t\t\t\t<\/div>\n\t\t\t\t<\/div>\n\t\t\t\t\t<\/div>\n\t\t<\/div>\n\t\t\t\t<div class=\"elementor-column elementor-col-50 elementor-top-column elementor-element elementor-element-lr3lvsz\" data-id=\"lr3lvsz\" data-element_type=\"column\">\n\t\t\t<div class=\"elementor-widget-wrap elementor-element-populated\">\n\t\t\t\t\t\t<div class=\"elementor-element elementor-element-2f76hpy elementor-icon-list--layout-traditional elementor-list-item-link-full_width elementor-widget elementor-widget-icon-list\" data-id=\"2f76hpy\" data-element_type=\"widget\" data-widget_type=\"icon-list.default\">\n\t\t\t\t<div class=\"elementor-widget-container\">\n\t\t\t\t\t\t\t<ul class=\"elementor-icon-list-items\">\n\t\t\t\t\t\t\t<li class=\"elementor-icon-list-item\">\n\t\t\t\t\t\t\t\t\t\t\t<a href=\"tel:045%206267300\">\n\n\t\t\t\t\t\t\t\t\t\t\t\t<span class=\"elementor-icon-list-icon\">\n\t\t\t\t\t\t\t<i aria-hidden=\"true\" class=\"fas fa-phone-alt\"><\/i>\t\t\t\t\t\t<\/span>\n\t\t\t\t\t\t\t\t\t\t<span class=\"elementor-icon-list-text\">Phone. 045 6267300<\/span>\n\t\t\t\t\t\t\t\t\t\t\t<\/a>\n\t\t\t\t\t\t\t\t\t<\/li>\n\t\t\t\t\t\t\t\t<li class=\"elementor-icon-list-item\">\n\t\t\t\t\t\t\t\t\t\t\t<a href=\"https:\/\/www.lovable.it\/\" target=\"_blank\">\n\n\t\t\t\t\t\t\t\t\t\t\t\t<span class=\"elementor-icon-list-icon\">\n\t\t\t\t\t\t\t<i aria-hidden=\"true\" class=\"fas fa-hand-pointer\"><\/i>\t\t\t\t\t\t<\/span>\n\t\t\t\t\t\t\t\t\t\t<span class=\"elementor-icon-list-text\">https:\/\/www.lovable.it\/<\/span>\n\t\t\t\t\t\t\t\t\t\t\t<\/a>\n\t\t\t\t\t\t\t\t\t<\/li>\n\t\t\t\t\t\t<\/ul>\n\t\t\t\t\t\t<\/div>\n\t\t\t\t<\/div>\n\t\t\t\t\t<\/div>\n\t\t<\/div>\n\t\t\t\t\t<\/div>\n\t\t<\/section>\n\t\t\t\t<section class=\"elementor-section elementor-top-section elementor-element elementor-element-7icq4rs elementor-section-stretched elementor-section-boxed elementor-section-height-default elementor-section-height-default\" data-id=\"7icq4rs\" data-element_type=\"section\" data-settings=\"{&quot;background_background&quot;:&quot;classic&quot;,&quot;stretch_section&quot;:&quot;section-stretched&quot;}\">\n\t\t\t\t\t\t<div class=\"elementor-container elementor-column-gap-default\">\n\t\t\t\t\t<div class=\"elementor-column elementor-col-100 elementor-top-column elementor-element elementor-element-hih51yb\" data-id=\"hih51yb\" data-element_type=\"column\">\n\t\t\t<div class=\"elementor-widget-wrap elementor-element-populated\">\n\t\t\t\t\t\t<div class=\"elementor-element elementor-element-cu290vq elementor-widget elementor-widget-heading\" data-id=\"cu290vq\" data-element_type=\"widget\" data-widget_type=\"heading.default\">\n\t\t\t\t<div class=\"elementor-widget-container\">\n\t\t\t\t\t<h3 class=\"elementor-heading-title elementor-size-default\">Wo Wir Sind<\/h3>\t\t\t\t<\/div>\n\t\t\t\t<\/div>\n\t\t\t\t\t<\/div>\n\t\t<\/div>\n\t\t\t\t\t<\/div>\n\t\t<\/section>\n\t\t\t\t<section class=\"elementor-section elementor-top-section elementor-element elementor-element-s46wivw elementor-section-full_width elementor-section-stretched elementor-section-height-default elementor-section-height-default\" data-id=\"s46wivw\" data-element_type=\"section\" data-settings=\"{&quot;stretch_section&quot;:&quot;section-stretched&quot;}\">\n\t\t\t\t\t\t<div class=\"elementor-container elementor-column-gap-default\">\n\t\t\t\t\t<div class=\"elementor-column elementor-col-100 elementor-top-column elementor-element elementor-element-u0znkkq gf_mappa_negozi\" data-id=\"u0znkkq\" data-element_type=\"column\" data-settings=\"{&quot;background_background&quot;:&quot;classic&quot;}\">\n\t\t\t<div class=\"elementor-widget-wrap elementor-element-populated\">\n\t\t\t\t\t\t<div class=\"elementor-element elementor-element-u3drd3t elementor-widget elementor-widget-spacer\" data-id=\"u3drd3t\" data-element_type=\"widget\" data-widget_type=\"spacer.default\">\n\t\t\t\t<div class=\"elementor-widget-container\">\n\t\t\t\t\t\t\t<div class=\"elementor-spacer\">\n\t\t\t<div class=\"elementor-spacer-inner\"><\/div>\n\t\t<\/div>\n\t\t\t\t\t\t<\/div>\n\t\t\t\t<\/div>\n\t\t\t\t\t<\/div>\n\t\t<\/div>\n\t\t\t\t\t<\/div>\n\t\t<\/section>\n\t\t\t\t<section class=\"elementor-section elementor-top-section elementor-element elementor-element-cuyhzli elementor-section-full_width elementor-section-stretched elementor-section-height-default elementor-section-height-default\" data-id=\"cuyhzli\" data-element_type=\"section\" data-settings=\"{&quot;background_background&quot;:&quot;classic&quot;,&quot;stretch_section&quot;:&quot;section-stretched&quot;}\">\n\t\t\t\t\t\t<div class=\"elementor-container elementor-column-gap-default\">\n\t\t\t\t\t<div class=\"elementor-column elementor-col-100 elementor-top-column elementor-element elementor-element-49ale0x\" data-id=\"49ale0x\" data-element_type=\"column\" data-settings=\"{&quot;background_background&quot;:&quot;classic&quot;}\">\n\t\t\t<div class=\"elementor-widget-wrap elementor-element-populated\">\n\t\t\t\t\t\t<div class=\"elementor-element elementor-element-pl51uf6 elementor-widget elementor-widget-gallery\" data-id=\"pl51uf6\" data-element_type=\"widget\" data-settings=\"{&quot;columns&quot;:3,&quot;gap&quot;:{&quot;unit&quot;:&quot;px&quot;,&quot;size&quot;:0,&quot;sizes&quot;:[]},&quot;aspect_ratio&quot;:&quot;1:1&quot;,&quot;image_hover_animation&quot;:&quot;grow&quot;,&quot;columns_tablet&quot;:3,&quot;gap_tablet&quot;:{&quot;unit&quot;:&quot;px&quot;,&quot;size&quot;:0,&quot;sizes&quot;:[]},&quot;gap_mobile&quot;:{&quot;unit&quot;:&quot;px&quot;,&quot;size&quot;:0,&quot;sizes&quot;:[]},&quot;lazyload&quot;:&quot;yes&quot;,&quot;gallery_layout&quot;:&quot;grid&quot;,&quot;columns_mobile&quot;:1,&quot;link_to&quot;:&quot;file&quot;,&quot;overlay_background&quot;:&quot;yes&quot;,&quot;content_hover_animation&quot;:&quot;fade-in&quot;}\" data-widget_type=\"gallery.default\">\n\t\t\t\t<div class=\"elementor-widget-container\">\n\t\t\t\t\t\t\t<div class=\"elementor-gallery__container\">\n\t\t\t\t\t\t\t<a class=\"e-gallery-item elementor-gallery-item elementor-animated-content\" href=\"https:\/\/grandaffi.it\/wp-content\/uploads\/2025\/06\/DSCF1843-Migliorato-NR-scaled.jpg\" data-elementor-open-lightbox=\"yes\" data-elementor-lightbox-slideshow=\"pl51uf6\" data-e-action-hash=\"#elementor-action%3Aaction%3Dlightbox%26settings%3DeyJpZCI6MTkwNTYsInVybCI6Imh0dHBzOlwvXC9ncmFuZGFmZmkuaXRcL3dwLWNvbnRlbnRcL3VwbG9hZHNcLzIwMjVcLzA2XC9EU0NGMTg0My1NaWdsaW9yYXRvLU5SLXNjYWxlZC5qcGciLCJzbGlkZXNob3ciOiJwbDUxdWY2In0%3D\">\n\t\t\t\t\t<div class=\"e-gallery-image elementor-gallery-item__image\" data-thumbnail=\"https:\/\/grandaffi.it\/wp-content\/uploads\/2025\/06\/DSCF1843-Migliorato-NR-scaled.jpg\" data-width=\"2560\" data-height=\"1707\" aria-label=\"\" role=\"img\" ><\/div>\n\t\t\t\t\t\t\t\t\t\t\t<div class=\"elementor-gallery-item__overlay\"><\/div>\n\t\t\t\t\t\t\t\t\t\t\t\t\t\t<\/a>\n\t\t\t\t\t\t\t<a class=\"e-gallery-item elementor-gallery-item elementor-animated-content\" href=\"https:\/\/grandaffi.it\/wp-content\/uploads\/2025\/06\/DSCF1852-Migliorato-NR-scaled.jpg\" data-elementor-open-lightbox=\"yes\" data-elementor-lightbox-slideshow=\"pl51uf6\" data-e-action-hash=\"#elementor-action%3Aaction%3Dlightbox%26settings%3DeyJpZCI6MTkwNjIsInVybCI6Imh0dHBzOlwvXC9ncmFuZGFmZmkuaXRcL3dwLWNvbnRlbnRcL3VwbG9hZHNcLzIwMjVcLzA2XC9EU0NGMTg1Mi1NaWdsaW9yYXRvLU5SLXNjYWxlZC5qcGciLCJzbGlkZXNob3ciOiJwbDUxdWY2In0%3D\">\n\t\t\t\t\t<div class=\"e-gallery-image elementor-gallery-item__image\" data-thumbnail=\"https:\/\/grandaffi.it\/wp-content\/uploads\/2025\/06\/DSCF1852-Migliorato-NR-scaled.jpg\" data-width=\"2560\" data-height=\"1707\" aria-label=\"\" role=\"img\" ><\/div>\n\t\t\t\t\t\t\t\t\t\t\t<div class=\"elementor-gallery-item__overlay\"><\/div>\n\t\t\t\t\t\t\t\t\t\t\t\t\t\t<\/a>\n\t\t\t\t\t\t\t<a class=\"e-gallery-item elementor-gallery-item elementor-animated-content\" href=\"https:\/\/grandaffi.it\/wp-content\/uploads\/2025\/06\/DSCF1850-Migliorato-NR-scaled.jpg\" data-elementor-open-lightbox=\"yes\" data-elementor-lightbox-slideshow=\"pl51uf6\" data-e-action-hash=\"#elementor-action%3Aaction%3Dlightbox%26settings%3DeyJpZCI6MTkwNTksInVybCI6Imh0dHBzOlwvXC9ncmFuZGFmZmkuaXRcL3dwLWNvbnRlbnRcL3VwbG9hZHNcLzIwMjVcLzA2XC9EU0NGMTg1MC1NaWdsaW9yYXRvLU5SLXNjYWxlZC5qcGciLCJzbGlkZXNob3ciOiJwbDUxdWY2In0%3D\">\n\t\t\t\t\t<div class=\"e-gallery-image elementor-gallery-item__image\" data-thumbnail=\"https:\/\/grandaffi.it\/wp-content\/uploads\/2025\/06\/DSCF1850-Migliorato-NR-scaled.jpg\" data-width=\"2560\" data-height=\"1707\" aria-label=\"\" role=\"img\" ><\/div>\n\t\t\t\t\t\t\t\t\t\t\t<div class=\"elementor-gallery-item__overlay\"><\/div>\n\t\t\t\t\t\t\t\t\t\t\t\t\t\t<\/a>\n\t\t\t\t\t<\/div>\n\t\t\t\t\t<\/div>\n\t\t\t\t<\/div>\n\t\t\t\t\t<\/div>\n\t\t<\/div>\n\t\t\t\t\t<\/div>\n\t\t<\/section>\n\t\t\t\t<\/div>\n\t\t","protected":false},"excerpt":{"rendered":"<p>Die Unterw\u00e4sche, die Ihre Einzigartigkeit unterstreicht Zahlreiche Modelle von BHs, Bodys, Slips und Pantys, Boxershorts, Shorts, Tops und Shirts f\u00fcr Herren: Lassen Sie sich von der Qualit\u00e4t der Materialien \u00fcberzeugen, von Spitze bis Seide, von Baumwolle bis Mikrofaser, Textilien, die sich Ihrem K\u00f6rper anpassen und seine nat\u00fcrliche Sch\u00f6nheit unterstreichen. Wir bieten ein Sortiment von Produkten mit Herz, dank unserer Forschung&hellip;<\/p>\n","protected":false},"author":1,"featured_media":0,"parent":0,"menu_order":0,"comment_status":"closed","ping_status":"closed","template":"","meta":{"_acf_changed":false,"footnotes":""},"class_list":["post-9306","page","type-page","status-publish","hentry"],"acf":[],"yoast_head":"<!-- This site is optimized with the Yoast SEO plugin v26.7 - https:\/\/yoast.com\/wordpress\/plugins\/seo\/ -->\n<title>Lovable - Grand&#039;Affi Shopping Center<\/title>\n<meta name=\"robots\" content=\"index, follow, max-snippet:-1, max-image-preview:large, max-video-preview:-1\" \/>\n<link rel=\"canonical\" href=\"https:\/\/grandaffi.it\/de\/lovable\/\" \/>\n<meta property=\"og:locale\" content=\"de_DE\" \/>\n<meta property=\"og:type\" content=\"article\" \/>\n<meta property=\"og:title\" content=\"Lovable - Grand&#039;Affi Shopping Center\" \/>\n<meta property=\"og:description\" content=\"Die Unterw\u00e4sche, die Ihre Einzigartigkeit unterstreicht Zahlreiche Modelle von BHs, Bodys, Slips und Pantys, Boxershorts, Shorts, Tops und Shirts f\u00fcr Herren: Lassen Sie sich von der Qualit\u00e4t der Materialien \u00fcberzeugen, von Spitze bis Seide, von Baumwolle bis Mikrofaser, Textilien, die sich Ihrem K\u00f6rper anpassen und seine nat\u00fcrliche Sch\u00f6nheit unterstreichen. Wir bieten ein Sortiment von Produkten mit Herz, dank unserer Forschung&hellip;\" \/>\n<meta property=\"og:url\" content=\"https:\/\/grandaffi.it\/de\/lovable\/\" \/>\n<meta property=\"og:site_name\" content=\"Grand&#039;Affi Shopping Center\" \/>\n<meta property=\"article:publisher\" content=\"https:\/\/www.facebook.com\/GrandAffiShoppingCenter\" \/>\n<meta property=\"article:modified_time\" content=\"2025-06-12T15:52:22+00:00\" \/>\n<meta property=\"og:image\" content=\"https:\/\/grandaffi.it\/wp-content\/uploads\/2025\/07\/logo-grandaffi-30.png\" \/>\n\t<meta property=\"og:image:width\" content=\"1546\" \/>\n\t<meta property=\"og:image:height\" content=\"718\" \/>\n\t<meta property=\"og:image:type\" content=\"image\/png\" \/>\n<meta name=\"twitter:card\" content=\"summary_large_image\" \/>\n<meta name=\"twitter:site\" content=\"@grandaffi\" \/>\n<meta name=\"twitter:label1\" content=\"Gesch\u00e4tzte Lesezeit\" \/>\n\t<meta name=\"twitter:data1\" content=\"1\u00a0Minute\" \/>\n<script type=\"application\/ld+json\" class=\"yoast-schema-graph\">{\"@context\":\"https:\/\/schema.org\",\"@graph\":[{\"@type\":\"WebPage\",\"@id\":\"https:\/\/grandaffi.it\/de\/lovable\/\",\"url\":\"https:\/\/grandaffi.it\/de\/lovable\/\",\"name\":\"Lovable - Grand&#039;Affi Shopping Center\",\"isPartOf\":{\"@id\":\"https:\/\/grandaffi.it\/de\/#website\"},\"datePublished\":\"2021-09-01T14:42:48+00:00\",\"dateModified\":\"2025-06-12T15:52:22+00:00\",\"breadcrumb\":{\"@id\":\"https:\/\/grandaffi.it\/de\/lovable\/#breadcrumb\"},\"inLanguage\":\"de\",\"potentialAction\":[{\"@type\":\"ReadAction\",\"target\":[\"https:\/\/grandaffi.it\/de\/lovable\/\"]}]},{\"@type\":\"BreadcrumbList\",\"@id\":\"https:\/\/grandaffi.it\/de\/lovable\/#breadcrumb\",\"itemListElement\":[{\"@type\":\"ListItem\",\"position\":1,\"name\":\"Home\",\"item\":\"https:\/\/grandaffi.it\/de\/\"},{\"@type\":\"ListItem\",\"position\":2,\"name\":\"Lovable\"}]},{\"@type\":\"WebSite\",\"@id\":\"https:\/\/grandaffi.it\/de\/#website\",\"url\":\"https:\/\/grandaffi.it\/de\/\",\"name\":\"Grand'Affi Shopping Center\",\"description\":\"Il centro commerciale su misura per te\",\"publisher\":{\"@id\":\"https:\/\/grandaffi.it\/de\/#organization\"},\"alternateName\":\"Il centro commerciale di Verona\",\"potentialAction\":[{\"@type\":\"SearchAction\",\"target\":{\"@type\":\"EntryPoint\",\"urlTemplate\":\"https:\/\/grandaffi.it\/de\/?s={search_term_string}\"},\"query-input\":{\"@type\":\"PropertyValueSpecification\",\"valueRequired\":true,\"valueName\":\"search_term_string\"}}],\"inLanguage\":\"de\"},{\"@type\":\"Organization\",\"@id\":\"https:\/\/grandaffi.it\/de\/#organization\",\"name\":\"Grand'Affi Shopping Center\",\"url\":\"https:\/\/grandaffi.it\/de\/\",\"logo\":{\"@type\":\"ImageObject\",\"inLanguage\":\"de\",\"@id\":\"https:\/\/grandaffi.it\/de\/#\/schema\/logo\/image\/\",\"url\":\"https:\/\/grandaffi.it\/wp-content\/uploads\/2025\/07\/logo-grandaffi-30.png\",\"contentUrl\":\"https:\/\/grandaffi.it\/wp-content\/uploads\/2025\/07\/logo-grandaffi-30.png\",\"width\":1546,\"height\":718,\"caption\":\"Grand'Affi Shopping Center\"},\"image\":{\"@id\":\"https:\/\/grandaffi.it\/de\/#\/schema\/logo\/image\/\"},\"sameAs\":[\"https:\/\/www.facebook.com\/GrandAffiShoppingCenter\",\"https:\/\/x.com\/grandaffi\",\"https:\/\/www.instagram.com\/grand_affi_shopping_center\/?hl=it\"]}]}<\/script>\n<!-- \/ Yoast SEO plugin. -->","yoast_head_json":{"title":"Lovable - Grand&#039;Affi Shopping Center","robots":{"index":"index","follow":"follow","max-snippet":"max-snippet:-1","max-image-preview":"max-image-preview:large","max-video-preview":"max-video-preview:-1"},"canonical":"https:\/\/grandaffi.it\/de\/lovable\/","og_locale":"de_DE","og_type":"article","og_title":"Lovable - Grand&#039;Affi Shopping Center","og_description":"Die Unterw\u00e4sche, die Ihre Einzigartigkeit unterstreicht Zahlreiche Modelle von BHs, Bodys, Slips und Pantys, Boxershorts, Shorts, Tops und Shirts f\u00fcr Herren: Lassen Sie sich von der Qualit\u00e4t der Materialien \u00fcberzeugen, von Spitze bis Seide, von Baumwolle bis Mikrofaser, Textilien, die sich Ihrem K\u00f6rper anpassen und seine nat\u00fcrliche Sch\u00f6nheit unterstreichen. Wir bieten ein Sortiment von Produkten mit Herz, dank unserer Forschung&hellip;","og_url":"https:\/\/grandaffi.it\/de\/lovable\/","og_site_name":"Grand&#039;Affi Shopping Center","article_publisher":"https:\/\/www.facebook.com\/GrandAffiShoppingCenter","article_modified_time":"2025-06-12T15:52:22+00:00","og_image":[{"width":1546,"height":718,"url":"https:\/\/grandaffi.it\/wp-content\/uploads\/2025\/07\/logo-grandaffi-30.png","type":"image\/png"}],"twitter_card":"summary_large_image","twitter_site":"@grandaffi","twitter_misc":{"Gesch\u00e4tzte Lesezeit":"1\u00a0Minute"},"schema":{"@context":"https:\/\/schema.org","@graph":[{"@type":"WebPage","@id":"https:\/\/grandaffi.it\/de\/lovable\/","url":"https:\/\/grandaffi.it\/de\/lovable\/","name":"Lovable - Grand&#039;Affi Shopping Center","isPartOf":{"@id":"https:\/\/grandaffi.it\/de\/#website"},"datePublished":"2021-09-01T14:42:48+00:00","dateModified":"2025-06-12T15:52:22+00:00","breadcrumb":{"@id":"https:\/\/grandaffi.it\/de\/lovable\/#breadcrumb"},"inLanguage":"de","potentialAction":[{"@type":"ReadAction","target":["https:\/\/grandaffi.it\/de\/lovable\/"]}]},{"@type":"BreadcrumbList","@id":"https:\/\/grandaffi.it\/de\/lovable\/#breadcrumb","itemListElement":[{"@type":"ListItem","position":1,"name":"Home","item":"https:\/\/grandaffi.it\/de\/"},{"@type":"ListItem","position":2,"name":"Lovable"}]},{"@type":"WebSite","@id":"https:\/\/grandaffi.it\/de\/#website","url":"https:\/\/grandaffi.it\/de\/","name":"Grand'Affi Shopping Center","description":"Il centro commerciale su misura per te","publisher":{"@id":"https:\/\/grandaffi.it\/de\/#organization"},"alternateName":"Il centro commerciale di Verona","potentialAction":[{"@type":"SearchAction","target":{"@type":"EntryPoint","urlTemplate":"https:\/\/grandaffi.it\/de\/?s={search_term_string}"},"query-input":{"@type":"PropertyValueSpecification","valueRequired":true,"valueName":"search_term_string"}}],"inLanguage":"de"},{"@type":"Organization","@id":"https:\/\/grandaffi.it\/de\/#organization","name":"Grand'Affi Shopping Center","url":"https:\/\/grandaffi.it\/de\/","logo":{"@type":"ImageObject","inLanguage":"de","@id":"https:\/\/grandaffi.it\/de\/#\/schema\/logo\/image\/","url":"https:\/\/grandaffi.it\/wp-content\/uploads\/2025\/07\/logo-grandaffi-30.png","contentUrl":"https:\/\/grandaffi.it\/wp-content\/uploads\/2025\/07\/logo-grandaffi-30.png","width":1546,"height":718,"caption":"Grand'Affi Shopping Center"},"image":{"@id":"https:\/\/grandaffi.it\/de\/#\/schema\/logo\/image\/"},"sameAs":["https:\/\/www.facebook.com\/GrandAffiShoppingCenter","https:\/\/x.com\/grandaffi","https:\/\/www.instagram.com\/grand_affi_shopping_center\/?hl=it"]}]}},"_links":{"self":[{"href":"https:\/\/grandaffi.it\/de\/wp-json\/wp\/v2\/pages\/9306","targetHints":{"allow":["GET"]}}],"collection":[{"href":"https:\/\/grandaffi.it\/de\/wp-json\/wp\/v2\/pages"}],"about":[{"href":"https:\/\/grandaffi.it\/de\/wp-json\/wp\/v2\/types\/page"}],"author":[{"embeddable":true,"href":"https:\/\/grandaffi.it\/de\/wp-json\/wp\/v2\/users\/1"}],"replies":[{"embeddable":true,"href":"https:\/\/grandaffi.it\/de\/wp-json\/wp\/v2\/comments?post=9306"}],"version-history":[{"count":5,"href":"https:\/\/grandaffi.it\/de\/wp-json\/wp\/v2\/pages\/9306\/revisions"}],"predecessor-version":[{"id":19071,"href":"https:\/\/grandaffi.it\/de\/wp-json\/wp\/v2\/pages\/9306\/revisions\/19071"}],"wp:attachment":[{"href":"https:\/\/grandaffi.it\/de\/wp-json\/wp\/v2\/media?parent=9306"}],"curies":[{"name":"wp","href":"https:\/\/api.w.org\/{rel}","templated":true}]}}