{"id":9242,"date":"2021-09-21T09:13:03","date_gmt":"2021-09-21T07:13:03","guid":{"rendered":"http:\/\/sviluppo.grandaffi.it\/ricarica-auto-driwe\/"},"modified":"2025-07-02T17:13:20","modified_gmt":"2025-07-02T15:13:20","slug":"driwe","status":"publish","type":"page","link":"https:\/\/grandaffi.it\/de\/startseite\/servizi-green\/driwe\/","title":{"rendered":"DRIWE &#8211; AUTOLADENSTATION"},"content":{"rendered":"\t\t<div data-elementor-type=\"wp-page\" data-elementor-id=\"9242\" class=\"elementor elementor-9242 elementor-2057\" data-elementor-post-type=\"page\">\n\t\t\t\t\t\t<section class=\"elementor-section elementor-top-section elementor-element elementor-element-b21d59d elementor-section-full_width elementor-section-content-bottom elementor-section-stretched elementor-section-height-default elementor-section-height-default\" data-id=\"b21d59d\" data-element_type=\"section\" data-settings=\"{&quot;background_background&quot;:&quot;classic&quot;,&quot;stretch_section&quot;:&quot;section-stretched&quot;}\">\n\t\t\t\t\t\t\t<div class=\"elementor-background-overlay\"><\/div>\n\t\t\t\t\t\t\t<div class=\"elementor-container elementor-column-gap-default\">\n\t\t\t\t\t<div class=\"elementor-column elementor-col-50 elementor-top-column elementor-element elementor-element-bb4246a\" data-id=\"bb4246a\" data-element_type=\"column\">\n\t\t\t<div class=\"elementor-widget-wrap elementor-element-populated\">\n\t\t\t\t\t\t<div class=\"elementor-element elementor-element-8fb2b70 elementor-widget elementor-widget-spacer\" data-id=\"8fb2b70\" data-element_type=\"widget\" data-widget_type=\"spacer.default\">\n\t\t\t\t<div class=\"elementor-widget-container\">\n\t\t\t\t\t\t\t<div class=\"elementor-spacer\">\n\t\t\t<div class=\"elementor-spacer-inner\"><\/div>\n\t\t<\/div>\n\t\t\t\t\t\t<\/div>\n\t\t\t\t<\/div>\n\t\t\t\t<div class=\"elementor-element elementor-element-1c09705 elementor-widget elementor-widget-image\" data-id=\"1c09705\" data-element_type=\"widget\" data-widget_type=\"image.default\">\n\t\t\t\t<div class=\"elementor-widget-container\">\n\t\t\t\t\t\t\t\t\t\t\t\t\t\t\t<img fetchpriority=\"high\" decoding=\"async\" width=\"800\" height=\"566\" src=\"https:\/\/grandaffi.it\/wp-content\/uploads\/2021\/09\/Logo-Driwe-1.png\" class=\"attachment-large size-large wp-image-7665\" alt=\"\" \/>\t\t\t\t\t\t\t\t\t\t\t\t\t\t\t<\/div>\n\t\t\t\t<\/div>\n\t\t\t\t<div class=\"elementor-element elementor-element-a504766 elementor-widget elementor-widget-heading\" data-id=\"a504766\" data-element_type=\"widget\" data-widget_type=\"heading.default\">\n\t\t\t\t<div class=\"elementor-widget-container\">\n\t\t\t\t\t<h2 class=\"elementor-heading-title elementor-size-default\">DRIWE Autoladestation<\/h2>\t\t\t\t<\/div>\n\t\t\t\t<\/div>\n\t\t\t\t<div class=\"elementor-element elementor-element-5e4e53c elementor-widget elementor-widget-text-editor\" data-id=\"5e4e53c\" data-element_type=\"widget\" data-widget_type=\"text-editor.default\">\n\t\t\t\t<div class=\"elementor-widget-container\">\n\t\t\t\t\t\t\t\t\t<p>DriWe Charge ist die Schnellladestation, die Ihr Auto in weniger als einer Stunde auftanken kann. DriWe Charge ist intelligent, weil es direkt \u00fcber ein Smartphone eingeschaltet und bedient werden kann. Au\u00dferdem ist es immer verbunden, so dass es von unterwegs geortet und aus der Ferne gebucht werden kann.<\/p>\t\t\t\t\t\t\t\t<\/div>\n\t\t\t\t<\/div>\n\t\t\t\t\t<\/div>\n\t\t<\/div>\n\t\t\t\t\t<\/div>\n\t\t<\/section>\n\t\t\t\t<section class=\"elementor-section elementor-top-section elementor-element elementor-element-82fa6bc elementor-section-full_width elementor-section-stretched elementor-section-height-default elementor-section-height-default\" data-id=\"82fa6bc\" data-element_type=\"section\" data-settings=\"{&quot;stretch_section&quot;:&quot;section-stretched&quot;}\">\n\t\t\t\t\t\t<div class=\"elementor-container elementor-column-gap-default\">\n\t\t\t\t\t<div class=\"elementor-column elementor-col-50 elementor-top-column elementor-element elementor-element-15fd955\" data-id=\"15fd955\" data-element_type=\"column\">\n\t\t\t<div class=\"elementor-widget-wrap elementor-element-populated\">\n\t\t\t\t\t\t<div class=\"elementor-element elementor-element-04ab2b2 elementor-widget elementor-widget-text-editor\" data-id=\"04ab2b2\" data-element_type=\"widget\" data-widget_type=\"text-editor.default\">\n\t\t\t\t<div class=\"elementor-widget-container\">\n\t\t\t\t\t\t\t\t\t<h3 class=\"p1\"><span class=\"s1\"><b>EINE CLEVER L\u00d6SUNG<\/b><\/span><\/h3><p>DriWe Charge ist dank der App immer mit Ihrem Smartphone verbunden, so dass es auf Ihrer Route geortet, aus der Ferne gebucht und \u2013 zus\u00e4tzlich zur Karte \u2013 per Kreditkarte oder Coupon bezahlt werden kann.<\/p><p>Wer sich f\u00fcr die DriWe Charge-Lades\u00e4ule entscheidet, hat die M\u00f6glichkeit, sie anderen zur Verf\u00fcgung zu stellen und so ein Netz von miteinander verbundenen Nutzern zu schaffen. DriWe Charge ist das wahre Tor zum neuen Elektrozeitalter.<\/p>\t\t\t\t\t\t\t\t<\/div>\n\t\t\t\t<\/div>\n\t\t\t\t\t<\/div>\n\t\t<\/div>\n\t\t\t\t<div class=\"elementor-column elementor-col-50 elementor-top-column elementor-element elementor-element-932dbd0\" data-id=\"932dbd0\" data-element_type=\"column\">\n\t\t\t<div class=\"elementor-widget-wrap elementor-element-populated\">\n\t\t\t\t\t\t<div class=\"elementor-element elementor-element-d0c9ce8 elementor-widget elementor-widget-image\" data-id=\"d0c9ce8\" data-element_type=\"widget\" data-widget_type=\"image.default\">\n\t\t\t\t<div class=\"elementor-widget-container\">\n\t\t\t\t\t\t\t\t\t\t\t\t\t\t\t<img decoding=\"async\" width=\"1024\" height=\"646\" src=\"https:\/\/grandaffi.it\/wp-content\/uploads\/2025\/03\/Copia-di-2018_driwe_brochure_senza-crocini_Pagina_07-1024x646.jpg\" class=\"attachment-large size-large wp-image-15099\" alt=\"\" \/>\t\t\t\t\t\t\t\t\t\t\t\t\t\t\t<\/div>\n\t\t\t\t<\/div>\n\t\t\t\t\t<\/div>\n\t\t<\/div>\n\t\t\t\t\t<\/div>\n\t\t<\/section>\n\t\t\t\t<section class=\"elementor-section elementor-top-section elementor-element elementor-element-736645d elementor-section-full_width elementor-section-stretched elementor-section-height-default elementor-section-height-default\" data-id=\"736645d\" data-element_type=\"section\" data-settings=\"{&quot;background_background&quot;:&quot;classic&quot;,&quot;stretch_section&quot;:&quot;section-stretched&quot;}\">\n\t\t\t\t\t\t<div class=\"elementor-container elementor-column-gap-default\">\n\t\t\t\t\t<div class=\"elementor-column elementor-col-100 elementor-top-column elementor-element elementor-element-e242dfb\" data-id=\"e242dfb\" data-element_type=\"column\" data-settings=\"{&quot;background_background&quot;:&quot;classic&quot;}\">\n\t\t\t<div class=\"elementor-widget-wrap elementor-element-populated\">\n\t\t\t\t\t\t<div class=\"elementor-element elementor-element-83e2fa2 elementor-widget elementor-widget-gallery\" data-id=\"83e2fa2\" data-element_type=\"widget\" data-settings=\"{&quot;columns&quot;:3,&quot;gap&quot;:{&quot;unit&quot;:&quot;px&quot;,&quot;size&quot;:0,&quot;sizes&quot;:[]},&quot;aspect_ratio&quot;:&quot;1:1&quot;,&quot;image_hover_animation&quot;:&quot;grow&quot;,&quot;columns_tablet&quot;:3,&quot;gap_tablet&quot;:{&quot;unit&quot;:&quot;px&quot;,&quot;size&quot;:0,&quot;sizes&quot;:[]},&quot;gap_mobile&quot;:{&quot;unit&quot;:&quot;px&quot;,&quot;size&quot;:0,&quot;sizes&quot;:[]},&quot;lazyload&quot;:&quot;yes&quot;,&quot;gallery_layout&quot;:&quot;grid&quot;,&quot;columns_mobile&quot;:1,&quot;link_to&quot;:&quot;file&quot;,&quot;overlay_background&quot;:&quot;yes&quot;,&quot;content_hover_animation&quot;:&quot;fade-in&quot;}\" data-widget_type=\"gallery.default\">\n\t\t\t\t<div class=\"elementor-widget-container\">\n\t\t\t\t\t\t\t<div class=\"elementor-gallery__container\">\n\t\t\t\t\t\t\t<a class=\"e-gallery-item elementor-gallery-item elementor-animated-content\" href=\"https:\/\/grandaffi.it\/wp-content\/uploads\/2025\/06\/GCP1294-scaled.jpg\" data-elementor-open-lightbox=\"yes\" data-elementor-lightbox-slideshow=\"83e2fa2\" data-e-action-hash=\"#elementor-action%3Aaction%3Dlightbox%26settings%3DeyJpZCI6MjEzMzEsInVybCI6Imh0dHBzOlwvXC9ncmFuZGFmZmkuaXRcL3dwLWNvbnRlbnRcL3VwbG9hZHNcLzIwMjVcLzA2XC9HQ1AxMjk0LXNjYWxlZC5qcGciLCJzbGlkZXNob3ciOiI4M2UyZmEyIn0%3D\">\n\t\t\t\t\t<div class=\"e-gallery-image elementor-gallery-item__image\" data-thumbnail=\"https:\/\/grandaffi.it\/wp-content\/uploads\/2025\/06\/GCP1294-scaled.jpg\" data-width=\"2560\" data-height=\"1703\" aria-label=\"\" role=\"img\" ><\/div>\n\t\t\t\t\t\t\t\t\t\t\t<div class=\"elementor-gallery-item__overlay\"><\/div>\n\t\t\t\t\t\t\t\t\t\t\t\t\t\t<\/a>\n\t\t\t\t\t\t\t<a class=\"e-gallery-item elementor-gallery-item elementor-animated-content\" href=\"https:\/\/grandaffi.it\/wp-content\/uploads\/2025\/03\/Ricarica-auto-1-scaled-1.jpeg\" data-elementor-open-lightbox=\"yes\" data-elementor-lightbox-slideshow=\"83e2fa2\" data-e-action-hash=\"#elementor-action%3Aaction%3Dlightbox%26settings%3DeyJpZCI6MTUxMDIsInVybCI6Imh0dHBzOlwvXC9ncmFuZGFmZmkuaXRcL3dwLWNvbnRlbnRcL3VwbG9hZHNcLzIwMjVcLzAzXC9SaWNhcmljYS1hdXRvLTEtc2NhbGVkLTEuanBlZyIsInNsaWRlc2hvdyI6IjgzZTJmYTIifQ%3D%3D\">\n\t\t\t\t\t<div class=\"e-gallery-image elementor-gallery-item__image\" data-thumbnail=\"https:\/\/grandaffi.it\/wp-content\/uploads\/2025\/03\/Ricarica-auto-1-scaled-1.jpeg\" data-width=\"2560\" data-height=\"1100\" aria-label=\"\" role=\"img\" ><\/div>\n\t\t\t\t\t\t\t\t\t\t\t<div class=\"elementor-gallery-item__overlay\"><\/div>\n\t\t\t\t\t\t\t\t\t\t\t\t\t\t<\/a>\n\t\t\t\t\t\t\t<a class=\"e-gallery-item elementor-gallery-item elementor-animated-content\" href=\"https:\/\/grandaffi.it\/wp-content\/uploads\/2025\/06\/GCP1295-scaled.jpg\" data-elementor-open-lightbox=\"yes\" data-elementor-lightbox-slideshow=\"83e2fa2\" data-e-action-hash=\"#elementor-action%3Aaction%3Dlightbox%26settings%3DeyJpZCI6MjEzMjgsInVybCI6Imh0dHBzOlwvXC9ncmFuZGFmZmkuaXRcL3dwLWNvbnRlbnRcL3VwbG9hZHNcLzIwMjVcLzA2XC9HQ1AxMjk1LXNjYWxlZC5qcGciLCJzbGlkZXNob3ciOiI4M2UyZmEyIn0%3D\">\n\t\t\t\t\t<div class=\"e-gallery-image elementor-gallery-item__image\" data-thumbnail=\"https:\/\/grandaffi.it\/wp-content\/uploads\/2025\/06\/GCP1295-scaled.jpg\" data-width=\"2560\" data-height=\"1703\" aria-label=\"\" role=\"img\" ><\/div>\n\t\t\t\t\t\t\t\t\t\t\t<div class=\"elementor-gallery-item__overlay\"><\/div>\n\t\t\t\t\t\t\t\t\t\t\t\t\t\t<\/a>\n\t\t\t\t\t<\/div>\n\t\t\t\t\t<\/div>\n\t\t\t\t<\/div>\n\t\t\t\t\t<\/div>\n\t\t<\/div>\n\t\t\t\t\t<\/div>\n\t\t<\/section>\n\t\t\t\t<\/div>\n\t\t","protected":false},"excerpt":{"rendered":"<p>DRIWE Autoladestation DriWe Charge ist die Schnellladestation, die Ihr Auto in weniger als einer Stunde auftanken kann. DriWe Charge ist intelligent, weil es direkt \u00fcber ein Smartphone eingeschaltet und bedient werden kann. Au\u00dferdem ist es immer verbunden, so dass es von unterwegs geortet und aus der Ferne gebucht werden kann. EINE CLEVER L\u00d6SUNG DriWe Charge ist dank der App immer&hellip;<\/p>\n","protected":false},"author":1,"featured_media":0,"parent":9451,"menu_order":0,"comment_status":"closed","ping_status":"closed","template":"","meta":{"_acf_changed":false,"footnotes":""},"class_list":["post-9242","page","type-page","status-publish","hentry"],"acf":[],"yoast_head":"<!-- This site is optimized with the Yoast SEO plugin v26.7 - https:\/\/yoast.com\/wordpress\/plugins\/seo\/ -->\n<title>DRIWE - AUTOLADENSTATION - Grand&#039;Affi Shopping Center<\/title>\n<meta name=\"robots\" content=\"index, follow, max-snippet:-1, max-image-preview:large, max-video-preview:-1\" \/>\n<link rel=\"canonical\" href=\"https:\/\/grandaffi.it\/de\/startseite\/servizi-green\/driwe\/\" \/>\n<meta property=\"og:locale\" content=\"de_DE\" \/>\n<meta property=\"og:type\" content=\"article\" \/>\n<meta property=\"og:title\" content=\"DRIWE - AUTOLADENSTATION - Grand&#039;Affi Shopping Center\" \/>\n<meta property=\"og:description\" content=\"DRIWE Autoladestation DriWe Charge ist die Schnellladestation, die Ihr Auto in weniger als einer Stunde auftanken kann. DriWe Charge ist intelligent, weil es direkt \u00fcber ein Smartphone eingeschaltet und bedient werden kann. Au\u00dferdem ist es immer verbunden, so dass es von unterwegs geortet und aus der Ferne gebucht werden kann. EINE CLEVER L\u00d6SUNG DriWe Charge ist dank der App immer&hellip;\" \/>\n<meta property=\"og:url\" content=\"https:\/\/grandaffi.it\/de\/startseite\/servizi-green\/driwe\/\" \/>\n<meta property=\"og:site_name\" content=\"Grand&#039;Affi Shopping Center\" \/>\n<meta property=\"article:publisher\" content=\"https:\/\/www.facebook.com\/GrandAffiShoppingCenter\" \/>\n<meta property=\"article:modified_time\" content=\"2025-07-02T15:13:20+00:00\" \/>\n<meta property=\"og:image\" content=\"https:\/\/grandaffi.it\/wp-content\/uploads\/2021\/09\/Logo-Driwe-1.png\" \/>\n<meta name=\"twitter:card\" content=\"summary_large_image\" \/>\n<meta name=\"twitter:site\" content=\"@grandaffi\" \/>\n<meta name=\"twitter:label1\" content=\"Gesch\u00e4tzte Lesezeit\" \/>\n\t<meta name=\"twitter:data1\" content=\"1\u00a0Minute\" \/>\n<script type=\"application\/ld+json\" class=\"yoast-schema-graph\">{\"@context\":\"https:\/\/schema.org\",\"@graph\":[{\"@type\":\"WebPage\",\"@id\":\"https:\/\/grandaffi.it\/de\/startseite\/servizi-green\/driwe\/\",\"url\":\"https:\/\/grandaffi.it\/de\/startseite\/servizi-green\/driwe\/\",\"name\":\"DRIWE - AUTOLADENSTATION - Grand&#039;Affi Shopping Center\",\"isPartOf\":{\"@id\":\"https:\/\/grandaffi.it\/de\/#website\"},\"primaryImageOfPage\":{\"@id\":\"https:\/\/grandaffi.it\/de\/startseite\/servizi-green\/driwe\/#primaryimage\"},\"image\":{\"@id\":\"https:\/\/grandaffi.it\/de\/startseite\/servizi-green\/driwe\/#primaryimage\"},\"thumbnailUrl\":\"https:\/\/grandaffi.it\/wp-content\/uploads\/2021\/09\/Logo-Driwe-1.png\",\"datePublished\":\"2021-09-21T07:13:03+00:00\",\"dateModified\":\"2025-07-02T15:13:20+00:00\",\"breadcrumb\":{\"@id\":\"https:\/\/grandaffi.it\/de\/startseite\/servizi-green\/driwe\/#breadcrumb\"},\"inLanguage\":\"de\",\"potentialAction\":[{\"@type\":\"ReadAction\",\"target\":[\"https:\/\/grandaffi.it\/de\/startseite\/servizi-green\/driwe\/\"]}]},{\"@type\":\"ImageObject\",\"inLanguage\":\"de\",\"@id\":\"https:\/\/grandaffi.it\/de\/startseite\/servizi-green\/driwe\/#primaryimage\",\"url\":\"https:\/\/grandaffi.it\/wp-content\/uploads\/2021\/09\/Logo-Driwe-1.png\",\"contentUrl\":\"https:\/\/grandaffi.it\/wp-content\/uploads\/2021\/09\/Logo-Driwe-1.png\"},{\"@type\":\"BreadcrumbList\",\"@id\":\"https:\/\/grandaffi.it\/de\/startseite\/servizi-green\/driwe\/#breadcrumb\",\"itemListElement\":[{\"@type\":\"ListItem\",\"position\":1,\"name\":\"Home\",\"item\":\"https:\/\/grandaffi.it\/de\/\"},{\"@type\":\"ListItem\",\"position\":2,\"name\":\"Startseite\",\"item\":\"https:\/\/grandaffi.it\/de\/startseite\/\"},{\"@type\":\"ListItem\",\"position\":3,\"name\":\"Servizi Green\",\"item\":\"https:\/\/grandaffi.it\/de\/startseite\/servizi-green\/\"},{\"@type\":\"ListItem\",\"position\":4,\"name\":\"DRIWE &#8211; AUTOLADENSTATION\"}]},{\"@type\":\"WebSite\",\"@id\":\"https:\/\/grandaffi.it\/de\/#website\",\"url\":\"https:\/\/grandaffi.it\/de\/\",\"name\":\"Grand'Affi Shopping Center\",\"description\":\"Il centro commerciale su misura per te\",\"publisher\":{\"@id\":\"https:\/\/grandaffi.it\/de\/#organization\"},\"alternateName\":\"Il centro commerciale di Verona\",\"potentialAction\":[{\"@type\":\"SearchAction\",\"target\":{\"@type\":\"EntryPoint\",\"urlTemplate\":\"https:\/\/grandaffi.it\/de\/?s={search_term_string}\"},\"query-input\":{\"@type\":\"PropertyValueSpecification\",\"valueRequired\":true,\"valueName\":\"search_term_string\"}}],\"inLanguage\":\"de\"},{\"@type\":\"Organization\",\"@id\":\"https:\/\/grandaffi.it\/de\/#organization\",\"name\":\"Grand'Affi Shopping Center\",\"url\":\"https:\/\/grandaffi.it\/de\/\",\"logo\":{\"@type\":\"ImageObject\",\"inLanguage\":\"de\",\"@id\":\"https:\/\/grandaffi.it\/de\/#\/schema\/logo\/image\/\",\"url\":\"https:\/\/grandaffi.it\/wp-content\/uploads\/2025\/07\/logo-grandaffi-30.png\",\"contentUrl\":\"https:\/\/grandaffi.it\/wp-content\/uploads\/2025\/07\/logo-grandaffi-30.png\",\"width\":1546,\"height\":718,\"caption\":\"Grand'Affi Shopping Center\"},\"image\":{\"@id\":\"https:\/\/grandaffi.it\/de\/#\/schema\/logo\/image\/\"},\"sameAs\":[\"https:\/\/www.facebook.com\/GrandAffiShoppingCenter\",\"https:\/\/x.com\/grandaffi\",\"https:\/\/www.instagram.com\/grand_affi_shopping_center\/?hl=it\"]}]}<\/script>\n<!-- \/ Yoast SEO plugin. -->","yoast_head_json":{"title":"DRIWE - AUTOLADENSTATION - Grand&#039;Affi Shopping Center","robots":{"index":"index","follow":"follow","max-snippet":"max-snippet:-1","max-image-preview":"max-image-preview:large","max-video-preview":"max-video-preview:-1"},"canonical":"https:\/\/grandaffi.it\/de\/startseite\/servizi-green\/driwe\/","og_locale":"de_DE","og_type":"article","og_title":"DRIWE - AUTOLADENSTATION - Grand&#039;Affi Shopping Center","og_description":"DRIWE Autoladestation DriWe Charge ist die Schnellladestation, die Ihr Auto in weniger als einer Stunde auftanken kann. DriWe Charge ist intelligent, weil es direkt \u00fcber ein Smartphone eingeschaltet und bedient werden kann. Au\u00dferdem ist es immer verbunden, so dass es von unterwegs geortet und aus der Ferne gebucht werden kann. EINE CLEVER L\u00d6SUNG DriWe Charge ist dank der App immer&hellip;","og_url":"https:\/\/grandaffi.it\/de\/startseite\/servizi-green\/driwe\/","og_site_name":"Grand&#039;Affi Shopping Center","article_publisher":"https:\/\/www.facebook.com\/GrandAffiShoppingCenter","article_modified_time":"2025-07-02T15:13:20+00:00","og_image":[{"url":"https:\/\/grandaffi.it\/wp-content\/uploads\/2021\/09\/Logo-Driwe-1.png","type":"","width":"","height":""}],"twitter_card":"summary_large_image","twitter_site":"@grandaffi","twitter_misc":{"Gesch\u00e4tzte Lesezeit":"1\u00a0Minute"},"schema":{"@context":"https:\/\/schema.org","@graph":[{"@type":"WebPage","@id":"https:\/\/grandaffi.it\/de\/startseite\/servizi-green\/driwe\/","url":"https:\/\/grandaffi.it\/de\/startseite\/servizi-green\/driwe\/","name":"DRIWE - AUTOLADENSTATION - Grand&#039;Affi Shopping Center","isPartOf":{"@id":"https:\/\/grandaffi.it\/de\/#website"},"primaryImageOfPage":{"@id":"https:\/\/grandaffi.it\/de\/startseite\/servizi-green\/driwe\/#primaryimage"},"image":{"@id":"https:\/\/grandaffi.it\/de\/startseite\/servizi-green\/driwe\/#primaryimage"},"thumbnailUrl":"https:\/\/grandaffi.it\/wp-content\/uploads\/2021\/09\/Logo-Driwe-1.png","datePublished":"2021-09-21T07:13:03+00:00","dateModified":"2025-07-02T15:13:20+00:00","breadcrumb":{"@id":"https:\/\/grandaffi.it\/de\/startseite\/servizi-green\/driwe\/#breadcrumb"},"inLanguage":"de","potentialAction":[{"@type":"ReadAction","target":["https:\/\/grandaffi.it\/de\/startseite\/servizi-green\/driwe\/"]}]},{"@type":"ImageObject","inLanguage":"de","@id":"https:\/\/grandaffi.it\/de\/startseite\/servizi-green\/driwe\/#primaryimage","url":"https:\/\/grandaffi.it\/wp-content\/uploads\/2021\/09\/Logo-Driwe-1.png","contentUrl":"https:\/\/grandaffi.it\/wp-content\/uploads\/2021\/09\/Logo-Driwe-1.png"},{"@type":"BreadcrumbList","@id":"https:\/\/grandaffi.it\/de\/startseite\/servizi-green\/driwe\/#breadcrumb","itemListElement":[{"@type":"ListItem","position":1,"name":"Home","item":"https:\/\/grandaffi.it\/de\/"},{"@type":"ListItem","position":2,"name":"Startseite","item":"https:\/\/grandaffi.it\/de\/startseite\/"},{"@type":"ListItem","position":3,"name":"Servizi Green","item":"https:\/\/grandaffi.it\/de\/startseite\/servizi-green\/"},{"@type":"ListItem","position":4,"name":"DRIWE &#8211; AUTOLADENSTATION"}]},{"@type":"WebSite","@id":"https:\/\/grandaffi.it\/de\/#website","url":"https:\/\/grandaffi.it\/de\/","name":"Grand'Affi Shopping Center","description":"Il centro commerciale su misura per te","publisher":{"@id":"https:\/\/grandaffi.it\/de\/#organization"},"alternateName":"Il centro commerciale di Verona","potentialAction":[{"@type":"SearchAction","target":{"@type":"EntryPoint","urlTemplate":"https:\/\/grandaffi.it\/de\/?s={search_term_string}"},"query-input":{"@type":"PropertyValueSpecification","valueRequired":true,"valueName":"search_term_string"}}],"inLanguage":"de"},{"@type":"Organization","@id":"https:\/\/grandaffi.it\/de\/#organization","name":"Grand'Affi Shopping Center","url":"https:\/\/grandaffi.it\/de\/","logo":{"@type":"ImageObject","inLanguage":"de","@id":"https:\/\/grandaffi.it\/de\/#\/schema\/logo\/image\/","url":"https:\/\/grandaffi.it\/wp-content\/uploads\/2025\/07\/logo-grandaffi-30.png","contentUrl":"https:\/\/grandaffi.it\/wp-content\/uploads\/2025\/07\/logo-grandaffi-30.png","width":1546,"height":718,"caption":"Grand'Affi Shopping Center"},"image":{"@id":"https:\/\/grandaffi.it\/de\/#\/schema\/logo\/image\/"},"sameAs":["https:\/\/www.facebook.com\/GrandAffiShoppingCenter","https:\/\/x.com\/grandaffi","https:\/\/www.instagram.com\/grand_affi_shopping_center\/?hl=it"]}]}},"_links":{"self":[{"href":"https:\/\/grandaffi.it\/de\/wp-json\/wp\/v2\/pages\/9242","targetHints":{"allow":["GET"]}}],"collection":[{"href":"https:\/\/grandaffi.it\/de\/wp-json\/wp\/v2\/pages"}],"about":[{"href":"https:\/\/grandaffi.it\/de\/wp-json\/wp\/v2\/types\/page"}],"author":[{"embeddable":true,"href":"https:\/\/grandaffi.it\/de\/wp-json\/wp\/v2\/users\/1"}],"replies":[{"embeddable":true,"href":"https:\/\/grandaffi.it\/de\/wp-json\/wp\/v2\/comments?post=9242"}],"version-history":[{"count":5,"href":"https:\/\/grandaffi.it\/de\/wp-json\/wp\/v2\/pages\/9242\/revisions"}],"predecessor-version":[{"id":21908,"href":"https:\/\/grandaffi.it\/de\/wp-json\/wp\/v2\/pages\/9242\/revisions\/21908"}],"up":[{"embeddable":true,"href":"https:\/\/grandaffi.it\/de\/wp-json\/wp\/v2\/pages\/9451"}],"wp:attachment":[{"href":"https:\/\/grandaffi.it\/de\/wp-json\/wp\/v2\/media?parent=9242"}],"curies":[{"name":"wp","href":"https:\/\/api.w.org\/{rel}","templated":true}]}}