{"id":9240,"date":"2021-09-20T18:51:28","date_gmt":"2021-09-20T16:51:28","guid":{"rendered":"http:\/\/sviluppo.grandaffi.it\/lavaggio-green\/"},"modified":"2025-06-27T11:39:15","modified_gmt":"2025-06-27T09:39:15","slug":"lavaggio-green","status":"publish","type":"page","link":"https:\/\/grandaffi.it\/de\/startseite\/servizi-green\/lavaggio-green\/","title":{"rendered":"Lavaggio Green"},"content":{"rendered":"\t\t<div data-elementor-type=\"wp-page\" data-elementor-id=\"9240\" class=\"elementor elementor-9240 elementor-2047\" data-elementor-post-type=\"page\">\n\t\t\t\t\t\t<section class=\"elementor-section elementor-top-section elementor-element elementor-element-94467ef elementor-section-full_width elementor-section-content-bottom elementor-section-stretched elementor-section-height-default elementor-section-height-default\" data-id=\"94467ef\" data-element_type=\"section\" data-settings=\"{&quot;background_background&quot;:&quot;classic&quot;,&quot;stretch_section&quot;:&quot;section-stretched&quot;}\">\n\t\t\t\t\t\t\t<div class=\"elementor-background-overlay\"><\/div>\n\t\t\t\t\t\t\t<div class=\"elementor-container elementor-column-gap-default\">\n\t\t\t\t\t<div class=\"elementor-column elementor-col-50 elementor-top-column elementor-element elementor-element-00e69ca\" data-id=\"00e69ca\" data-element_type=\"column\">\n\t\t\t<div class=\"elementor-widget-wrap elementor-element-populated\">\n\t\t\t\t\t\t<div class=\"elementor-element elementor-element-f44a9ec elementor-widget elementor-widget-spacer\" data-id=\"f44a9ec\" data-element_type=\"widget\" data-widget_type=\"spacer.default\">\n\t\t\t\t<div class=\"elementor-widget-container\">\n\t\t\t\t\t\t\t<div class=\"elementor-spacer\">\n\t\t\t<div class=\"elementor-spacer-inner\"><\/div>\n\t\t<\/div>\n\t\t\t\t\t\t<\/div>\n\t\t\t\t<\/div>\n\t\t\t\t<div class=\"elementor-element elementor-element-5493354 elementor-widget elementor-widget-image\" data-id=\"5493354\" data-element_type=\"widget\" data-widget_type=\"image.default\">\n\t\t\t\t<div class=\"elementor-widget-container\">\n\t\t\t\t\t\t\t\t\t\t\t\t\t\t\t<img fetchpriority=\"high\" decoding=\"async\" width=\"800\" height=\"566\" src=\"https:\/\/grandaffi.it\/wp-content\/uploads\/2021\/09\/Lavaggio-Green-logo-1.png\" class=\"attachment-large size-large wp-image-7667\" alt=\"\" \/>\t\t\t\t\t\t\t\t\t\t\t\t\t\t\t<\/div>\n\t\t\t\t<\/div>\n\t\t\t\t<div class=\"elementor-element elementor-element-c7d198c elementor-widget elementor-widget-heading\" data-id=\"c7d198c\" data-element_type=\"widget\" data-widget_type=\"heading.default\">\n\t\t\t\t<div class=\"elementor-widget-container\">\n\t\t\t\t\t<h2 class=\"elementor-heading-title elementor-size-default\">Wie wir sind<\/h2>\t\t\t\t<\/div>\n\t\t\t\t<\/div>\n\t\t\t\t<div class=\"elementor-element elementor-element-f4b0fec elementor-widget elementor-widget-text-editor\" data-id=\"f4b0fec\" data-element_type=\"widget\" data-widget_type=\"text-editor.default\">\n\t\t\t\t<div class=\"elementor-widget-container\">\n\t\t\t\t\t\t\t\t\t<p><strong>LAVAGGIO GREEN<\/strong>\u00a0verwendet ausschlie\u00dflich umweltfreundliche Produkte, spezielle Reinigungsmittel, die in der Lage sind, jede Art von Schmutz oder Verkrustung vollst\u00e4ndig zu l\u00f6sen und\u00a0<strong>Glanz<\/strong>, Politur und Schutz der Karosserie zu gew\u00e4hrleisten, der dank der Prinzipien des Produkts vor allen Witterungseinfl\u00fcssen sch\u00fctzt und dauerhafte Sauberkeit garantiert.<\/p><p>Im Vergleich zu herk\u00f6mmlichen Autowaschanlagen, die Abwasser und kontinuierliche Verschmutzung erzeugen, wird kein Wasser verbraucht.<\/p><p>Hinzu kommt ein Dampfgenerator f\u00fcr die Tiefenreinigung von Verkleidung und Innenraum.<\/p>\t\t\t\t\t\t\t\t<\/div>\n\t\t\t\t<\/div>\n\t\t\t\t\t<\/div>\n\t\t<\/div>\n\t\t\t\t\t<\/div>\n\t\t<\/section>\n\t\t\t\t<section class=\"elementor-section elementor-top-section elementor-element elementor-element-c4aad51 elementor-section-full_width elementor-section-stretched elementor-section-height-default elementor-section-height-default\" data-id=\"c4aad51\" data-element_type=\"section\" data-settings=\"{&quot;stretch_section&quot;:&quot;section-stretched&quot;}\">\n\t\t\t\t\t\t<div class=\"elementor-container elementor-column-gap-default\">\n\t\t\t\t\t<div class=\"elementor-column elementor-col-100 elementor-top-column elementor-element elementor-element-e9f5bc8\" data-id=\"e9f5bc8\" data-element_type=\"column\">\n\t\t\t<div class=\"elementor-widget-wrap elementor-element-populated\">\n\t\t\t\t\t\t<div class=\"elementor-element elementor-element-fdcac9a elementor-widget elementor-widget-text-editor\" data-id=\"fdcac9a\" data-element_type=\"widget\" data-widget_type=\"text-editor.default\">\n\t\t\t\t<div class=\"elementor-widget-container\">\n\t\t\t\t\t\t\t\t\t<h3 style=\"text-align: center;\"><strong>Terminvereinbarung unter Phone. <a href=\"tel:3774481540\">377 4481540<\/a><\/strong><\/h3>\t\t\t\t\t\t\t\t<\/div>\n\t\t\t\t<\/div>\n\t\t\t\t\t<\/div>\n\t\t<\/div>\n\t\t\t\t\t<\/div>\n\t\t<\/section>\n\t\t\t\t<section class=\"elementor-section elementor-top-section elementor-element elementor-element-8ca8dc6 elementor-section-stretched elementor-section-boxed elementor-section-height-default elementor-section-height-default\" data-id=\"8ca8dc6\" data-element_type=\"section\" data-settings=\"{&quot;background_background&quot;:&quot;classic&quot;,&quot;stretch_section&quot;:&quot;section-stretched&quot;}\">\n\t\t\t\t\t\t<div class=\"elementor-container elementor-column-gap-default\">\n\t\t\t\t\t<div class=\"elementor-column elementor-col-100 elementor-top-column elementor-element elementor-element-273a99d\" data-id=\"273a99d\" data-element_type=\"column\">\n\t\t\t<div class=\"elementor-widget-wrap elementor-element-populated\">\n\t\t\t\t\t\t<div class=\"elementor-element elementor-element-d03e76f elementor-widget elementor-widget-heading\" data-id=\"d03e76f\" data-element_type=\"widget\" data-widget_type=\"heading.default\">\n\t\t\t\t<div class=\"elementor-widget-container\">\n\t\t\t\t\t<h3 class=\"elementor-heading-title elementor-size-default\">LAVAGGIO GREEN \u2013 TIEFGARAGE<\/h3>\t\t\t\t<\/div>\n\t\t\t\t<\/div>\n\t\t\t\t\t<\/div>\n\t\t<\/div>\n\t\t\t\t\t<\/div>\n\t\t<\/section>\n\t\t\t\t<section class=\"elementor-section elementor-top-section elementor-element elementor-element-5r82xaz elementor-section-full_width elementor-section-stretched elementor-section-height-default elementor-section-height-default\" data-id=\"5r82xaz\" data-element_type=\"section\" data-settings=\"{&quot;background_background&quot;:&quot;classic&quot;,&quot;stretch_section&quot;:&quot;section-stretched&quot;}\">\n\t\t\t\t\t\t<div class=\"elementor-container elementor-column-gap-default\">\n\t\t\t\t\t<div class=\"elementor-column elementor-col-100 elementor-top-column elementor-element elementor-element-yo0ieyn\" data-id=\"yo0ieyn\" data-element_type=\"column\" data-settings=\"{&quot;background_background&quot;:&quot;classic&quot;}\">\n\t\t\t<div class=\"elementor-widget-wrap elementor-element-populated\">\n\t\t\t\t\t\t<div class=\"elementor-element elementor-element-p6tclpo elementor-widget elementor-widget-gallery\" data-id=\"p6tclpo\" data-element_type=\"widget\" data-settings=\"{&quot;columns&quot;:3,&quot;gap&quot;:{&quot;unit&quot;:&quot;px&quot;,&quot;size&quot;:0,&quot;sizes&quot;:[]},&quot;aspect_ratio&quot;:&quot;1:1&quot;,&quot;image_hover_animation&quot;:&quot;grow&quot;,&quot;columns_tablet&quot;:3,&quot;gap_tablet&quot;:{&quot;unit&quot;:&quot;px&quot;,&quot;size&quot;:0,&quot;sizes&quot;:[]},&quot;gap_mobile&quot;:{&quot;unit&quot;:&quot;px&quot;,&quot;size&quot;:0,&quot;sizes&quot;:[]},&quot;lazyload&quot;:&quot;yes&quot;,&quot;gallery_layout&quot;:&quot;grid&quot;,&quot;columns_mobile&quot;:1,&quot;link_to&quot;:&quot;file&quot;,&quot;overlay_background&quot;:&quot;yes&quot;,&quot;content_hover_animation&quot;:&quot;fade-in&quot;}\" data-widget_type=\"gallery.default\">\n\t\t\t\t<div class=\"elementor-widget-container\">\n\t\t\t\t\t\t\t<div class=\"elementor-gallery__container\">\n\t\t\t\t\t\t\t<a class=\"e-gallery-item elementor-gallery-item elementor-animated-content\" href=\"https:\/\/grandaffi.it\/wp-content\/uploads\/2021\/09\/Lavaggio-green-2-scaled.jpeg\" data-elementor-open-lightbox=\"yes\" data-elementor-lightbox-slideshow=\"p6tclpo\" data-e-action-hash=\"#elementor-action%3Aaction%3Dlightbox%26settings%3DeyJpZCI6NzY1MSwidXJsIjoiaHR0cHM6XC9cL2dyYW5kYWZmaS5pdFwvd3AtY29udGVudFwvdXBsb2Fkc1wvMjAyMVwvMDlcL0xhdmFnZ2lvLWdyZWVuLTItc2NhbGVkLmpwZWciLCJzbGlkZXNob3ciOiJwNnRjbHBvIn0%3D\">\n\t\t\t\t\t<div class=\"e-gallery-image elementor-gallery-item__image\" data-thumbnail=\"https:\/\/grandaffi.it\/wp-content\/uploads\/2021\/09\/Lavaggio-green-2-scaled.jpeg\" data-width=\"2560\" data-height=\"1707\" aria-label=\"\" role=\"img\" ><\/div>\n\t\t\t\t\t\t\t\t\t\t\t<div class=\"elementor-gallery-item__overlay\"><\/div>\n\t\t\t\t\t\t\t\t\t\t\t\t\t\t<\/a>\n\t\t\t\t\t\t\t<a class=\"e-gallery-item elementor-gallery-item elementor-animated-content\" href=\"https:\/\/grandaffi.it\/wp-content\/uploads\/2025\/06\/Autolavaggio_004-scaled.jpg\" data-elementor-open-lightbox=\"yes\" data-elementor-lightbox-slideshow=\"p6tclpo\" data-e-action-hash=\"#elementor-action%3Aaction%3Dlightbox%26settings%3DeyJpZCI6MjEzMDEsInVybCI6Imh0dHBzOlwvXC9ncmFuZGFmZmkuaXRcL3dwLWNvbnRlbnRcL3VwbG9hZHNcLzIwMjVcLzA2XC9BdXRvbGF2YWdnaW9fMDA0LXNjYWxlZC5qcGciLCJzbGlkZXNob3ciOiJwNnRjbHBvIn0%3D\">\n\t\t\t\t\t<div class=\"e-gallery-image elementor-gallery-item__image\" data-thumbnail=\"https:\/\/grandaffi.it\/wp-content\/uploads\/2025\/06\/Autolavaggio_004-scaled.jpg\" data-width=\"2560\" data-height=\"1703\" aria-label=\"\" role=\"img\" ><\/div>\n\t\t\t\t\t\t\t\t\t\t\t<div class=\"elementor-gallery-item__overlay\"><\/div>\n\t\t\t\t\t\t\t\t\t\t\t\t\t\t<\/a>\n\t\t\t\t\t\t\t<a class=\"e-gallery-item elementor-gallery-item elementor-animated-content\" href=\"https:\/\/grandaffi.it\/wp-content\/uploads\/2021\/09\/Lavaggio-green-1-scaled.jpeg\" data-elementor-open-lightbox=\"yes\" data-elementor-lightbox-slideshow=\"p6tclpo\" data-e-action-hash=\"#elementor-action%3Aaction%3Dlightbox%26settings%3DeyJpZCI6NzY1MiwidXJsIjoiaHR0cHM6XC9cL2dyYW5kYWZmaS5pdFwvd3AtY29udGVudFwvdXBsb2Fkc1wvMjAyMVwvMDlcL0xhdmFnZ2lvLWdyZWVuLTEtc2NhbGVkLmpwZWciLCJzbGlkZXNob3ciOiJwNnRjbHBvIn0%3D\">\n\t\t\t\t\t<div class=\"e-gallery-image elementor-gallery-item__image\" data-thumbnail=\"https:\/\/grandaffi.it\/wp-content\/uploads\/2021\/09\/Lavaggio-green-1-scaled.jpeg\" data-width=\"2560\" data-height=\"1709\" aria-label=\"\" role=\"img\" ><\/div>\n\t\t\t\t\t\t\t\t\t\t\t<div class=\"elementor-gallery-item__overlay\"><\/div>\n\t\t\t\t\t\t\t\t\t\t\t\t\t\t<\/a>\n\t\t\t\t\t<\/div>\n\t\t\t\t\t<\/div>\n\t\t\t\t<\/div>\n\t\t\t\t\t<\/div>\n\t\t<\/div>\n\t\t\t\t\t<\/div>\n\t\t<\/section>\n\t\t\t\t<\/div>\n\t\t","protected":false},"excerpt":{"rendered":"<p>Wie wir sind LAVAGGIO GREEN\u00a0verwendet ausschlie\u00dflich umweltfreundliche Produkte, spezielle Reinigungsmittel, die in der Lage sind, jede Art von Schmutz oder Verkrustung vollst\u00e4ndig zu l\u00f6sen und\u00a0Glanz, Politur und Schutz der Karosserie zu gew\u00e4hrleisten, der dank der Prinzipien des Produkts vor allen Witterungseinfl\u00fcssen sch\u00fctzt und dauerhafte Sauberkeit garantiert. Im Vergleich zu herk\u00f6mmlichen Autowaschanlagen, die Abwasser und kontinuierliche Verschmutzung erzeugen, wird kein Wasser&hellip;<\/p>\n","protected":false},"author":1,"featured_media":0,"parent":9451,"menu_order":0,"comment_status":"closed","ping_status":"closed","template":"","meta":{"_acf_changed":false,"footnotes":""},"class_list":["post-9240","page","type-page","status-publish","hentry"],"acf":[],"yoast_head":"<!-- This site is optimized with the Yoast SEO plugin v26.7 - https:\/\/yoast.com\/wordpress\/plugins\/seo\/ -->\n<title>Lavaggio Green - Grand&#039;Affi Shopping Center<\/title>\n<meta name=\"robots\" content=\"index, follow, max-snippet:-1, max-image-preview:large, max-video-preview:-1\" \/>\n<link rel=\"canonical\" href=\"https:\/\/grandaffi.it\/de\/startseite\/servizi-green\/lavaggio-green\/\" \/>\n<meta property=\"og:locale\" content=\"de_DE\" \/>\n<meta property=\"og:type\" content=\"article\" \/>\n<meta property=\"og:title\" content=\"Lavaggio Green - Grand&#039;Affi Shopping Center\" \/>\n<meta property=\"og:description\" content=\"Wie wir sind LAVAGGIO GREEN\u00a0verwendet ausschlie\u00dflich umweltfreundliche Produkte, spezielle Reinigungsmittel, die in der Lage sind, jede Art von Schmutz oder Verkrustung vollst\u00e4ndig zu l\u00f6sen und\u00a0Glanz, Politur und Schutz der Karosserie zu gew\u00e4hrleisten, der dank der Prinzipien des Produkts vor allen Witterungseinfl\u00fcssen sch\u00fctzt und dauerhafte Sauberkeit garantiert. Im Vergleich zu herk\u00f6mmlichen Autowaschanlagen, die Abwasser und kontinuierliche Verschmutzung erzeugen, wird kein Wasser&hellip;\" \/>\n<meta property=\"og:url\" content=\"https:\/\/grandaffi.it\/de\/startseite\/servizi-green\/lavaggio-green\/\" \/>\n<meta property=\"og:site_name\" content=\"Grand&#039;Affi Shopping Center\" \/>\n<meta property=\"article:publisher\" content=\"https:\/\/www.facebook.com\/GrandAffiShoppingCenter\" \/>\n<meta property=\"article:modified_time\" content=\"2025-06-27T09:39:15+00:00\" \/>\n<meta property=\"og:image\" content=\"https:\/\/grandaffi.it\/wp-content\/uploads\/2021\/09\/Lavaggio-Green-logo-1.png\" \/>\n\t<meta property=\"og:image:width\" content=\"800\" \/>\n\t<meta property=\"og:image:height\" content=\"566\" \/>\n\t<meta property=\"og:image:type\" content=\"image\/png\" \/>\n<meta name=\"twitter:card\" content=\"summary_large_image\" \/>\n<meta name=\"twitter:site\" content=\"@grandaffi\" \/>\n<script type=\"application\/ld+json\" class=\"yoast-schema-graph\">{\"@context\":\"https:\/\/schema.org\",\"@graph\":[{\"@type\":\"WebPage\",\"@id\":\"https:\/\/grandaffi.it\/de\/startseite\/servizi-green\/lavaggio-green\/\",\"url\":\"https:\/\/grandaffi.it\/de\/startseite\/servizi-green\/lavaggio-green\/\",\"name\":\"Lavaggio Green - Grand&#039;Affi Shopping Center\",\"isPartOf\":{\"@id\":\"https:\/\/grandaffi.it\/de\/#website\"},\"primaryImageOfPage\":{\"@id\":\"https:\/\/grandaffi.it\/de\/startseite\/servizi-green\/lavaggio-green\/#primaryimage\"},\"image\":{\"@id\":\"https:\/\/grandaffi.it\/de\/startseite\/servizi-green\/lavaggio-green\/#primaryimage\"},\"thumbnailUrl\":\"https:\/\/grandaffi.it\/wp-content\/uploads\/2021\/09\/Lavaggio-Green-logo-1.png\",\"datePublished\":\"2021-09-20T16:51:28+00:00\",\"dateModified\":\"2025-06-27T09:39:15+00:00\",\"breadcrumb\":{\"@id\":\"https:\/\/grandaffi.it\/de\/startseite\/servizi-green\/lavaggio-green\/#breadcrumb\"},\"inLanguage\":\"de\",\"potentialAction\":[{\"@type\":\"ReadAction\",\"target\":[\"https:\/\/grandaffi.it\/de\/startseite\/servizi-green\/lavaggio-green\/\"]}]},{\"@type\":\"ImageObject\",\"inLanguage\":\"de\",\"@id\":\"https:\/\/grandaffi.it\/de\/startseite\/servizi-green\/lavaggio-green\/#primaryimage\",\"url\":\"https:\/\/grandaffi.it\/wp-content\/uploads\/2021\/09\/Lavaggio-Green-logo-1.png\",\"contentUrl\":\"https:\/\/grandaffi.it\/wp-content\/uploads\/2021\/09\/Lavaggio-Green-logo-1.png\"},{\"@type\":\"BreadcrumbList\",\"@id\":\"https:\/\/grandaffi.it\/de\/startseite\/servizi-green\/lavaggio-green\/#breadcrumb\",\"itemListElement\":[{\"@type\":\"ListItem\",\"position\":1,\"name\":\"Home\",\"item\":\"https:\/\/grandaffi.it\/de\/\"},{\"@type\":\"ListItem\",\"position\":2,\"name\":\"Startseite\",\"item\":\"https:\/\/grandaffi.it\/de\/startseite\/\"},{\"@type\":\"ListItem\",\"position\":3,\"name\":\"Servizi Green\",\"item\":\"https:\/\/grandaffi.it\/de\/startseite\/servizi-green\/\"},{\"@type\":\"ListItem\",\"position\":4,\"name\":\"Lavaggio Green\"}]},{\"@type\":\"WebSite\",\"@id\":\"https:\/\/grandaffi.it\/de\/#website\",\"url\":\"https:\/\/grandaffi.it\/de\/\",\"name\":\"Grand'Affi Shopping Center\",\"description\":\"Il centro commerciale su misura per te\",\"publisher\":{\"@id\":\"https:\/\/grandaffi.it\/de\/#organization\"},\"alternateName\":\"Il centro commerciale di Verona\",\"potentialAction\":[{\"@type\":\"SearchAction\",\"target\":{\"@type\":\"EntryPoint\",\"urlTemplate\":\"https:\/\/grandaffi.it\/de\/?s={search_term_string}\"},\"query-input\":{\"@type\":\"PropertyValueSpecification\",\"valueRequired\":true,\"valueName\":\"search_term_string\"}}],\"inLanguage\":\"de\"},{\"@type\":\"Organization\",\"@id\":\"https:\/\/grandaffi.it\/de\/#organization\",\"name\":\"Grand'Affi Shopping Center\",\"url\":\"https:\/\/grandaffi.it\/de\/\",\"logo\":{\"@type\":\"ImageObject\",\"inLanguage\":\"de\",\"@id\":\"https:\/\/grandaffi.it\/de\/#\/schema\/logo\/image\/\",\"url\":\"https:\/\/grandaffi.it\/wp-content\/uploads\/2025\/07\/logo-grandaffi-30.png\",\"contentUrl\":\"https:\/\/grandaffi.it\/wp-content\/uploads\/2025\/07\/logo-grandaffi-30.png\",\"width\":1546,\"height\":718,\"caption\":\"Grand'Affi Shopping Center\"},\"image\":{\"@id\":\"https:\/\/grandaffi.it\/de\/#\/schema\/logo\/image\/\"},\"sameAs\":[\"https:\/\/www.facebook.com\/GrandAffiShoppingCenter\",\"https:\/\/x.com\/grandaffi\",\"https:\/\/www.instagram.com\/grand_affi_shopping_center\/?hl=it\"]}]}<\/script>\n<!-- \/ Yoast SEO plugin. -->","yoast_head_json":{"title":"Lavaggio Green - Grand&#039;Affi Shopping Center","robots":{"index":"index","follow":"follow","max-snippet":"max-snippet:-1","max-image-preview":"max-image-preview:large","max-video-preview":"max-video-preview:-1"},"canonical":"https:\/\/grandaffi.it\/de\/startseite\/servizi-green\/lavaggio-green\/","og_locale":"de_DE","og_type":"article","og_title":"Lavaggio Green - Grand&#039;Affi Shopping Center","og_description":"Wie wir sind LAVAGGIO GREEN\u00a0verwendet ausschlie\u00dflich umweltfreundliche Produkte, spezielle Reinigungsmittel, die in der Lage sind, jede Art von Schmutz oder Verkrustung vollst\u00e4ndig zu l\u00f6sen und\u00a0Glanz, Politur und Schutz der Karosserie zu gew\u00e4hrleisten, der dank der Prinzipien des Produkts vor allen Witterungseinfl\u00fcssen sch\u00fctzt und dauerhafte Sauberkeit garantiert. Im Vergleich zu herk\u00f6mmlichen Autowaschanlagen, die Abwasser und kontinuierliche Verschmutzung erzeugen, wird kein Wasser&hellip;","og_url":"https:\/\/grandaffi.it\/de\/startseite\/servizi-green\/lavaggio-green\/","og_site_name":"Grand&#039;Affi Shopping Center","article_publisher":"https:\/\/www.facebook.com\/GrandAffiShoppingCenter","article_modified_time":"2025-06-27T09:39:15+00:00","og_image":[{"width":800,"height":566,"url":"https:\/\/grandaffi.it\/wp-content\/uploads\/2021\/09\/Lavaggio-Green-logo-1.png","type":"image\/png"}],"twitter_card":"summary_large_image","twitter_site":"@grandaffi","schema":{"@context":"https:\/\/schema.org","@graph":[{"@type":"WebPage","@id":"https:\/\/grandaffi.it\/de\/startseite\/servizi-green\/lavaggio-green\/","url":"https:\/\/grandaffi.it\/de\/startseite\/servizi-green\/lavaggio-green\/","name":"Lavaggio Green - Grand&#039;Affi Shopping Center","isPartOf":{"@id":"https:\/\/grandaffi.it\/de\/#website"},"primaryImageOfPage":{"@id":"https:\/\/grandaffi.it\/de\/startseite\/servizi-green\/lavaggio-green\/#primaryimage"},"image":{"@id":"https:\/\/grandaffi.it\/de\/startseite\/servizi-green\/lavaggio-green\/#primaryimage"},"thumbnailUrl":"https:\/\/grandaffi.it\/wp-content\/uploads\/2021\/09\/Lavaggio-Green-logo-1.png","datePublished":"2021-09-20T16:51:28+00:00","dateModified":"2025-06-27T09:39:15+00:00","breadcrumb":{"@id":"https:\/\/grandaffi.it\/de\/startseite\/servizi-green\/lavaggio-green\/#breadcrumb"},"inLanguage":"de","potentialAction":[{"@type":"ReadAction","target":["https:\/\/grandaffi.it\/de\/startseite\/servizi-green\/lavaggio-green\/"]}]},{"@type":"ImageObject","inLanguage":"de","@id":"https:\/\/grandaffi.it\/de\/startseite\/servizi-green\/lavaggio-green\/#primaryimage","url":"https:\/\/grandaffi.it\/wp-content\/uploads\/2021\/09\/Lavaggio-Green-logo-1.png","contentUrl":"https:\/\/grandaffi.it\/wp-content\/uploads\/2021\/09\/Lavaggio-Green-logo-1.png"},{"@type":"BreadcrumbList","@id":"https:\/\/grandaffi.it\/de\/startseite\/servizi-green\/lavaggio-green\/#breadcrumb","itemListElement":[{"@type":"ListItem","position":1,"name":"Home","item":"https:\/\/grandaffi.it\/de\/"},{"@type":"ListItem","position":2,"name":"Startseite","item":"https:\/\/grandaffi.it\/de\/startseite\/"},{"@type":"ListItem","position":3,"name":"Servizi Green","item":"https:\/\/grandaffi.it\/de\/startseite\/servizi-green\/"},{"@type":"ListItem","position":4,"name":"Lavaggio Green"}]},{"@type":"WebSite","@id":"https:\/\/grandaffi.it\/de\/#website","url":"https:\/\/grandaffi.it\/de\/","name":"Grand'Affi Shopping Center","description":"Il centro commerciale su misura per te","publisher":{"@id":"https:\/\/grandaffi.it\/de\/#organization"},"alternateName":"Il centro commerciale di Verona","potentialAction":[{"@type":"SearchAction","target":{"@type":"EntryPoint","urlTemplate":"https:\/\/grandaffi.it\/de\/?s={search_term_string}"},"query-input":{"@type":"PropertyValueSpecification","valueRequired":true,"valueName":"search_term_string"}}],"inLanguage":"de"},{"@type":"Organization","@id":"https:\/\/grandaffi.it\/de\/#organization","name":"Grand'Affi Shopping Center","url":"https:\/\/grandaffi.it\/de\/","logo":{"@type":"ImageObject","inLanguage":"de","@id":"https:\/\/grandaffi.it\/de\/#\/schema\/logo\/image\/","url":"https:\/\/grandaffi.it\/wp-content\/uploads\/2025\/07\/logo-grandaffi-30.png","contentUrl":"https:\/\/grandaffi.it\/wp-content\/uploads\/2025\/07\/logo-grandaffi-30.png","width":1546,"height":718,"caption":"Grand'Affi Shopping Center"},"image":{"@id":"https:\/\/grandaffi.it\/de\/#\/schema\/logo\/image\/"},"sameAs":["https:\/\/www.facebook.com\/GrandAffiShoppingCenter","https:\/\/x.com\/grandaffi","https:\/\/www.instagram.com\/grand_affi_shopping_center\/?hl=it"]}]}},"_links":{"self":[{"href":"https:\/\/grandaffi.it\/de\/wp-json\/wp\/v2\/pages\/9240","targetHints":{"allow":["GET"]}}],"collection":[{"href":"https:\/\/grandaffi.it\/de\/wp-json\/wp\/v2\/pages"}],"about":[{"href":"https:\/\/grandaffi.it\/de\/wp-json\/wp\/v2\/types\/page"}],"author":[{"embeddable":true,"href":"https:\/\/grandaffi.it\/de\/wp-json\/wp\/v2\/users\/1"}],"replies":[{"embeddable":true,"href":"https:\/\/grandaffi.it\/de\/wp-json\/wp\/v2\/comments?post=9240"}],"version-history":[{"count":5,"href":"https:\/\/grandaffi.it\/de\/wp-json\/wp\/v2\/pages\/9240\/revisions"}],"predecessor-version":[{"id":21325,"href":"https:\/\/grandaffi.it\/de\/wp-json\/wp\/v2\/pages\/9240\/revisions\/21325"}],"up":[{"embeddable":true,"href":"https:\/\/grandaffi.it\/de\/wp-json\/wp\/v2\/pages\/9451"}],"wp:attachment":[{"href":"https:\/\/grandaffi.it\/de\/wp-json\/wp\/v2\/media?parent=9240"}],"curies":[{"name":"wp","href":"https:\/\/api.w.org\/{rel}","templated":true}]}}