{"id":9215,"date":"2021-09-09T15:34:53","date_gmt":"2021-09-09T13:34:53","guid":{"rendered":"http:\/\/sviluppo.grandaffi.it\/gamestop\/"},"modified":"2026-03-11T14:35:58","modified_gmt":"2026-03-11T13:35:58","slug":"gamelife","status":"publish","type":"page","link":"https:\/\/grandaffi.it\/de\/gamelife\/","title":{"rendered":"Gamelife"},"content":{"rendered":"\t\t<div data-elementor-type=\"wp-page\" data-elementor-id=\"9215\" class=\"elementor elementor-9215 elementor-1271\" data-elementor-post-type=\"page\">\n\t\t\t\t\t\t<section class=\"elementor-section elementor-top-section elementor-element elementor-element-847pcpa elementor-section-full_width elementor-section-content-bottom elementor-section-stretched elementor-section-height-default elementor-section-height-default\" data-id=\"847pcpa\" data-element_type=\"section\" data-settings=\"{&quot;background_background&quot;:&quot;classic&quot;,&quot;stretch_section&quot;:&quot;section-stretched&quot;}\">\n\t\t\t\t\t\t\t<div class=\"elementor-background-overlay\"><\/div>\n\t\t\t\t\t\t\t<div class=\"elementor-container elementor-column-gap-default\">\n\t\t\t\t\t<div class=\"elementor-column elementor-col-50 elementor-top-column elementor-element elementor-element-9k9wwq3\" data-id=\"9k9wwq3\" data-element_type=\"column\">\n\t\t\t<div class=\"elementor-widget-wrap elementor-element-populated\">\n\t\t\t\t\t\t<div class=\"elementor-element elementor-element-cf9sf3w elementor-widget elementor-widget-spacer\" data-id=\"cf9sf3w\" data-element_type=\"widget\" data-widget_type=\"spacer.default\">\n\t\t\t\t<div class=\"elementor-widget-container\">\n\t\t\t\t\t\t\t<div class=\"elementor-spacer\">\n\t\t\t<div class=\"elementor-spacer-inner\"><\/div>\n\t\t<\/div>\n\t\t\t\t\t\t<\/div>\n\t\t\t\t<\/div>\n\t\t\t\t<div class=\"elementor-element elementor-element-m76xax5 elementor-widget elementor-widget-image\" data-id=\"m76xax5\" data-element_type=\"widget\" data-widget_type=\"image.default\">\n\t\t\t\t<div class=\"elementor-widget-container\">\n\t\t\t\t\t\t\t\t\t\t\t\t\t\t\t<img fetchpriority=\"high\" decoding=\"async\" width=\"800\" height=\"566\" src=\"https:\/\/grandaffi.it\/wp-content\/uploads\/2026\/03\/Logo-Gamelife-sito-.png\" class=\"attachment-large size-large wp-image-24523\" alt=\"\" \/>\t\t\t\t\t\t\t\t\t\t\t\t\t\t\t<\/div>\n\t\t\t\t<\/div>\n\t\t\t\t<div class=\"elementor-element elementor-element-cqwv8u3 elementor-widget elementor-widget-text-editor\" data-id=\"cqwv8u3\" data-element_type=\"widget\" data-widget_type=\"text-editor.default\">\n\t\t\t\t<div class=\"elementor-widget-container\">\n\t\t\t\t\t\t\t\t\t<div class=\"wpb_text_column wpb_content_element\"><div class=\"wpb_wrapper\"><p><strong>Gamelife ist die Welt des Gaming, der Sammlung und der Unterhaltung.<\/strong><\/p><p>Von Videospielen bis hin zu exklusiven Gadgets, von Bauwerken bis hin zu Brettspielen bieten seine Gesch\u00e4fte und sein E-Commerce ein immersives Erlebnis f\u00fcr alle Fans. In den Gamelife-Gesch\u00e4ften finden Sie ein breites und stets aktualisiertes Sortiment der besten Marken aus der Welt der Videospiele, TV-Serien, des Kinos und der Comics. Ein perfekter Ort f\u00fcr diejenigen, die den am meisten erwarteten Titel suchen, ein Sammlerst\u00fcck, das nicht mehr zu finden ist, oder das ideale Geschenk f\u00fcr einen echten Fan.<\/p><p>Gegr\u00fcndet im Jahr 2009 von Cidiverte S.p.A., einem f\u00fchrenden Unternehmen im Vertrieb von Videospielen, verf\u00fcgt Gamelife heute \u00fcber mehr als 250 Gesch\u00e4fte in ganz Italien, dank der \u00dcbernahme zahlreicher Verkaufsstellen und einer konsolidierten Pr\u00e4senz in der Schweiz.<\/p><p>Entdecken Sie das Gamelife-Universum in unserem n\u00e4chstgelegenen Store oder auf www.gamelife.it<\/p><\/div><\/div>\t\t\t\t\t\t\t\t<\/div>\n\t\t\t\t<\/div>\n\t\t\t\t\t<\/div>\n\t\t<\/div>\n\t\t\t\t<div class=\"elementor-column elementor-col-50 elementor-top-column elementor-element elementor-element-hi4tuma\" data-id=\"hi4tuma\" data-element_type=\"column\">\n\t\t\t<div class=\"elementor-widget-wrap elementor-element-populated\">\n\t\t\t\t\t\t<div class=\"elementor-element elementor-element-hcg2n6w elementor-icon-list--layout-traditional elementor-list-item-link-full_width elementor-widget elementor-widget-icon-list\" data-id=\"hcg2n6w\" data-element_type=\"widget\" data-widget_type=\"icon-list.default\">\n\t\t\t\t<div class=\"elementor-widget-container\">\n\t\t\t\t\t\t\t<ul class=\"elementor-icon-list-items\">\n\t\t\t\t\t\t\t<li class=\"elementor-icon-list-item\">\n\t\t\t\t\t\t\t\t\t\t\t<a href=\"tel:045%202320571\">\n\n\t\t\t\t\t\t\t\t\t\t\t\t<span class=\"elementor-icon-list-icon\">\n\t\t\t\t\t\t\t<i aria-hidden=\"true\" class=\"fas fa-phone-alt\"><\/i>\t\t\t\t\t\t<\/span>\n\t\t\t\t\t\t\t\t\t\t<span class=\"elementor-icon-list-text\">Phone. 045 2320571<\/span>\n\t\t\t\t\t\t\t\t\t\t\t<\/a>\n\t\t\t\t\t\t\t\t\t<\/li>\n\t\t\t\t\t\t\t\t<li class=\"elementor-icon-list-item\">\n\t\t\t\t\t\t\t\t\t\t\t<a href=\"https:\/\/www.gamestop.it\/\" target=\"_blank\">\n\n\t\t\t\t\t\t\t\t\t\t\t\t<span class=\"elementor-icon-list-icon\">\n\t\t\t\t\t\t\t<i aria-hidden=\"true\" class=\"fas fa-hand-pointer\"><\/i>\t\t\t\t\t\t<\/span>\n\t\t\t\t\t\t\t\t\t\t<span class=\"elementor-icon-list-text\">https:\/\/www.gamestop.it\/<\/span>\n\t\t\t\t\t\t\t\t\t\t\t<\/a>\n\t\t\t\t\t\t\t\t\t<\/li>\n\t\t\t\t\t\t<\/ul>\n\t\t\t\t\t\t<\/div>\n\t\t\t\t<\/div>\n\t\t\t\t\t<\/div>\n\t\t<\/div>\n\t\t\t\t\t<\/div>\n\t\t<\/section>\n\t\t\t\t<section class=\"elementor-section elementor-top-section elementor-element elementor-element-3k84961 elementor-section-stretched elementor-section-boxed elementor-section-height-default elementor-section-height-default\" data-id=\"3k84961\" data-element_type=\"section\" data-settings=\"{&quot;background_background&quot;:&quot;classic&quot;,&quot;stretch_section&quot;:&quot;section-stretched&quot;}\">\n\t\t\t\t\t\t<div class=\"elementor-container elementor-column-gap-default\">\n\t\t\t\t\t<div class=\"elementor-column elementor-col-100 elementor-top-column elementor-element elementor-element-jiuzz27\" data-id=\"jiuzz27\" data-element_type=\"column\">\n\t\t\t<div class=\"elementor-widget-wrap elementor-element-populated\">\n\t\t\t\t\t\t<div class=\"elementor-element elementor-element-flsizht elementor-widget elementor-widget-heading\" data-id=\"flsizht\" data-element_type=\"widget\" data-widget_type=\"heading.default\">\n\t\t\t\t<div class=\"elementor-widget-container\">\n\t\t\t\t\t<h3 class=\"elementor-heading-title elementor-size-default\">Wo Wir Sind<\/h3>\t\t\t\t<\/div>\n\t\t\t\t<\/div>\n\t\t\t\t\t<\/div>\n\t\t<\/div>\n\t\t\t\t\t<\/div>\n\t\t<\/section>\n\t\t\t\t<section class=\"elementor-section elementor-top-section elementor-element elementor-element-a5ydgls elementor-section-full_width elementor-section-stretched elementor-section-height-default elementor-section-height-default\" data-id=\"a5ydgls\" data-element_type=\"section\" data-settings=\"{&quot;stretch_section&quot;:&quot;section-stretched&quot;}\">\n\t\t\t\t\t\t<div class=\"elementor-container elementor-column-gap-default\">\n\t\t\t\t\t<div class=\"elementor-column elementor-col-100 elementor-top-column elementor-element elementor-element-kzrg25p gf_mappa_negozi\" data-id=\"kzrg25p\" data-element_type=\"column\" data-settings=\"{&quot;background_background&quot;:&quot;classic&quot;}\">\n\t\t\t<div class=\"elementor-widget-wrap elementor-element-populated\">\n\t\t\t\t\t\t<div class=\"elementor-element elementor-element-80o9xwc elementor-widget elementor-widget-spacer\" data-id=\"80o9xwc\" data-element_type=\"widget\" data-widget_type=\"spacer.default\">\n\t\t\t\t<div class=\"elementor-widget-container\">\n\t\t\t\t\t\t\t<div class=\"elementor-spacer\">\n\t\t\t<div class=\"elementor-spacer-inner\"><\/div>\n\t\t<\/div>\n\t\t\t\t\t\t<\/div>\n\t\t\t\t<\/div>\n\t\t\t\t\t<\/div>\n\t\t<\/div>\n\t\t\t\t\t<\/div>\n\t\t<\/section>\n\t\t\t\t<section class=\"elementor-section elementor-top-section elementor-element elementor-element-i51dlky elementor-section-full_width elementor-section-stretched elementor-section-height-default elementor-section-height-default\" data-id=\"i51dlky\" data-element_type=\"section\" data-settings=\"{&quot;background_background&quot;:&quot;classic&quot;,&quot;stretch_section&quot;:&quot;section-stretched&quot;}\">\n\t\t\t\t\t\t<div class=\"elementor-container elementor-column-gap-default\">\n\t\t\t\t\t<div class=\"elementor-column elementor-col-100 elementor-top-column elementor-element elementor-element-5aq4ieo\" data-id=\"5aq4ieo\" data-element_type=\"column\" data-settings=\"{&quot;background_background&quot;:&quot;classic&quot;}\">\n\t\t\t<div class=\"elementor-widget-wrap elementor-element-populated\">\n\t\t\t\t\t\t<div class=\"elementor-element elementor-element-pu07130 elementor-widget elementor-widget-gallery\" data-id=\"pu07130\" data-element_type=\"widget\" data-settings=\"{&quot;columns&quot;:3,&quot;gap&quot;:{&quot;unit&quot;:&quot;px&quot;,&quot;size&quot;:0,&quot;sizes&quot;:[]},&quot;aspect_ratio&quot;:&quot;1:1&quot;,&quot;image_hover_animation&quot;:&quot;grow&quot;,&quot;columns_tablet&quot;:3,&quot;gap_tablet&quot;:{&quot;unit&quot;:&quot;px&quot;,&quot;size&quot;:0,&quot;sizes&quot;:[]},&quot;gap_mobile&quot;:{&quot;unit&quot;:&quot;px&quot;,&quot;size&quot;:0,&quot;sizes&quot;:[]},&quot;lazyload&quot;:&quot;yes&quot;,&quot;gallery_layout&quot;:&quot;grid&quot;,&quot;columns_mobile&quot;:1,&quot;link_to&quot;:&quot;file&quot;,&quot;overlay_background&quot;:&quot;yes&quot;,&quot;content_hover_animation&quot;:&quot;fade-in&quot;}\" data-widget_type=\"gallery.default\">\n\t\t\t\t<div class=\"elementor-widget-container\">\n\t\t\t\t\t\t\t<div class=\"elementor-gallery__container\">\n\t\t\t\t\t\t\t<a class=\"e-gallery-item elementor-gallery-item elementor-animated-content\" href=\"https:\/\/grandaffi.it\/wp-content\/uploads\/2025\/06\/GCF2353-scaled.jpg\" data-elementor-open-lightbox=\"yes\" data-elementor-lightbox-slideshow=\"pu07130\" data-e-action-hash=\"#elementor-action%3Aaction%3Dlightbox%26settings%3DeyJpZCI6MTk5MjQsInVybCI6Imh0dHBzOlwvXC9ncmFuZGFmZmkuaXRcL3dwLWNvbnRlbnRcL3VwbG9hZHNcLzIwMjVcLzA2XC9HQ0YyMzUzLXNjYWxlZC5qcGciLCJzbGlkZXNob3ciOiJwdTA3MTMwIn0%3D\">\n\t\t\t\t\t<div class=\"e-gallery-image elementor-gallery-item__image\" data-thumbnail=\"https:\/\/grandaffi.it\/wp-content\/uploads\/2025\/06\/GCF2353-scaled.jpg\" data-width=\"2560\" data-height=\"1703\" aria-label=\"\" role=\"img\" ><\/div>\n\t\t\t\t\t\t\t\t\t\t\t<div class=\"elementor-gallery-item__overlay\"><\/div>\n\t\t\t\t\t\t\t\t\t\t\t\t\t\t<\/a>\n\t\t\t\t\t\t\t<a class=\"e-gallery-item elementor-gallery-item elementor-animated-content\" href=\"https:\/\/grandaffi.it\/wp-content\/uploads\/2025\/06\/GCF2350-scaled.jpg\" data-elementor-open-lightbox=\"yes\" data-elementor-lightbox-slideshow=\"pu07130\" data-e-action-hash=\"#elementor-action%3Aaction%3Dlightbox%26settings%3DeyJpZCI6MTk5MjEsInVybCI6Imh0dHBzOlwvXC9ncmFuZGFmZmkuaXRcL3dwLWNvbnRlbnRcL3VwbG9hZHNcLzIwMjVcLzA2XC9HQ0YyMzUwLXNjYWxlZC5qcGciLCJzbGlkZXNob3ciOiJwdTA3MTMwIn0%3D\">\n\t\t\t\t\t<div class=\"e-gallery-image elementor-gallery-item__image\" data-thumbnail=\"https:\/\/grandaffi.it\/wp-content\/uploads\/2025\/06\/GCF2350-scaled.jpg\" data-width=\"2560\" data-height=\"1703\" aria-label=\"\" role=\"img\" ><\/div>\n\t\t\t\t\t\t\t\t\t\t\t<div class=\"elementor-gallery-item__overlay\"><\/div>\n\t\t\t\t\t\t\t\t\t\t\t\t\t\t<\/a>\n\t\t\t\t\t\t\t<a class=\"e-gallery-item elementor-gallery-item elementor-animated-content\" href=\"https:\/\/grandaffi.it\/wp-content\/uploads\/2025\/06\/GCF2348-scaled.jpg\" data-elementor-open-lightbox=\"yes\" data-elementor-lightbox-slideshow=\"pu07130\" data-e-action-hash=\"#elementor-action%3Aaction%3Dlightbox%26settings%3DeyJpZCI6MTk5MTgsInVybCI6Imh0dHBzOlwvXC9ncmFuZGFmZmkuaXRcL3dwLWNvbnRlbnRcL3VwbG9hZHNcLzIwMjVcLzA2XC9HQ0YyMzQ4LXNjYWxlZC5qcGciLCJzbGlkZXNob3ciOiJwdTA3MTMwIn0%3D\">\n\t\t\t\t\t<div class=\"e-gallery-image elementor-gallery-item__image\" data-thumbnail=\"https:\/\/grandaffi.it\/wp-content\/uploads\/2025\/06\/GCF2348-scaled.jpg\" data-width=\"2560\" data-height=\"1703\" aria-label=\"\" role=\"img\" ><\/div>\n\t\t\t\t\t\t\t\t\t\t\t<div class=\"elementor-gallery-item__overlay\"><\/div>\n\t\t\t\t\t\t\t\t\t\t\t\t\t\t<\/a>\n\t\t\t\t\t<\/div>\n\t\t\t\t\t<\/div>\n\t\t\t\t<\/div>\n\t\t\t\t\t<\/div>\n\t\t<\/div>\n\t\t\t\t\t<\/div>\n\t\t<\/section>\n\t\t\t\t<\/div>\n\t\t","protected":false},"excerpt":{"rendered":"<p>Gamelife ist die Welt des Gaming, der Sammlung und der Unterhaltung. Von Videospielen bis hin zu exklusiven Gadgets, von Bauwerken bis hin zu Brettspielen bieten seine Gesch\u00e4fte und sein E-Commerce ein immersives Erlebnis f\u00fcr alle Fans. In den Gamelife-Gesch\u00e4ften finden Sie ein breites und stets aktualisiertes Sortiment der besten Marken aus der Welt der Videospiele, TV-Serien, des Kinos und der&hellip;<\/p>\n","protected":false},"author":1,"featured_media":0,"parent":0,"menu_order":0,"comment_status":"closed","ping_status":"closed","template":"","meta":{"_acf_changed":false,"footnotes":""},"class_list":["post-9215","page","type-page","status-publish","hentry"],"acf":[],"yoast_head":"<!-- This site is optimized with the Yoast SEO plugin v26.7 - https:\/\/yoast.com\/wordpress\/plugins\/seo\/ -->\n<title>Gamelife - Grand&#039;Affi Shopping Center<\/title>\n<meta name=\"robots\" content=\"index, follow, max-snippet:-1, max-image-preview:large, max-video-preview:-1\" \/>\n<link rel=\"canonical\" href=\"https:\/\/grandaffi.it\/de\/gamelife\/\" \/>\n<meta property=\"og:locale\" content=\"de_DE\" \/>\n<meta property=\"og:type\" content=\"article\" \/>\n<meta property=\"og:title\" content=\"Gamelife - Grand&#039;Affi Shopping Center\" \/>\n<meta property=\"og:description\" content=\"Gamelife ist die Welt des Gaming, der Sammlung und der Unterhaltung. Von Videospielen bis hin zu exklusiven Gadgets, von Bauwerken bis hin zu Brettspielen bieten seine Gesch\u00e4fte und sein E-Commerce ein immersives Erlebnis f\u00fcr alle Fans. In den Gamelife-Gesch\u00e4ften finden Sie ein breites und stets aktualisiertes Sortiment der besten Marken aus der Welt der Videospiele, TV-Serien, des Kinos und der&hellip;\" \/>\n<meta property=\"og:url\" content=\"https:\/\/grandaffi.it\/de\/gamelife\/\" \/>\n<meta property=\"og:site_name\" content=\"Grand&#039;Affi Shopping Center\" \/>\n<meta property=\"article:publisher\" content=\"https:\/\/www.facebook.com\/GrandAffiShoppingCenter\" \/>\n<meta property=\"article:modified_time\" content=\"2026-03-11T13:35:58+00:00\" \/>\n<meta property=\"og:image\" content=\"https:\/\/grandaffi.it\/wp-content\/uploads\/2026\/03\/Logo-Gamelife-sito-.png\" \/>\n<meta name=\"twitter:card\" content=\"summary_large_image\" \/>\n<meta name=\"twitter:site\" content=\"@grandaffi\" \/>\n<meta name=\"twitter:label1\" content=\"Gesch\u00e4tzte Lesezeit\" \/>\n\t<meta name=\"twitter:data1\" content=\"1\u00a0Minute\" \/>\n<script type=\"application\/ld+json\" class=\"yoast-schema-graph\">{\"@context\":\"https:\/\/schema.org\",\"@graph\":[{\"@type\":\"WebPage\",\"@id\":\"https:\/\/grandaffi.it\/de\/gamelife\/\",\"url\":\"https:\/\/grandaffi.it\/de\/gamelife\/\",\"name\":\"Gamelife - Grand&#039;Affi Shopping Center\",\"isPartOf\":{\"@id\":\"https:\/\/grandaffi.it\/de\/#website\"},\"primaryImageOfPage\":{\"@id\":\"https:\/\/grandaffi.it\/de\/gamelife\/#primaryimage\"},\"image\":{\"@id\":\"https:\/\/grandaffi.it\/de\/gamelife\/#primaryimage\"},\"thumbnailUrl\":\"https:\/\/grandaffi.it\/wp-content\/uploads\/2026\/03\/Logo-Gamelife-sito-.png\",\"datePublished\":\"2021-09-09T13:34:53+00:00\",\"dateModified\":\"2026-03-11T13:35:58+00:00\",\"breadcrumb\":{\"@id\":\"https:\/\/grandaffi.it\/de\/gamelife\/#breadcrumb\"},\"inLanguage\":\"de\",\"potentialAction\":[{\"@type\":\"ReadAction\",\"target\":[\"https:\/\/grandaffi.it\/de\/gamelife\/\"]}]},{\"@type\":\"ImageObject\",\"inLanguage\":\"de\",\"@id\":\"https:\/\/grandaffi.it\/de\/gamelife\/#primaryimage\",\"url\":\"https:\/\/grandaffi.it\/wp-content\/uploads\/2026\/03\/Logo-Gamelife-sito-.png\",\"contentUrl\":\"https:\/\/grandaffi.it\/wp-content\/uploads\/2026\/03\/Logo-Gamelife-sito-.png\"},{\"@type\":\"BreadcrumbList\",\"@id\":\"https:\/\/grandaffi.it\/de\/gamelife\/#breadcrumb\",\"itemListElement\":[{\"@type\":\"ListItem\",\"position\":1,\"name\":\"Home\",\"item\":\"https:\/\/grandaffi.it\/de\/\"},{\"@type\":\"ListItem\",\"position\":2,\"name\":\"Gamelife\"}]},{\"@type\":\"WebSite\",\"@id\":\"https:\/\/grandaffi.it\/de\/#website\",\"url\":\"https:\/\/grandaffi.it\/de\/\",\"name\":\"Grand'Affi Shopping Center\",\"description\":\"Il centro commerciale su misura per te\",\"publisher\":{\"@id\":\"https:\/\/grandaffi.it\/de\/#organization\"},\"alternateName\":\"Il centro commerciale di Verona\",\"potentialAction\":[{\"@type\":\"SearchAction\",\"target\":{\"@type\":\"EntryPoint\",\"urlTemplate\":\"https:\/\/grandaffi.it\/de\/?s={search_term_string}\"},\"query-input\":{\"@type\":\"PropertyValueSpecification\",\"valueRequired\":true,\"valueName\":\"search_term_string\"}}],\"inLanguage\":\"de\"},{\"@type\":\"Organization\",\"@id\":\"https:\/\/grandaffi.it\/de\/#organization\",\"name\":\"Grand'Affi Shopping Center\",\"url\":\"https:\/\/grandaffi.it\/de\/\",\"logo\":{\"@type\":\"ImageObject\",\"inLanguage\":\"de\",\"@id\":\"https:\/\/grandaffi.it\/de\/#\/schema\/logo\/image\/\",\"url\":\"https:\/\/grandaffi.it\/wp-content\/uploads\/2025\/07\/logo-grandaffi-30.png\",\"contentUrl\":\"https:\/\/grandaffi.it\/wp-content\/uploads\/2025\/07\/logo-grandaffi-30.png\",\"width\":1546,\"height\":718,\"caption\":\"Grand'Affi Shopping Center\"},\"image\":{\"@id\":\"https:\/\/grandaffi.it\/de\/#\/schema\/logo\/image\/\"},\"sameAs\":[\"https:\/\/www.facebook.com\/GrandAffiShoppingCenter\",\"https:\/\/x.com\/grandaffi\",\"https:\/\/www.instagram.com\/grand_affi_shopping_center\/?hl=it\"]}]}<\/script>\n<!-- \/ Yoast SEO plugin. -->","yoast_head_json":{"title":"Gamelife - Grand&#039;Affi Shopping Center","robots":{"index":"index","follow":"follow","max-snippet":"max-snippet:-1","max-image-preview":"max-image-preview:large","max-video-preview":"max-video-preview:-1"},"canonical":"https:\/\/grandaffi.it\/de\/gamelife\/","og_locale":"de_DE","og_type":"article","og_title":"Gamelife - Grand&#039;Affi Shopping Center","og_description":"Gamelife ist die Welt des Gaming, der Sammlung und der Unterhaltung. Von Videospielen bis hin zu exklusiven Gadgets, von Bauwerken bis hin zu Brettspielen bieten seine Gesch\u00e4fte und sein E-Commerce ein immersives Erlebnis f\u00fcr alle Fans. In den Gamelife-Gesch\u00e4ften finden Sie ein breites und stets aktualisiertes Sortiment der besten Marken aus der Welt der Videospiele, TV-Serien, des Kinos und der&hellip;","og_url":"https:\/\/grandaffi.it\/de\/gamelife\/","og_site_name":"Grand&#039;Affi Shopping Center","article_publisher":"https:\/\/www.facebook.com\/GrandAffiShoppingCenter","article_modified_time":"2026-03-11T13:35:58+00:00","og_image":[{"url":"https:\/\/grandaffi.it\/wp-content\/uploads\/2026\/03\/Logo-Gamelife-sito-.png","type":"","width":"","height":""}],"twitter_card":"summary_large_image","twitter_site":"@grandaffi","twitter_misc":{"Gesch\u00e4tzte Lesezeit":"1\u00a0Minute"},"schema":{"@context":"https:\/\/schema.org","@graph":[{"@type":"WebPage","@id":"https:\/\/grandaffi.it\/de\/gamelife\/","url":"https:\/\/grandaffi.it\/de\/gamelife\/","name":"Gamelife - Grand&#039;Affi Shopping Center","isPartOf":{"@id":"https:\/\/grandaffi.it\/de\/#website"},"primaryImageOfPage":{"@id":"https:\/\/grandaffi.it\/de\/gamelife\/#primaryimage"},"image":{"@id":"https:\/\/grandaffi.it\/de\/gamelife\/#primaryimage"},"thumbnailUrl":"https:\/\/grandaffi.it\/wp-content\/uploads\/2026\/03\/Logo-Gamelife-sito-.png","datePublished":"2021-09-09T13:34:53+00:00","dateModified":"2026-03-11T13:35:58+00:00","breadcrumb":{"@id":"https:\/\/grandaffi.it\/de\/gamelife\/#breadcrumb"},"inLanguage":"de","potentialAction":[{"@type":"ReadAction","target":["https:\/\/grandaffi.it\/de\/gamelife\/"]}]},{"@type":"ImageObject","inLanguage":"de","@id":"https:\/\/grandaffi.it\/de\/gamelife\/#primaryimage","url":"https:\/\/grandaffi.it\/wp-content\/uploads\/2026\/03\/Logo-Gamelife-sito-.png","contentUrl":"https:\/\/grandaffi.it\/wp-content\/uploads\/2026\/03\/Logo-Gamelife-sito-.png"},{"@type":"BreadcrumbList","@id":"https:\/\/grandaffi.it\/de\/gamelife\/#breadcrumb","itemListElement":[{"@type":"ListItem","position":1,"name":"Home","item":"https:\/\/grandaffi.it\/de\/"},{"@type":"ListItem","position":2,"name":"Gamelife"}]},{"@type":"WebSite","@id":"https:\/\/grandaffi.it\/de\/#website","url":"https:\/\/grandaffi.it\/de\/","name":"Grand'Affi Shopping Center","description":"Il centro commerciale su misura per te","publisher":{"@id":"https:\/\/grandaffi.it\/de\/#organization"},"alternateName":"Il centro commerciale di Verona","potentialAction":[{"@type":"SearchAction","target":{"@type":"EntryPoint","urlTemplate":"https:\/\/grandaffi.it\/de\/?s={search_term_string}"},"query-input":{"@type":"PropertyValueSpecification","valueRequired":true,"valueName":"search_term_string"}}],"inLanguage":"de"},{"@type":"Organization","@id":"https:\/\/grandaffi.it\/de\/#organization","name":"Grand'Affi Shopping Center","url":"https:\/\/grandaffi.it\/de\/","logo":{"@type":"ImageObject","inLanguage":"de","@id":"https:\/\/grandaffi.it\/de\/#\/schema\/logo\/image\/","url":"https:\/\/grandaffi.it\/wp-content\/uploads\/2025\/07\/logo-grandaffi-30.png","contentUrl":"https:\/\/grandaffi.it\/wp-content\/uploads\/2025\/07\/logo-grandaffi-30.png","width":1546,"height":718,"caption":"Grand'Affi Shopping Center"},"image":{"@id":"https:\/\/grandaffi.it\/de\/#\/schema\/logo\/image\/"},"sameAs":["https:\/\/www.facebook.com\/GrandAffiShoppingCenter","https:\/\/x.com\/grandaffi","https:\/\/www.instagram.com\/grand_affi_shopping_center\/?hl=it"]}]}},"_links":{"self":[{"href":"https:\/\/grandaffi.it\/de\/wp-json\/wp\/v2\/pages\/9215","targetHints":{"allow":["GET"]}}],"collection":[{"href":"https:\/\/grandaffi.it\/de\/wp-json\/wp\/v2\/pages"}],"about":[{"href":"https:\/\/grandaffi.it\/de\/wp-json\/wp\/v2\/types\/page"}],"author":[{"embeddable":true,"href":"https:\/\/grandaffi.it\/de\/wp-json\/wp\/v2\/users\/1"}],"replies":[{"embeddable":true,"href":"https:\/\/grandaffi.it\/de\/wp-json\/wp\/v2\/comments?post=9215"}],"version-history":[{"count":9,"href":"https:\/\/grandaffi.it\/de\/wp-json\/wp\/v2\/pages\/9215\/revisions"}],"predecessor-version":[{"id":24548,"href":"https:\/\/grandaffi.it\/de\/wp-json\/wp\/v2\/pages\/9215\/revisions\/24548"}],"wp:attachment":[{"href":"https:\/\/grandaffi.it\/de\/wp-json\/wp\/v2\/media?parent=9215"}],"curies":[{"name":"wp","href":"https:\/\/api.w.org\/{rel}","templated":true}]}}