{"id":9129,"date":"2021-09-16T13:08:26","date_gmt":"2021-09-16T11:08:26","guid":{"rendered":"http:\/\/sviluppo.grandaffi.it\/boobaloo\/"},"modified":"2023-04-18T15:58:10","modified_gmt":"2023-04-18T13:58:10","slug":"boobaloo","status":"publish","type":"page","link":"https:\/\/grandaffi.it\/de\/boobaloo\/","title":{"rendered":"Boobaloo"},"content":{"rendered":"<div class=\"wpb-content-wrapper\"><p>[vc_row][vc_column]\n\t\t\t\t<p class=\"rs-p-wp-fix\"><\/p>\n\t\t\t\t<sr7-module data-alias=\"boobaloo\" data-id=\"92\" id=\"SR7_92_1\" class=\"rs-ov-hidden\" data-version=\"6.7.40\">\n\t\t\t\t\t<sr7-adjuster><\/sr7-adjuster>\n\t\t\t\t\t<sr7-content>\n\t\t\t\t\t\t<sr7-slide id=\"SR7_92_1-307\" data-key=\"307\">\n\t\t\t\t\t\t\t<sr7-bg id=\"SR7_92_1-307-8\" class=\"sr7-layer\"><noscript><img decoding=\"async\" src=\"https:\/\/grandaffi.it\/wp-content\/uploads\/2021\/09\/BOOBALOO-IMMAGINE_Pagina_2-scaled.jpg\" alt=\"\" title=\"BOOBALOO &#8211; IMMAGINE_Pagina_2\"><\/noscript><\/sr7-bg>\n\t\t\t\t\t\t<\/sr7-slide>\n\t\t\t\t\t\t<sr7-slide id=\"SR7_92_1-937\" data-key=\"937\">\n\t\t\t\t\t\t<\/sr7-slide>\n\t\t\t\t\t<\/sr7-content>\n\t\t\t\t\t<image_lists style=\"display:none\">\n\t\t\t\t\t\t<img data-src=\"\/\/grandaffi.it\/wp-content\/uploads\/2021\/09\/BOOBALOO-IMMAGINE_Pagina_2-scaled.jpg\" data-libid=\"1798\" data-lib=\"medialibrary\" title=\"BOOBALOO &#8211; IMMAGINE_Pagina_2\" width=\"0\" height=\"0\" data-dbsrc=\"Ly9ncmFuZGFmZmkuaXQvd3AtY29udGVudC91cGxvYWRzLzIwMjEvMDkvQk9PQkFMT08tSU1NQUdJTkVfUGFnaW5hXzItc2NhbGVkLmpwZw==\"\/>\n\t\t\t\t\t<\/image_lists>\n\t\t\t\t<\/sr7-module>\n\t\t\t\t<script>\n\t\t\t\t\tSR7.PMH ??={}; SR7.PMH[\"SR7_92_1\"] = {cn:100,state:false,fn: function() { if (_tpt!==undefined && _tpt.prepareModuleHeight !== undefined) {  _tpt.prepareModuleHeight({id:\"SR7_92_1\",el:[720,720,768,960,720],type:'standard',shdw:'0',gh:[720,720,,,],gw:[1240,1240,1024,778,480],vpt:['-200px'],size:{fullWidth:false, fullHeight:false},mh:'0',onh:0,onw:0,bg:{color:'{\"orig\":\"transparent\",\"type\":\"solid\",\"string\":\"transparent\"}'}});   SR7.PMH[\"SR7_92_1\"].state=true;} else if(SR7.PMH[\"SR7_92_1\"].cn-->0)\tsetTimeout( SR7.PMH[\"SR7_92_1\"].fn,19);}};SR7.PMH[\"SR7_92_1\" ].fn();\n\t\t\t\t<\/script>\n[\/vc_column][\/vc_row][vc_row][vc_column]<div id=\"la_heading_69d7d99d26de2\" class=\"la-headings text-center\"><div class=\"js-el subheading-tag la-unit-responsive\" style=\"\" ><div id=\"sppb-addon-1477904849133\" class=\"clearfix\">\n<div class=\"sppb-addon sppb-addon-header sppb-text-center\">\n<h2 class=\"sppb-addon-title\" style=\"text-align: center;\">BOOBALOO<\/h2>\n<\/div>\n<\/div>\n<div id=\"sppb-addon-1477904687742\" class=\"clearfix\">\n<div class=\"sppb-addon sppb-addon-header sppb-text-center\">\n<div class=\"sppb-addon-title\" style=\"text-align: center;\">SIE SIND ENDLICH DA!<\/div>\n<\/div>\n<\/div>\n<\/div><\/div>\n[\/vc_column][\/vc_row][vc_row css=&#8220;.vc_custom_1631794159251{background-color: #f9f9f9 !important;}&#8220;][vc_column][vc_column_text]<\/p>\n<h1 style=\"text-align: center;\">2\u20ac<\/h1>\n<h2 style=\"text-align: center;\">+<\/h2>\n<h2 style=\"text-align: center;\">Der BOBALOO JETON muss bei der ersten Inanspruchnahme des Dienstes erworben werden.<\/h2>\n<p>[\/vc_column_text][\/vc_column][\/vc_row][vc_row][vc_column][vc_column_text]<\/p>\n<h3 class=\"sppb-addon-title\" style=\"text-align: center;\">Verordnung<\/h3>\n<div class=\"sppb-addon-content\">\n<p style=\"text-align: center;\"><strong>BOOBALOO-Spielzeugauto zu benutzen, muss das Kind mindestens 1 Jahr alt und mindestens 80 cm gro\u00df sein.<\/strong><\/p>\n<p style=\"text-align: center;\">Mit der Nutzung des Dienstes entbindet der Erziehungsberechtigte des Kindes die PTA GROUP Srl. von jeglichem Schaden, den sein Kind bei der Nutzung des oben genannten Dienstes erleiden k\u00f6nnte, wobei er der alleinige Verantwortliche f\u00fcr das Kinde bleibt.<\/p>\n<p style=\"text-align: center;\">Au\u00dferdem stellt er die Firma PTA GROUP Srl. von allen Sch\u00e4den frei, die sein Sohn\/ seine Tochter Dritten zuf\u00fcgt. Dar\u00fcber hinaus verzichtet sie auf jegliche Inanspruchnahme von Art. 1916 des B\u00fcrgerlichen Gesetzbuches gegen die Firma PTA GROUP Srl.<\/p>\n<p style=\"text-align: center;\"><strong>Denken Sie vor der Fahrt immer daran, den Gurt anzulegen und die T\u00fcr mit dem Haken zu schlie\u00dfen.<\/strong><\/p>\n<p style=\"text-align: center;\">\n<\/div>\n<p>[\/vc_column_text][\/vc_column][\/vc_row][vc_row full_height=&#8220;yes&#8220; columns_placement=&#8220;top&#8220;][vc_column la_animation_duration=&#8220;1&#8243; la_animation_delay=&#8220;0&#8243; la_animation_iteration_count=&#8220;1&#8243;][vc_single_image image=&#8220;1815&#8243; img_size=&#8220;400&#215;400&#8243; alignment=&#8220;center&#8220;][\/vc_column][\/vc_row]<\/p>\n<\/div>","protected":false},"excerpt":{"rendered":"<p>[vc_row][vc_column][\/vc_column][\/vc_row][vc_row][vc_column][\/vc_column][\/vc_row][vc_row css=&#8220;.vc_custom_1631794159251{background-color: #f9f9f9 !important;}&#8220;][vc_column][vc_column_text] 2\u20ac + Der BOBALOO JETON muss bei der ersten Inanspruchnahme des Dienstes erworben werden. [\/vc_column_text][\/vc_column][\/vc_row][vc_row][vc_column][vc_column_text] Verordnung BOOBALOO-Spielzeugauto zu benutzen, muss das Kind mindestens 1 Jahr alt und mindestens 80 cm gro\u00df sein. Mit der Nutzung des Dienstes entbindet der Erziehungsberechtigte des Kindes die PTA GROUP Srl. von jeglichem Schaden, den sein Kind bei der Nutzung des&hellip;<\/p>\n","protected":false},"author":1,"featured_media":0,"parent":0,"menu_order":0,"comment_status":"closed","ping_status":"closed","template":"","meta":{"_acf_changed":false,"footnotes":""},"class_list":["post-9129","page","type-page","status-publish","hentry"],"acf":[],"yoast_head":"<!-- This site is optimized with the Yoast SEO plugin v26.7 - https:\/\/yoast.com\/wordpress\/plugins\/seo\/ -->\n<title>Boobaloo - Grand&#039;Affi Shopping Center<\/title>\n<meta name=\"robots\" content=\"index, follow, max-snippet:-1, max-image-preview:large, max-video-preview:-1\" \/>\n<link rel=\"canonical\" href=\"https:\/\/grandaffi.it\/de\/boobaloo\/\" \/>\n<meta property=\"og:locale\" content=\"de_DE\" \/>\n<meta property=\"og:type\" content=\"article\" \/>\n<meta property=\"og:title\" content=\"Boobaloo - Grand&#039;Affi Shopping Center\" \/>\n<meta property=\"og:description\" content=\"[vc_row][vc_column][\/vc_column][\/vc_row][vc_row][vc_column][\/vc_column][\/vc_row][vc_row css=&#8220;.vc_custom_1631794159251{background-color: #f9f9f9 !important;}&#8220;][vc_column][vc_column_text] 2\u20ac + Der BOBALOO JETON muss bei der ersten Inanspruchnahme des Dienstes erworben werden. [\/vc_column_text][\/vc_column][\/vc_row][vc_row][vc_column][vc_column_text] Verordnung BOOBALOO-Spielzeugauto zu benutzen, muss das Kind mindestens 1 Jahr alt und mindestens 80 cm gro\u00df sein. Mit der Nutzung des Dienstes entbindet der Erziehungsberechtigte des Kindes die PTA GROUP Srl. von jeglichem Schaden, den sein Kind bei der Nutzung des&hellip;\" \/>\n<meta property=\"og:url\" content=\"https:\/\/grandaffi.it\/de\/boobaloo\/\" \/>\n<meta property=\"og:site_name\" content=\"Grand&#039;Affi Shopping Center\" \/>\n<meta property=\"article:publisher\" content=\"https:\/\/www.facebook.com\/GrandAffiShoppingCenter\" \/>\n<meta property=\"article:modified_time\" content=\"2023-04-18T13:58:10+00:00\" \/>\n<meta property=\"og:image\" content=\"https:\/\/grandaffi.it\/wp-content\/uploads\/2025\/07\/logo-grandaffi-30.png\" \/>\n\t<meta property=\"og:image:width\" content=\"1546\" \/>\n\t<meta property=\"og:image:height\" content=\"718\" \/>\n\t<meta property=\"og:image:type\" content=\"image\/png\" \/>\n<meta name=\"twitter:card\" content=\"summary_large_image\" \/>\n<meta name=\"twitter:site\" content=\"@grandaffi\" \/>\n<meta name=\"twitter:label1\" content=\"Gesch\u00e4tzte Lesezeit\" \/>\n\t<meta name=\"twitter:data1\" content=\"1\u00a0Minute\" \/>\n<script type=\"application\/ld+json\" class=\"yoast-schema-graph\">{\"@context\":\"https:\/\/schema.org\",\"@graph\":[{\"@type\":\"WebPage\",\"@id\":\"https:\/\/grandaffi.it\/de\/boobaloo\/\",\"url\":\"https:\/\/grandaffi.it\/de\/boobaloo\/\",\"name\":\"Boobaloo - Grand&#039;Affi Shopping Center\",\"isPartOf\":{\"@id\":\"https:\/\/grandaffi.it\/de\/#website\"},\"datePublished\":\"2021-09-16T11:08:26+00:00\",\"dateModified\":\"2023-04-18T13:58:10+00:00\",\"breadcrumb\":{\"@id\":\"https:\/\/grandaffi.it\/de\/boobaloo\/#breadcrumb\"},\"inLanguage\":\"de\",\"potentialAction\":[{\"@type\":\"ReadAction\",\"target\":[\"https:\/\/grandaffi.it\/de\/boobaloo\/\"]}]},{\"@type\":\"BreadcrumbList\",\"@id\":\"https:\/\/grandaffi.it\/de\/boobaloo\/#breadcrumb\",\"itemListElement\":[{\"@type\":\"ListItem\",\"position\":1,\"name\":\"Home\",\"item\":\"https:\/\/grandaffi.it\/de\/\"},{\"@type\":\"ListItem\",\"position\":2,\"name\":\"Boobaloo\"}]},{\"@type\":\"WebSite\",\"@id\":\"https:\/\/grandaffi.it\/de\/#website\",\"url\":\"https:\/\/grandaffi.it\/de\/\",\"name\":\"Grand'Affi Shopping Center\",\"description\":\"Il centro commerciale su misura per te\",\"publisher\":{\"@id\":\"https:\/\/grandaffi.it\/de\/#organization\"},\"alternateName\":\"Il centro commerciale di Verona\",\"potentialAction\":[{\"@type\":\"SearchAction\",\"target\":{\"@type\":\"EntryPoint\",\"urlTemplate\":\"https:\/\/grandaffi.it\/de\/?s={search_term_string}\"},\"query-input\":{\"@type\":\"PropertyValueSpecification\",\"valueRequired\":true,\"valueName\":\"search_term_string\"}}],\"inLanguage\":\"de\"},{\"@type\":\"Organization\",\"@id\":\"https:\/\/grandaffi.it\/de\/#organization\",\"name\":\"Grand'Affi Shopping Center\",\"url\":\"https:\/\/grandaffi.it\/de\/\",\"logo\":{\"@type\":\"ImageObject\",\"inLanguage\":\"de\",\"@id\":\"https:\/\/grandaffi.it\/de\/#\/schema\/logo\/image\/\",\"url\":\"https:\/\/grandaffi.it\/wp-content\/uploads\/2025\/07\/logo-grandaffi-30.png\",\"contentUrl\":\"https:\/\/grandaffi.it\/wp-content\/uploads\/2025\/07\/logo-grandaffi-30.png\",\"width\":1546,\"height\":718,\"caption\":\"Grand'Affi Shopping Center\"},\"image\":{\"@id\":\"https:\/\/grandaffi.it\/de\/#\/schema\/logo\/image\/\"},\"sameAs\":[\"https:\/\/www.facebook.com\/GrandAffiShoppingCenter\",\"https:\/\/x.com\/grandaffi\",\"https:\/\/www.instagram.com\/grand_affi_shopping_center\/?hl=it\"]}]}<\/script>\n<!-- \/ Yoast SEO plugin. -->","yoast_head_json":{"title":"Boobaloo - Grand&#039;Affi Shopping Center","robots":{"index":"index","follow":"follow","max-snippet":"max-snippet:-1","max-image-preview":"max-image-preview:large","max-video-preview":"max-video-preview:-1"},"canonical":"https:\/\/grandaffi.it\/de\/boobaloo\/","og_locale":"de_DE","og_type":"article","og_title":"Boobaloo - Grand&#039;Affi Shopping Center","og_description":"[vc_row][vc_column][\/vc_column][\/vc_row][vc_row][vc_column][\/vc_column][\/vc_row][vc_row css=&#8220;.vc_custom_1631794159251{background-color: #f9f9f9 !important;}&#8220;][vc_column][vc_column_text] 2\u20ac + Der BOBALOO JETON muss bei der ersten Inanspruchnahme des Dienstes erworben werden. [\/vc_column_text][\/vc_column][\/vc_row][vc_row][vc_column][vc_column_text] Verordnung BOOBALOO-Spielzeugauto zu benutzen, muss das Kind mindestens 1 Jahr alt und mindestens 80 cm gro\u00df sein. Mit der Nutzung des Dienstes entbindet der Erziehungsberechtigte des Kindes die PTA GROUP Srl. von jeglichem Schaden, den sein Kind bei der Nutzung des&hellip;","og_url":"https:\/\/grandaffi.it\/de\/boobaloo\/","og_site_name":"Grand&#039;Affi Shopping Center","article_publisher":"https:\/\/www.facebook.com\/GrandAffiShoppingCenter","article_modified_time":"2023-04-18T13:58:10+00:00","og_image":[{"width":1546,"height":718,"url":"https:\/\/grandaffi.it\/wp-content\/uploads\/2025\/07\/logo-grandaffi-30.png","type":"image\/png"}],"twitter_card":"summary_large_image","twitter_site":"@grandaffi","twitter_misc":{"Gesch\u00e4tzte Lesezeit":"1\u00a0Minute"},"schema":{"@context":"https:\/\/schema.org","@graph":[{"@type":"WebPage","@id":"https:\/\/grandaffi.it\/de\/boobaloo\/","url":"https:\/\/grandaffi.it\/de\/boobaloo\/","name":"Boobaloo - Grand&#039;Affi Shopping Center","isPartOf":{"@id":"https:\/\/grandaffi.it\/de\/#website"},"datePublished":"2021-09-16T11:08:26+00:00","dateModified":"2023-04-18T13:58:10+00:00","breadcrumb":{"@id":"https:\/\/grandaffi.it\/de\/boobaloo\/#breadcrumb"},"inLanguage":"de","potentialAction":[{"@type":"ReadAction","target":["https:\/\/grandaffi.it\/de\/boobaloo\/"]}]},{"@type":"BreadcrumbList","@id":"https:\/\/grandaffi.it\/de\/boobaloo\/#breadcrumb","itemListElement":[{"@type":"ListItem","position":1,"name":"Home","item":"https:\/\/grandaffi.it\/de\/"},{"@type":"ListItem","position":2,"name":"Boobaloo"}]},{"@type":"WebSite","@id":"https:\/\/grandaffi.it\/de\/#website","url":"https:\/\/grandaffi.it\/de\/","name":"Grand'Affi Shopping Center","description":"Il centro commerciale su misura per te","publisher":{"@id":"https:\/\/grandaffi.it\/de\/#organization"},"alternateName":"Il centro commerciale di Verona","potentialAction":[{"@type":"SearchAction","target":{"@type":"EntryPoint","urlTemplate":"https:\/\/grandaffi.it\/de\/?s={search_term_string}"},"query-input":{"@type":"PropertyValueSpecification","valueRequired":true,"valueName":"search_term_string"}}],"inLanguage":"de"},{"@type":"Organization","@id":"https:\/\/grandaffi.it\/de\/#organization","name":"Grand'Affi Shopping Center","url":"https:\/\/grandaffi.it\/de\/","logo":{"@type":"ImageObject","inLanguage":"de","@id":"https:\/\/grandaffi.it\/de\/#\/schema\/logo\/image\/","url":"https:\/\/grandaffi.it\/wp-content\/uploads\/2025\/07\/logo-grandaffi-30.png","contentUrl":"https:\/\/grandaffi.it\/wp-content\/uploads\/2025\/07\/logo-grandaffi-30.png","width":1546,"height":718,"caption":"Grand'Affi Shopping Center"},"image":{"@id":"https:\/\/grandaffi.it\/de\/#\/schema\/logo\/image\/"},"sameAs":["https:\/\/www.facebook.com\/GrandAffiShoppingCenter","https:\/\/x.com\/grandaffi","https:\/\/www.instagram.com\/grand_affi_shopping_center\/?hl=it"]}]}},"_links":{"self":[{"href":"https:\/\/grandaffi.it\/de\/wp-json\/wp\/v2\/pages\/9129","targetHints":{"allow":["GET"]}}],"collection":[{"href":"https:\/\/grandaffi.it\/de\/wp-json\/wp\/v2\/pages"}],"about":[{"href":"https:\/\/grandaffi.it\/de\/wp-json\/wp\/v2\/types\/page"}],"author":[{"embeddable":true,"href":"https:\/\/grandaffi.it\/de\/wp-json\/wp\/v2\/users\/1"}],"replies":[{"embeddable":true,"href":"https:\/\/grandaffi.it\/de\/wp-json\/wp\/v2\/comments?post=9129"}],"version-history":[{"count":0,"href":"https:\/\/grandaffi.it\/de\/wp-json\/wp\/v2\/pages\/9129\/revisions"}],"wp:attachment":[{"href":"https:\/\/grandaffi.it\/de\/wp-json\/wp\/v2\/media?parent=9129"}],"curies":[{"name":"wp","href":"https:\/\/api.w.org\/{rel}","templated":true}]}}