{"id":8959,"date":"2022-11-03T14:51:13","date_gmt":"2022-11-03T13:51:13","guid":{"rendered":"http:\/\/sviluppo.grandaffi.it\/amazonlocker\/"},"modified":"2023-03-24T11:07:31","modified_gmt":"2023-03-24T10:07:31","slug":"amazonlocker","status":"publish","type":"page","link":"https:\/\/grandaffi.it\/de\/amazonlocker\/","title":{"rendered":"Amazon Locker"},"content":{"rendered":"<div class=\"wpb-content-wrapper\"><p>[vc_row][vc_column]\n\t\t\t\t<p class=\"rs-p-wp-fix\"><\/p>\n\t\t\t\t<sr7-module data-alias=\"amazonlocker\" data-id=\"213\" id=\"SR7_213_1\" class=\"rs-ov-hidden\" data-version=\"6.7.40\">\n\t\t\t\t\t<sr7-adjuster><\/sr7-adjuster>\n\t\t\t\t\t<sr7-content>\n\t\t\t\t\t\t<sr7-slide id=\"SR7_213_1-720\" data-key=\"720\">\n\t\t\t\t\t\t\t<sr7-bg id=\"SR7_213_1-720-8\" class=\"sr7-layer\"><noscript><img decoding=\"async\" src=\"https:\/\/grandaffi.it\/wp-content\/uploads\/2022\/11\/amazon-locker-2.jpg\" alt=\"\" title=\"amazon locker 2\"><\/noscript><\/sr7-bg>\n\t\t\t\t\t\t<\/sr7-slide>\n\t\t\t\t\t\t<sr7-slide id=\"SR7_213_1-1055\" data-key=\"1055\">\n\t\t\t\t\t\t<\/sr7-slide>\n\t\t\t\t\t<\/sr7-content>\n\t\t\t\t\t<image_lists style=\"display:none\">\n\t\t\t\t\t\t<img data-src=\"\/\/grandaffi.it\/wp-content\/uploads\/2022\/11\/amazon-locker-2.jpg\" data-libid=\"6396\" data-lib=\"medialibrary\" title=\"amazon locker 2\" width=\"0\" height=\"0\" data-dbsrc=\"Ly9ncmFuZGFmZmkuaXQvd3AtY29udGVudC91cGxvYWRzLzIwMjIvMTEvYW1hem9uLWxvY2tlci0yLmpwZw==\"\/>\n\t\t\t\t\t<\/image_lists>\n\t\t\t\t<\/sr7-module>\n\t\t\t\t<script>\n\t\t\t\t\tSR7.PMH ??={}; SR7.PMH[\"SR7_213_1\"] = {cn:100,state:false,fn: function() { if (_tpt!==undefined && _tpt.prepareModuleHeight !== undefined) {  _tpt.prepareModuleHeight({id:\"SR7_213_1\",el:[720,720,768,960,720],type:'standard',shdw:'0',gh:[720,720,,,],gw:[1240,1240,1024,778,480],vpt:['-200px'],size:{fullWidth:true, fullHeight:false},mh:'0',onh:0,onw:0,bg:{color:'{\"orig\":\"transparent\",\"type\":\"solid\",\"string\":\"transparent\"}'}});   SR7.PMH[\"SR7_213_1\"].state=true;} else if(SR7.PMH[\"SR7_213_1\"].cn-->0)\tsetTimeout( SR7.PMH[\"SR7_213_1\"].fn,19);}};SR7.PMH[\"SR7_213_1\" ].fn();\n\t\t\t\t<\/script>\n[\/vc_column][\/vc_row][vc_row][vc_column]<div id=\"la_heading_69d7d2232c5d5\" class=\"la-headings text-center\"><div class=\"js-el subheading-tag la-unit-responsive\" style=\"\" ><div id=\"sppb-addon-1477904849133\" class=\"clearfix\">\n<div class=\"sppb-addon sppb-addon-header sppb-text-center\">\n<h2 class=\"sppb-addon-title\" style=\"text-align: center;\">AMAZON LOCKER<\/h2>\n<\/div>\n<\/div>\n<\/div><\/div>\n[\/vc_column][\/vc_row][vc_row css=&#8220;.vc_custom_1631794159251{background-color: #f9f9f9 !important;}&#8220;][vc_column][vc_column_text]<\/p>\n<section id=\"GUID-20DA6EDD-039C-42C6-9EA9-EBD72F8BC9AC__SECTION_0E47C9B6F971438785134F2A81205505\" class=\"a-section\">\n<h2 style=\"text-align: center;\"><strong>WIE FUNKTIONIERT ES<\/strong><\/h2>\n<p>&nbsp;<\/p>\n<p>Kommen Sie zum AMAZON LOCKER im Grand&#8217;Affi Shopping-Center und aktivieren Sie die Bluetooth-Verbindung Ihres Ger\u00e4ts.<\/p>\n<p>Um die Abholung zu starten, klicken Sie auf die Schaltfl\u00e4che &#8222;Abholung starten&#8220; in der von Amazon gesendeten Best\u00e4tigungs-E-Mail oder in der Shopping-App im Abschnitt &#8222;Mein Paket verfolgen&#8220;<\/p>\n<p>Wenn Sie m\u00f6chten, dass eine andere Person Ihr Paket abholt, leiten Sie einfach die E-Mail mit der Zustellbest\u00e4tigung weiter. Die Person, die das Paket in Ihrem Namen abholt, ben\u00f6tigt ein Smartphone mit Bluetooth-Verbindung und die neueste Version der Amazon Shopping App.<\/p>\n<p>Holen Sie Ihr Paket innerhalb von drei Tagen ab.<\/p>\n<p>Wenn Sie es nicht innerhalb dieser Frist abholen, wird Amazon das Paket abholen und eine R\u00fcckerstattung vornehmen.<\/p>\n<p>W\u00e4hrend des Kaufvorgangs k\u00f6nnen Sie das Schlie\u00dffach ausw\u00e4hlen, die \u00d6ffnungszeiten des Schlie\u00dffachs bei Grand&#8217;Affi sehen und die Versandart w\u00e4hlen.<\/p>\n<\/section>\n<p>[\/vc_column_text][\/vc_column][\/vc_row][vc_row][vc_column][vc_column_text]<\/p>\n<h2 class=\"sppb-addon-title\" style=\"text-align: center;\">Ort und \u00d6ffnungszeiten<\/h2>\n<div class=\"sppb-addon-content\">\n<h3 style=\"text-align: center;\">AMAZON LOCKER befindet sich im ersten Stock, im S\u00fcdfl\u00fcgel des Grand&#8217;Affi<\/h3>\n<p style=\"text-align: center;\">Sie k\u00f6nnen Ihr Amazon-Paket t\u00e4glich von 09.00 bis 23.00 Uhr abholen.<\/p>\n<\/div>\n<p>[\/vc_column_text][\/vc_column][\/vc_row][vc_row full_height=&#8220;yes&#8220; columns_placement=&#8220;top&#8220;][vc_column la_animation_duration=&#8220;1&#8243; la_animation_delay=&#8220;0&#8243; la_animation_iteration_count=&#8220;1&#8243;][\/vc_column][\/vc_row]<\/p>\n<\/div>","protected":false},"excerpt":{"rendered":"<p>[vc_row][vc_column][\/vc_column][\/vc_row][vc_row][vc_column][\/vc_column][\/vc_row][vc_row css=&#8220;.vc_custom_1631794159251{background-color: #f9f9f9 !important;}&#8220;][vc_column][vc_column_text] WIE FUNKTIONIERT ES &nbsp; Kommen Sie zum AMAZON LOCKER im Grand&#8217;Affi Shopping-Center und aktivieren Sie die Bluetooth-Verbindung Ihres Ger\u00e4ts. Um die Abholung zu starten, klicken Sie auf die Schaltfl\u00e4che &#8222;Abholung starten&#8220; in der von Amazon gesendeten Best\u00e4tigungs-E-Mail oder in der Shopping-App im Abschnitt &#8222;Mein Paket verfolgen&#8220; Wenn Sie m\u00f6chten, dass eine andere Person Ihr Paket abholt,&hellip;<\/p>\n","protected":false},"author":1,"featured_media":0,"parent":0,"menu_order":0,"comment_status":"closed","ping_status":"closed","template":"","meta":{"_acf_changed":false,"footnotes":""},"class_list":["post-8959","page","type-page","status-publish","hentry"],"acf":[],"yoast_head":"<!-- This site is optimized with the Yoast SEO plugin v26.7 - https:\/\/yoast.com\/wordpress\/plugins\/seo\/ -->\n<title>Amazon Locker - Grand&#039;Affi Shopping Center<\/title>\n<meta name=\"robots\" content=\"index, follow, max-snippet:-1, max-image-preview:large, max-video-preview:-1\" \/>\n<link rel=\"canonical\" href=\"https:\/\/grandaffi.it\/de\/amazonlocker\/\" \/>\n<meta property=\"og:locale\" content=\"de_DE\" \/>\n<meta property=\"og:type\" content=\"article\" \/>\n<meta property=\"og:title\" content=\"Amazon Locker - Grand&#039;Affi Shopping Center\" \/>\n<meta property=\"og:description\" content=\"[vc_row][vc_column][\/vc_column][\/vc_row][vc_row][vc_column][\/vc_column][\/vc_row][vc_row css=&#8220;.vc_custom_1631794159251{background-color: #f9f9f9 !important;}&#8220;][vc_column][vc_column_text] WIE FUNKTIONIERT ES &nbsp; Kommen Sie zum AMAZON LOCKER im Grand&#8217;Affi Shopping-Center und aktivieren Sie die Bluetooth-Verbindung Ihres Ger\u00e4ts. Um die Abholung zu starten, klicken Sie auf die Schaltfl\u00e4che &#8222;Abholung starten&#8220; in der von Amazon gesendeten Best\u00e4tigungs-E-Mail oder in der Shopping-App im Abschnitt &#8222;Mein Paket verfolgen&#8220; Wenn Sie m\u00f6chten, dass eine andere Person Ihr Paket abholt,&hellip;\" \/>\n<meta property=\"og:url\" content=\"https:\/\/grandaffi.it\/de\/amazonlocker\/\" \/>\n<meta property=\"og:site_name\" content=\"Grand&#039;Affi Shopping Center\" \/>\n<meta property=\"article:publisher\" content=\"https:\/\/www.facebook.com\/GrandAffiShoppingCenter\" \/>\n<meta property=\"article:modified_time\" content=\"2023-03-24T10:07:31+00:00\" \/>\n<meta property=\"og:image\" content=\"https:\/\/grandaffi.it\/wp-content\/uploads\/2025\/07\/logo-grandaffi-30.png\" \/>\n\t<meta property=\"og:image:width\" content=\"1546\" \/>\n\t<meta property=\"og:image:height\" content=\"718\" \/>\n\t<meta property=\"og:image:type\" content=\"image\/png\" \/>\n<meta name=\"twitter:card\" content=\"summary_large_image\" \/>\n<meta name=\"twitter:site\" content=\"@grandaffi\" \/>\n<meta name=\"twitter:label1\" content=\"Gesch\u00e4tzte Lesezeit\" \/>\n\t<meta name=\"twitter:data1\" content=\"1\u00a0Minute\" \/>\n<script type=\"application\/ld+json\" class=\"yoast-schema-graph\">{\"@context\":\"https:\/\/schema.org\",\"@graph\":[{\"@type\":\"WebPage\",\"@id\":\"https:\/\/grandaffi.it\/de\/amazonlocker\/\",\"url\":\"https:\/\/grandaffi.it\/de\/amazonlocker\/\",\"name\":\"Amazon Locker - Grand&#039;Affi Shopping Center\",\"isPartOf\":{\"@id\":\"https:\/\/grandaffi.it\/de\/#website\"},\"datePublished\":\"2022-11-03T13:51:13+00:00\",\"dateModified\":\"2023-03-24T10:07:31+00:00\",\"breadcrumb\":{\"@id\":\"https:\/\/grandaffi.it\/de\/amazonlocker\/#breadcrumb\"},\"inLanguage\":\"de\",\"potentialAction\":[{\"@type\":\"ReadAction\",\"target\":[\"https:\/\/grandaffi.it\/de\/amazonlocker\/\"]}]},{\"@type\":\"BreadcrumbList\",\"@id\":\"https:\/\/grandaffi.it\/de\/amazonlocker\/#breadcrumb\",\"itemListElement\":[{\"@type\":\"ListItem\",\"position\":1,\"name\":\"Home\",\"item\":\"https:\/\/grandaffi.it\/de\/\"},{\"@type\":\"ListItem\",\"position\":2,\"name\":\"Amazon Locker\"}]},{\"@type\":\"WebSite\",\"@id\":\"https:\/\/grandaffi.it\/de\/#website\",\"url\":\"https:\/\/grandaffi.it\/de\/\",\"name\":\"Grand'Affi Shopping Center\",\"description\":\"Il centro commerciale su misura per te\",\"publisher\":{\"@id\":\"https:\/\/grandaffi.it\/de\/#organization\"},\"alternateName\":\"Il centro commerciale di Verona\",\"potentialAction\":[{\"@type\":\"SearchAction\",\"target\":{\"@type\":\"EntryPoint\",\"urlTemplate\":\"https:\/\/grandaffi.it\/de\/?s={search_term_string}\"},\"query-input\":{\"@type\":\"PropertyValueSpecification\",\"valueRequired\":true,\"valueName\":\"search_term_string\"}}],\"inLanguage\":\"de\"},{\"@type\":\"Organization\",\"@id\":\"https:\/\/grandaffi.it\/de\/#organization\",\"name\":\"Grand'Affi Shopping Center\",\"url\":\"https:\/\/grandaffi.it\/de\/\",\"logo\":{\"@type\":\"ImageObject\",\"inLanguage\":\"de\",\"@id\":\"https:\/\/grandaffi.it\/de\/#\/schema\/logo\/image\/\",\"url\":\"https:\/\/grandaffi.it\/wp-content\/uploads\/2025\/07\/logo-grandaffi-30.png\",\"contentUrl\":\"https:\/\/grandaffi.it\/wp-content\/uploads\/2025\/07\/logo-grandaffi-30.png\",\"width\":1546,\"height\":718,\"caption\":\"Grand'Affi Shopping Center\"},\"image\":{\"@id\":\"https:\/\/grandaffi.it\/de\/#\/schema\/logo\/image\/\"},\"sameAs\":[\"https:\/\/www.facebook.com\/GrandAffiShoppingCenter\",\"https:\/\/x.com\/grandaffi\",\"https:\/\/www.instagram.com\/grand_affi_shopping_center\/?hl=it\"]}]}<\/script>\n<!-- \/ Yoast SEO plugin. -->","yoast_head_json":{"title":"Amazon Locker - Grand&#039;Affi Shopping Center","robots":{"index":"index","follow":"follow","max-snippet":"max-snippet:-1","max-image-preview":"max-image-preview:large","max-video-preview":"max-video-preview:-1"},"canonical":"https:\/\/grandaffi.it\/de\/amazonlocker\/","og_locale":"de_DE","og_type":"article","og_title":"Amazon Locker - Grand&#039;Affi Shopping Center","og_description":"[vc_row][vc_column][\/vc_column][\/vc_row][vc_row][vc_column][\/vc_column][\/vc_row][vc_row css=&#8220;.vc_custom_1631794159251{background-color: #f9f9f9 !important;}&#8220;][vc_column][vc_column_text] WIE FUNKTIONIERT ES &nbsp; Kommen Sie zum AMAZON LOCKER im Grand&#8217;Affi Shopping-Center und aktivieren Sie die Bluetooth-Verbindung Ihres Ger\u00e4ts. Um die Abholung zu starten, klicken Sie auf die Schaltfl\u00e4che &#8222;Abholung starten&#8220; in der von Amazon gesendeten Best\u00e4tigungs-E-Mail oder in der Shopping-App im Abschnitt &#8222;Mein Paket verfolgen&#8220; Wenn Sie m\u00f6chten, dass eine andere Person Ihr Paket abholt,&hellip;","og_url":"https:\/\/grandaffi.it\/de\/amazonlocker\/","og_site_name":"Grand&#039;Affi Shopping Center","article_publisher":"https:\/\/www.facebook.com\/GrandAffiShoppingCenter","article_modified_time":"2023-03-24T10:07:31+00:00","og_image":[{"width":1546,"height":718,"url":"https:\/\/grandaffi.it\/wp-content\/uploads\/2025\/07\/logo-grandaffi-30.png","type":"image\/png"}],"twitter_card":"summary_large_image","twitter_site":"@grandaffi","twitter_misc":{"Gesch\u00e4tzte Lesezeit":"1\u00a0Minute"},"schema":{"@context":"https:\/\/schema.org","@graph":[{"@type":"WebPage","@id":"https:\/\/grandaffi.it\/de\/amazonlocker\/","url":"https:\/\/grandaffi.it\/de\/amazonlocker\/","name":"Amazon Locker - Grand&#039;Affi Shopping Center","isPartOf":{"@id":"https:\/\/grandaffi.it\/de\/#website"},"datePublished":"2022-11-03T13:51:13+00:00","dateModified":"2023-03-24T10:07:31+00:00","breadcrumb":{"@id":"https:\/\/grandaffi.it\/de\/amazonlocker\/#breadcrumb"},"inLanguage":"de","potentialAction":[{"@type":"ReadAction","target":["https:\/\/grandaffi.it\/de\/amazonlocker\/"]}]},{"@type":"BreadcrumbList","@id":"https:\/\/grandaffi.it\/de\/amazonlocker\/#breadcrumb","itemListElement":[{"@type":"ListItem","position":1,"name":"Home","item":"https:\/\/grandaffi.it\/de\/"},{"@type":"ListItem","position":2,"name":"Amazon Locker"}]},{"@type":"WebSite","@id":"https:\/\/grandaffi.it\/de\/#website","url":"https:\/\/grandaffi.it\/de\/","name":"Grand'Affi Shopping Center","description":"Il centro commerciale su misura per te","publisher":{"@id":"https:\/\/grandaffi.it\/de\/#organization"},"alternateName":"Il centro commerciale di Verona","potentialAction":[{"@type":"SearchAction","target":{"@type":"EntryPoint","urlTemplate":"https:\/\/grandaffi.it\/de\/?s={search_term_string}"},"query-input":{"@type":"PropertyValueSpecification","valueRequired":true,"valueName":"search_term_string"}}],"inLanguage":"de"},{"@type":"Organization","@id":"https:\/\/grandaffi.it\/de\/#organization","name":"Grand'Affi Shopping Center","url":"https:\/\/grandaffi.it\/de\/","logo":{"@type":"ImageObject","inLanguage":"de","@id":"https:\/\/grandaffi.it\/de\/#\/schema\/logo\/image\/","url":"https:\/\/grandaffi.it\/wp-content\/uploads\/2025\/07\/logo-grandaffi-30.png","contentUrl":"https:\/\/grandaffi.it\/wp-content\/uploads\/2025\/07\/logo-grandaffi-30.png","width":1546,"height":718,"caption":"Grand'Affi Shopping Center"},"image":{"@id":"https:\/\/grandaffi.it\/de\/#\/schema\/logo\/image\/"},"sameAs":["https:\/\/www.facebook.com\/GrandAffiShoppingCenter","https:\/\/x.com\/grandaffi","https:\/\/www.instagram.com\/grand_affi_shopping_center\/?hl=it"]}]}},"_links":{"self":[{"href":"https:\/\/grandaffi.it\/de\/wp-json\/wp\/v2\/pages\/8959","targetHints":{"allow":["GET"]}}],"collection":[{"href":"https:\/\/grandaffi.it\/de\/wp-json\/wp\/v2\/pages"}],"about":[{"href":"https:\/\/grandaffi.it\/de\/wp-json\/wp\/v2\/types\/page"}],"author":[{"embeddable":true,"href":"https:\/\/grandaffi.it\/de\/wp-json\/wp\/v2\/users\/1"}],"replies":[{"embeddable":true,"href":"https:\/\/grandaffi.it\/de\/wp-json\/wp\/v2\/comments?post=8959"}],"version-history":[{"count":1,"href":"https:\/\/grandaffi.it\/de\/wp-json\/wp\/v2\/pages\/8959\/revisions"}],"predecessor-version":[{"id":19622,"href":"https:\/\/grandaffi.it\/de\/wp-json\/wp\/v2\/pages\/8959\/revisions\/19622"}],"wp:attachment":[{"href":"https:\/\/grandaffi.it\/de\/wp-json\/wp\/v2\/media?parent=8959"}],"curies":[{"name":"wp","href":"https:\/\/api.w.org\/{rel}","templated":true}]}}